{"id":3009,"date":"2022-01-17T08:45:06","date_gmt":"2022-01-17T08:45:06","guid":{"rendered":"https:\/\/www.fc.up.pt\/dfa\/?page_id=3009"},"modified":"2022-03-15T09:48:13","modified_gmt":"2022-03-15T09:48:13","slug":"2022-cern-mastersclass","status":"publish","type":"page","link":"https:\/\/www.fc.up.pt\/dfa\/comunicacao\/acoes-e-eventos\/cern-masterclass\/2022-cern-mastersclass\/","title":{"rendered":"2022 | CERN MasterClass"},"content":{"rendered":"\n<p>O Departamento de F\u00edsica e Astronomia da Faculdade de Ci\u00eancias da Universidade do Porto e o CERN, em colabora\u00e7\u00e3o com a Sociedade Portuguesa de F\u00edsica (SPF) e o Laborat\u00f3rio de Instrumenta\u00e7\u00e3o e F\u00edsica Experimental de Part\u00edculas (LIP), v\u00eam oferecer a estudantes do ensino secund\u00e1rio a possibilidade de serem F\u00edsicos de Part\u00edculas por um dia; &nbsp;<a href=\"https:\/\/pages.lip.pt\/masterclasses\/objetivos\/\" target=\"_blank\" rel=\"noreferrer noopener\"><strong>MasterClasses \u2013 Com as m\u00e3os nas Part\u00edculas!<\/strong><\/a><\/p>\n\n\n\n<figure class=\"wp-block-image size-large\"><a href=\"https:\/\/pages.lip.pt\/masterclasses\/objetivos\/\"><img loading=\"lazy\" decoding=\"async\" width=\"1260\" height=\"266\" src=\"https:\/\/www.fc.up.pt\/dfa\/wp-content\/uploads\/MasterClasses2022_banner-1260x266.png\" alt=\"\" class=\"wp-image-3135\" srcset=\"https:\/\/www.fc.up.pt\/dfa\/wp-content\/uploads\/MasterClasses2022_banner-1260x266.png 1260w, https:\/\/www.fc.up.pt\/dfa\/wp-content\/uploads\/MasterClasses2022_banner-300x63.png 300w, https:\/\/www.fc.up.pt\/dfa\/wp-content\/uploads\/MasterClasses2022_banner-152x32.png 152w, https:\/\/www.fc.up.pt\/dfa\/wp-content\/uploads\/MasterClasses2022_banner-768x162.png 768w, https:\/\/www.fc.up.pt\/dfa\/wp-content\/uploads\/MasterClasses2022_banner-1536x324.png 1536w, https:\/\/www.fc.up.pt\/dfa\/wp-content\/uploads\/MasterClasses2022_banner-2048x432.png 2048w\" sizes=\"auto, (max-width: 1260px) 100vw, 1260px\" \/><\/a><\/figure>\n\n\n\n<p>A 18\u00aa edi\u00e7\u00e3o das \u201cCERN\u2019s MasterClasses \u2013 Porto 2022\u201d no Porto, decorrer\u00e1 a <strong>19 de mar\u00e7o de 2022, <\/strong>no Departamento de F\u00edsica e Astronomia da FCUP, da Faculdade de Ci\u00eancias da Universidade do Porto, se as condi\u00e7\u00f5es assim permitiram. Em alternativa poder\u00e3o realizar-se online.<\/p>\n\n\n\n<h2 class=\"wp-block-heading\" id=\"o-que-sao-as-masterclasses\"><strong>o que s\u00e3o as masterclasses<\/strong><\/h2>\n\n\n\n<p>Os participantes nas MasterClasses vivem um dia t\u00edpico da atividade de um F\u00edsico de Part\u00edculas:<\/p>\n\n\n\n<p>&#8211; assistem a palestras sobre F\u00edsica de Part\u00edculas e sobre t\u00e9cnicas de an\u00e1lise de acontecimentos (<em>a aprendizagem<\/em>);<\/p>\n\n\n\n<p>&#8211; fazem um trabalho de an\u00e1lise em computador de dados das experi\u00eancias do acelerador LHC do CERN (<em>a an\u00e1lise de dados<\/em>);<\/p>\n\n\n\n<p>&#8211; interv\u00eam numa videoconfer\u00eancia com o CERN e outros institutos europeus nos quais esta atividade se realiza em simult\u00e2neo, discutindo os resultados das suas an\u00e1lises (<em>a divulga\u00e7\u00e3o, a discuss\u00e3o publica dos resultados e a valida\u00e7\u00e3o do trabalho<\/em>).<\/p>\n\n\n\n<h2 class=\"wp-block-heading\" id=\"quem-pode-concorrer\"><strong>quem pode concorrer<\/strong><\/h2>\n\n\n\n<p>Podem candidatar-se os estudantes do 11\u00ba e do 12\u00ba ano do ensino secund\u00e1rio, entre os 15 e os 18 anos de idade, que estejam fortemente motivados para a F\u00edsica, e em particular para a F\u00edsica de Part\u00edculas. &nbsp;As vagas est\u00e3o limitadas a 80 participantes.<\/p>\n\n\n\n<p>Os professores que acompanham os estudantes podem, mediante inscri\u00e7\u00e3o, participar na palestra de divulga\u00e7\u00e3o que ir\u00e1 decorrer da parte da manh\u00e3 (a confirmar).<\/p>\n\n\n\n<p>Sugere-se a todos a consulta o material de apoio dispon\u00edvel na p\u00e1gina<\/p>\n\n\n\n<p class=\"has-text-align-center\"><a href=\"https:\/\/physicsmasterclasses.org\/\">https:\/\/physicsmasterclasses.org\/<\/a><\/p>\n\n\n\n<p>Quem estiver interessado poder\u00e1 fazer uma<strong> <a href=\"https:\/\/indico.cern.ch\/event\/1132304\/\">Visita virtual aberta a ATLAS em L\u00edngua Portuguesa<\/a>.<\/strong><\/p>\n\n\n\n<h2 class=\"wp-block-heading\" id=\"para-se-inscrever\"><strong>para se inscrever<\/strong> <\/h2>\n\n\n\n<p class=\"has-text-align-center\"><strong>estudantes<\/strong> (inscri\u00e7\u00f5es encerradas)<\/p>\n\n\n\n<p class=\"has-text-align-center\"><strong>professores acompanhantes<\/strong> (inscri\u00e7\u00f5es encerradas)<\/p>\n\n\n\n<h2 class=\"wp-block-heading\" id=\"datas-importantes\"><strong>datas importantes<\/strong><\/h2>\n\n\n\n<p>Prazo de inscri\u00e7\u00e3o: de 17 de janeiro a 15 de fevereiro de 2022.<\/p>\n\n\n\n<p>Comunica\u00e7\u00e3o dos resultados: 24 de fevereiro de 2022.<\/p>\n\n\n\n<p>Data do evento: 19 de mar\u00e7o de 2022<\/p>\n\n\n\n<p><\/p>\n\n\n\n<p><\/p>\n\n\n\n<h2 class=\"wp-block-heading\">Programa<\/h2>\n\n\n\n<p>08h30 &#8211; rece\u00e7\u00e3o no DFA, piso -1<\/p>\n\n\n\n<p>09h15 &#8211; Abertura e Boas Vindas \u2013 DFA-1.20<\/p>\n\n\n\n<p>09h30 &#8211; Introdu\u00e7\u00e3o \u00e0 F\u00edsica de Part\u00edculas &nbsp;&#8211; <em>Nuno Castro<\/em><\/p>\n\n\n\n<p>10h45 &#8211; Aceleradores e Detetores &#8211; <em>Raul Sarmento<\/em><\/p>\n\n\n\n<p>11h45 \u2013 pausa\/almo\u00e7o<\/p>\n\n\n\n<p>13h30 &#8211; An\u00e1lise de Dados&nbsp; (atividade Experimental)<\/p>\n\n\n\n<p>13:30&nbsp;&nbsp; O que \u00e9 a gravidade (palestra para professores) \u2013 <em>Miguel S. Costa.<\/em><\/p>\n\n\n\n<p>14h30 &#8211; Reagrupamento de todos os alunos e discuss\u00e3o \u201clocal\u201d dos resultados.<\/p>\n\n\n\n<p>15h00 &#8211; Videoconfer\u00eancia com Cientistas do CERN<\/p>\n\n\n\n<p>17h00 \u2013 Encerramento<\/p>\n\n\n\n<p>17:10 \u2013 Participa\u00e7\u00e3o num inqu\u00e9rito\/teste \u2013 <em>Paulo Sime\u00e3o<\/em><\/p>\n","protected":false},"excerpt":{"rendered":"<p>O Departamento de F\u00edsica e Astronomia da Faculdade de Ci\u00eancias da Universidade do Porto e o CERN, em colabora\u00e7\u00e3o com a Sociedade Portuguesa de F\u00edsica (SPF) e o Laborat\u00f3rio de Instrumenta\u00e7\u00e3o e F\u00edsica Experimental de Part\u00edculas (LIP), v\u00eam oferecer a estudantes do ensino secund\u00e1rio a possibilidade de serem F\u00edsicos de Part\u00edculas por um dia; &nbsp;MasterClasses &hellip;<br \/><a href=\"https:\/\/www.fc.up.pt\/dfa\/comunicacao\/acoes-e-eventos\/cern-masterclass\/2022-cern-mastersclass\/\" class=\"more-link pen_button pen_element_default pen_icon_arrow_double\">Continue reading <span class=\"screen-reader-text\">2022 | CERN MasterClass<\/span><\/a><\/p>\n","protected":false},"author":2,"featured_media":1220,"parent":253,"menu_order":1,"comment_status":"closed","ping_status":"closed","template":"","meta":{"footnotes":""},"class_list":["post-3009","page","type-page","status-publish","has-post-thumbnail","hentry"],"_links":{"self":[{"href":"https:\/\/www.fc.up.pt\/dfa\/wp-json\/wp\/v2\/pages\/3009","targetHints":{"allow":["GET"]}}],"collection":[{"href":"https:\/\/www.fc.up.pt\/dfa\/wp-json\/wp\/v2\/pages"}],"about":[{"href":"https:\/\/www.fc.up.pt\/dfa\/wp-json\/wp\/v2\/types\/page"}],"author":[{"embeddable":true,"href":"https:\/\/www.fc.up.pt\/dfa\/wp-json\/wp\/v2\/users\/2"}],"replies":[{"embeddable":true,"href":"https:\/\/www.fc.up.pt\/dfa\/wp-json\/wp\/v2\/comments?post=3009"}],"version-history":[{"count":12,"href":"https:\/\/www.fc.up.pt\/dfa\/wp-json\/wp\/v2\/pages\/3009\/revisions"}],"predecessor-version":[{"id":3438,"href":"https:\/\/www.fc.up.pt\/dfa\/wp-json\/wp\/v2\/pages\/3009\/revisions\/3438"}],"up":[{"embeddable":true,"href":"https:\/\/www.fc.up.pt\/dfa\/wp-json\/wp\/v2\/pages\/253"}],"wp:featuredmedia":[{"embeddable":true,"href":"https:\/\/www.fc.up.pt\/dfa\/wp-json\/wp\/v2\/media\/1220"}],"wp:attachment":[{"href":"https:\/\/www.fc.up.pt\/dfa\/wp-json\/wp\/v2\/media?parent=3009"}],"curies":[{"name":"wp","href":"https:\/\/api.w.org\/{rel}","templated":true}]}}