{"id":3,"date":"2021-06-30T11:36:43","date_gmt":"2021-06-30T10:36:43","guid":{"rendered":"https:\/\/www.fc.up.pt\/dfa\/?page_id=3"},"modified":"2022-03-02T18:33:58","modified_gmt":"2022-03-02T18:33:58","slug":"privacidade","status":"publish","type":"page","link":"https:\/\/www.fc.up.pt\/dfa\/noticias\/privacidade\/","title":{"rendered":"Privacidade &#038; Cr\u00e9ditos"},"content":{"rendered":"\n<h2 class=\"wp-block-heading\">Quem somos<\/h2>\n\n\n\n<p>O endere\u00e7o do nosso site \u00e9: https:\/\/www.fc.up.pt\/dfa<\/p>\n\n\n\n<h2 class=\"wp-block-heading\">Prote\u00e7\u00e3o de dados<\/h2>\n\n\n\n<p>Este site segue a <a rel=\"noreferrer noopener\" href=\"https:\/\/sigarra.up.pt\/up\/pt\/web_base.gera_pagina?p_pagina=politica-protecao-dados-pessoais\" target=\"_blank\">pol\u00edtica de prote\u00e7\u00e3o de dados<\/a> da Universidade do Porto.<\/p>\n\n\n\n<h2 class=\"wp-block-heading\">Cookies<\/h2>\n\n\n\n<p>Se visitar a p\u00e1gina de in\u00edcio de sess\u00e3o, ser\u00e1 configurado um cookie tempor\u00e1rio para determinar se o seu navegador aceita cookies. Este cookie n\u00e3o cont\u00e9m dados pessoais e ser\u00e1 eliminado ao fechar o seu navegador.<\/p>\n\n\n\n<h2 class=\"wp-block-heading\">Imagens<\/h2>\n\n\n\n<p>As imagens usadas neste site est\u00e3o sujeitas a direitos de autor, nomeadamente da <a rel=\"noreferrer noopener\" href=\"https:\/\/www.fc.up.pt\/\" target=\"_blank\">@FCUP<\/a>, do <a rel=\"noreferrer noopener\" href=\"https:\/\/pixabay.com\/\" target=\"_blank\">@Pixabay<\/a>, do <a rel=\"noreferrer noopener\" href=\"https:\/\/www.shutterstock.com\/\" target=\"_blank\">@Shutterstock<\/a>, da <a rel=\"noreferrer noopener\" href=\"https:\/\/www.esa.int\" target=\"_blank\">@ESA<\/a>, do <a rel=\"noreferrer noopener\" href=\"https:\/\/www.eso.org\/\" target=\"_blank\">@ESO<\/a>, do <a rel=\"noreferrer noopener\" href=\"https:\/\/home.cern\" target=\"_blank\">@CERN<\/a>, da <a href=\"https:\/\/www.casadasciencias.org\" target=\"_blank\" rel=\"noreferrer noopener\">@Casa das Ci\u00eancias<\/a>, ou de quem as produziu.<\/p>\n","protected":false},"excerpt":{"rendered":"<p>Quem somos O endere\u00e7o do nosso site \u00e9: https:\/\/www.fc.up.pt\/dfa Prote\u00e7\u00e3o de dados Este site segue a pol\u00edtica de prote\u00e7\u00e3o de dados da Universidade do Porto. Cookies Se visitar a p\u00e1gina de in\u00edcio de sess\u00e3o, ser\u00e1 configurado um cookie tempor\u00e1rio para determinar se o seu navegador aceita cookies. Este cookie n\u00e3o cont\u00e9m dados pessoais e ser\u00e1 &hellip;<br \/><a href=\"https:\/\/www.fc.up.pt\/dfa\/noticias\/privacidade\/\" class=\"more-link pen_button pen_element_default pen_icon_arrow_double\">Continue reading <span class=\"screen-reader-text\">Privacidade &#038; Cr\u00e9ditos<\/span><\/a><\/p>\n","protected":false},"author":2,"featured_media":338,"parent":109,"menu_order":4,"comment_status":"closed","ping_status":"closed","template":"","meta":{"footnotes":""},"class_list":["post-3","page","type-page","status-publish","has-post-thumbnail","hentry"],"_links":{"self":[{"href":"https:\/\/www.fc.up.pt\/dfa\/wp-json\/wp\/v2\/pages\/3","targetHints":{"allow":["GET"]}}],"collection":[{"href":"https:\/\/www.fc.up.pt\/dfa\/wp-json\/wp\/v2\/pages"}],"about":[{"href":"https:\/\/www.fc.up.pt\/dfa\/wp-json\/wp\/v2\/types\/page"}],"author":[{"embeddable":true,"href":"https:\/\/www.fc.up.pt\/dfa\/wp-json\/wp\/v2\/users\/2"}],"replies":[{"embeddable":true,"href":"https:\/\/www.fc.up.pt\/dfa\/wp-json\/wp\/v2\/comments?post=3"}],"version-history":[{"count":11,"href":"https:\/\/www.fc.up.pt\/dfa\/wp-json\/wp\/v2\/pages\/3\/revisions"}],"predecessor-version":[{"id":3296,"href":"https:\/\/www.fc.up.pt\/dfa\/wp-json\/wp\/v2\/pages\/3\/revisions\/3296"}],"up":[{"embeddable":true,"href":"https:\/\/www.fc.up.pt\/dfa\/wp-json\/wp\/v2\/pages\/109"}],"wp:featuredmedia":[{"embeddable":true,"href":"https:\/\/www.fc.up.pt\/dfa\/wp-json\/wp\/v2\/media\/338"}],"wp:attachment":[{"href":"https:\/\/www.fc.up.pt\/dfa\/wp-json\/wp\/v2\/media?parent=3"}],"curies":[{"name":"wp","href":"https:\/\/api.w.org\/{rel}","templated":true}]}}