{"id":286,"date":"2021-09-09T18:50:02","date_gmt":"2021-09-09T17:50:02","guid":{"rendered":"https:\/\/www.fc.up.pt\/dfa\/?page_id=286"},"modified":"2022-08-31T17:25:14","modified_gmt":"2022-08-31T16:25:14","slug":"descricao","status":"publish","type":"page","link":"https:\/\/www.fc.up.pt\/dfa\/departamento\/descricao\/","title":{"rendered":"Miss\u00e3o e Hist\u00f3ria"},"content":{"rendered":"\n<div class=\"wp-block-group\"><div class=\"wp-block-group__inner-container is-layout-flow wp-block-group-is-layout-flow\">\n<h1 class=\"wp-block-heading\" id=\"parent-fieldname-title\">Miss\u00e3o<\/h1>\n\n\n\n<p>Entre outros, os objetivos deste Departamento da <strong>Faculdade de Ci\u00eancias da Universidade do Porto<\/strong>, s\u00e3o:<\/p>\n\n\n\n<figure class=\"wp-block-image size-full is-style-rounded\"><img loading=\"lazy\" decoding=\"async\" width=\"1260\" height=\"160\" src=\"https:\/\/www.fc.up.pt\/dfa\/wp-content\/uploads\/Banner_Estudar.png\" alt=\"\" class=\"wp-image-782\" srcset=\"https:\/\/www.fc.up.pt\/dfa\/wp-content\/uploads\/Banner_Estudar.png 1260w, https:\/\/www.fc.up.pt\/dfa\/wp-content\/uploads\/Banner_Estudar-300x38.png 300w, https:\/\/www.fc.up.pt\/dfa\/wp-content\/uploads\/Banner_Estudar-152x19.png 152w, https:\/\/www.fc.up.pt\/dfa\/wp-content\/uploads\/Banner_Estudar-768x98.png 768w\" sizes=\"auto, (max-width: 1260px) 100vw, 1260px\" \/><\/figure>\n\n\n\n<ul class=\"wp-block-list\"><li>Realizar <strong>forma\u00e7\u00e3o de qualidade de n\u00edvel pr\u00e9 e p\u00f3s-graduado<\/strong> em todas as <a data-type=\"page\" data-id=\"380\" href=\"https:\/\/www.fc.up.pt\/dfa\/formacao\/areas-disciplinares\/\"><strong>\u00e1reas disciplinares de forma\u00e7\u00e3o<\/strong><\/a><strong> <\/strong>no \u00e2mbito da <strong>F\u00edsica, Astronomia, e Engenharia F\u00edsica<\/strong>, com forte suporte na investiga\u00e7\u00e3o realizada nos Institutos de Investiga\u00e7\u00e3o associados ao DFA.<\/li><\/ul>\n\n\n\n<ul class=\"wp-block-list\"><li>Apoiar&nbsp;a forma\u00e7\u00e3o inicial e em exerc\u00edcio de professores dos ensinos B\u00e1sico e Secund\u00e1rio de F\u00edsico-Qu\u00edmicas. Promover a investiga\u00e7\u00e3o em Ensino da F\u00edsica e fomentar o desenvolvimento de novos materiais e metodologias desta \u00e1rea de Ensino.<\/li><\/ul>\n\n\n\n<figure class=\"wp-block-image size-large is-style-rounded\"><img loading=\"lazy\" decoding=\"async\" width=\"1024\" height=\"130\" src=\"https:\/\/www.fc.up.pt\/dfa\/wp-content\/uploads\/ESO_Alma-1024x130.png\" alt=\"\" class=\"wp-image-334\" srcset=\"https:\/\/www.fc.up.pt\/dfa\/wp-content\/uploads\/ESO_Alma-1024x130.png 1024w, https:\/\/www.fc.up.pt\/dfa\/wp-content\/uploads\/ESO_Alma-300x38.png 300w, https:\/\/www.fc.up.pt\/dfa\/wp-content\/uploads\/ESO_Alma-768x98.png 768w, https:\/\/www.fc.up.pt\/dfa\/wp-content\/uploads\/ESO_Alma.png 1260w\" sizes=\"auto, (max-width: 1024px) 100vw, 1024px\" \/><\/figure>\n\n\n\n<ul class=\"wp-block-list\"><li>Promover, em colabora\u00e7\u00e3o com os <a data-type=\"page\" data-id=\"530\" href=\"https:\/\/www.fc.up.pt\/dfa\/investigacao\/institutos-id\/\">Institutos de Investiga\u00e7\u00e3o<\/a>, a <strong><a href=\"https:\/\/www.fc.up.pt\/dfa\/investigacao\/\">investiga\u00e7\u00e3o e o desenvolvimento<\/a><\/strong> nas \u00e1reas cient\u00edficas com express\u00e3o no DFA.<\/li><\/ul>\n\n\n\n<figure class=\"wp-block-image size-large is-style-rounded\"><img loading=\"lazy\" decoding=\"async\" width=\"1024\" height=\"130\" src=\"https:\/\/www.fc.up.pt\/dfa\/wp-content\/uploads\/EVF_2021-1024x130.png\" alt=\"\" class=\"wp-image-351\" srcset=\"https:\/\/www.fc.up.pt\/dfa\/wp-content\/uploads\/EVF_2021-1024x130.png 1024w, https:\/\/www.fc.up.pt\/dfa\/wp-content\/uploads\/EVF_2021-300x38.png 300w, https:\/\/www.fc.up.pt\/dfa\/wp-content\/uploads\/EVF_2021-768x98.png 768w, https:\/\/www.fc.up.pt\/dfa\/wp-content\/uploads\/EVF_2021.png 1260w\" sizes=\"auto, (max-width: 1024px) 100vw, 1024px\" \/><\/figure>\n\n\n\n<ul class=\"wp-block-list\"><li><a data-type=\"page\" data-id=\"214\" href=\"https:\/\/www.fc.up.pt\/dfa\/comunicacao\/\"><strong>Promover a perce\u00e7\u00e3o p\u00fablica<\/strong><\/a> da <strong>import\u00e2ncia social, cultural e econ\u00f3mica das suas \u00e1reas de interven\u00e7\u00e3o<\/strong>.<\/li><\/ul>\n<\/div><\/div>\n\n\n\n<hr class=\"wp-block-separator has-text-color has-background has-pale-cyan-blue-background-color has-pale-cyan-blue-color is-style-default\"\/>\n\n\n\n<div class=\"wp-block-group\"><div class=\"wp-block-group__inner-container is-layout-flow wp-block-group-is-layout-flow\"><\/div><\/div>\n\n\n\n<h1 class=\"wp-block-heading\">Hist\u00f3ria<\/h1>\n\n\n\n<p>O atual Departamento de F\u00edsica e Astronomia resultou de uma reestrutura\u00e7\u00e3o da Faculdade de Ci\u00eancias em 2010, que juntou o Departamento de F\u00edsica ao grupo de Astronomia (do antigo Departamento de Matem\u00e1tica Aplicada). Para mais alguns detalhes sobre a evolu\u00e7\u00e3o da estrutura da faculdade, que trouxe ao atual departamento, ver o <a href=\"https:\/\/www.fc.up.pt\/dfa\/departamento\/gestao-departamental\/historico-de-diretores\/\">hist\u00f3rico de Diretores<\/a> desde 1911 e a lista de alguns dos<a href=\"https:\/\/www.fc.up.pt\/dfa\/departamento\/equipa\/docentes\/docentes-anteriores\/\"> antigos professores<\/a> que integram essa hist\u00f3ria.<\/p>\n\n\n\n<p>As ra\u00edzes do Departamento de F\u00edsica remontam \u00e0 Funda\u00e7\u00e3o da Universidade do Porto, em 1911, tendo sido criado ent\u00e3o o <strong>Grupo de F\u00edsica<\/strong> na Faculdade de Ci\u00eancias, no \u00e2mbito das Ci\u00eancias F\u00edsica-Qu\u00edmicas. No final dos anos 60, sob a <a data-type=\"page\" data-id=\"301\" href=\"https:\/\/www.fc.up.pt\/dfa\/departamento\/equipa\/docentes\/docentes-anteriores\/\">lideran\u00e7a do Prof. Jos\u00e9 Moreira de Ara\u00fajo<\/a>, registou-se um aumento significativo da atividade do Departamento de F\u00edsica, nomeadamente atrav\u00e9s de doutoramentos de docentes em prestigiadas universidades estrangeiras, com reflexos no lan\u00e7amento de atividades de investiga\u00e7\u00e3o e renova\u00e7\u00e3o curricular das licenciaturas em F\u00edsica. Foram criadas, ent\u00e3o, algumas infraestruturas essenciais de investiga\u00e7\u00e3o experimental, bem como expandidos consideravelmente servi\u00e7os de apoio (oficinas, biblioteca). \u00c9 no \u00e2mbito do grupo de F\u00edsica que a forma\u00e7\u00e3o em f\u00edsica se afirma com a cria\u00e7\u00e3o da Licenciatura em F\u00edsica em 1964.<\/p>\n\n\n\n<p>As ra\u00edzes da \u00e1rea de Astronomia est\u00e3o tamb\u00e9m na funda\u00e7\u00e3o da Faculdade em 1911, com a cria\u00e7\u00e3o do <strong>Grupo de Mec\u00e2nica e Astronomia<\/strong>, no \u00e2mbito das Ci\u00eancias Matem\u00e1ticas. Este viria a estar na origem da cria\u00e7\u00e3o, em 1948, do Observat\u00f3rio Astron\u00f3mico da Faculdade, uma iniciativa liderada pelo Prof. Manuel Gon\u00e7alves Pereira de Barros. A Astronomia moderna, e em particular a Astrof\u00edsica, surge nos anos 80 do s\u00e9culo XX no Grupo de Matem\u00e1tica Aplicada (sucessor do grupo de Mec\u00e2nica e Astronomia), impulsionada pela cria\u00e7\u00e3o da Licenciatura em F\u00edsica\/Matem\u00e1tica Aplicada &#8211; Astronomia (recebe estudantes pela primeira vez em 1984), uma colabora\u00e7\u00e3o entre os dois Grupos envolvidos.<\/p>\n","protected":false},"excerpt":{"rendered":"<p>Miss\u00e3o Entre outros, os objetivos deste Departamento da Faculdade de Ci\u00eancias da Universidade do Porto, s\u00e3o: Realizar forma\u00e7\u00e3o de qualidade de n\u00edvel pr\u00e9 e p\u00f3s-graduado em todas as \u00e1reas disciplinares de forma\u00e7\u00e3o no \u00e2mbito da F\u00edsica, Astronomia, e Engenharia F\u00edsica, com forte suporte na investiga\u00e7\u00e3o realizada nos Institutos de Investiga\u00e7\u00e3o associados ao DFA. Apoiar&nbsp;a forma\u00e7\u00e3o &hellip;<br \/><a href=\"https:\/\/www.fc.up.pt\/dfa\/departamento\/descricao\/\" class=\"more-link pen_button pen_element_default pen_icon_arrow_double\">Continue reading <span class=\"screen-reader-text\">Miss\u00e3o e Hist\u00f3ria<\/span><\/a><\/p>\n","protected":false},"author":2,"featured_media":661,"parent":2,"menu_order":1,"comment_status":"closed","ping_status":"closed","template":"","meta":{"footnotes":""},"class_list":["post-286","page","type-page","status-publish","has-post-thumbnail","hentry"],"_links":{"self":[{"href":"https:\/\/www.fc.up.pt\/dfa\/wp-json\/wp\/v2\/pages\/286","targetHints":{"allow":["GET"]}}],"collection":[{"href":"https:\/\/www.fc.up.pt\/dfa\/wp-json\/wp\/v2\/pages"}],"about":[{"href":"https:\/\/www.fc.up.pt\/dfa\/wp-json\/wp\/v2\/types\/page"}],"author":[{"embeddable":true,"href":"https:\/\/www.fc.up.pt\/dfa\/wp-json\/wp\/v2\/users\/2"}],"replies":[{"embeddable":true,"href":"https:\/\/www.fc.up.pt\/dfa\/wp-json\/wp\/v2\/comments?post=286"}],"version-history":[{"count":29,"href":"https:\/\/www.fc.up.pt\/dfa\/wp-json\/wp\/v2\/pages\/286\/revisions"}],"predecessor-version":[{"id":4064,"href":"https:\/\/www.fc.up.pt\/dfa\/wp-json\/wp\/v2\/pages\/286\/revisions\/4064"}],"up":[{"embeddable":true,"href":"https:\/\/www.fc.up.pt\/dfa\/wp-json\/wp\/v2\/pages\/2"}],"wp:featuredmedia":[{"embeddable":true,"href":"https:\/\/www.fc.up.pt\/dfa\/wp-json\/wp\/v2\/media\/661"}],"wp:attachment":[{"href":"https:\/\/www.fc.up.pt\/dfa\/wp-json\/wp\/v2\/media?parent=286"}],"curies":[{"name":"wp","href":"https:\/\/api.w.org\/{rel}","templated":true}]}}