{"id":255,"date":"2021-09-09T15:07:42","date_gmt":"2021-09-09T14:07:42","guid":{"rendered":"https:\/\/www.fc.up.pt\/dfa\/?page_id=255"},"modified":"2026-03-11T09:49:05","modified_gmt":"2026-03-11T09:49:05","slug":"evf","status":"publish","type":"page","link":"https:\/\/www.fc.up.pt\/dfa\/comunicacao\/acoes-e-eventos\/evf\/","title":{"rendered":"Escola de Ver\u00e3o de F\u00edsica"},"content":{"rendered":"\n<h2 class=\"wp-block-heading\"><strong><a href=\"https:\/\/docs.google.com\/forms\/d\/e\/1FAIpQLSfxW5GXTKxdCh5xtOc9tOj-xiF0-p1SWFEA-MREB1T4XI6Myw\/viewform?usp=sharing\">CANDIDATURAS 2026<\/a><\/strong><\/h2>\n\n\n\n<p id=\"description-55a63b5e8479875caf60eec8618cc4c4\">A primeira edi\u00e7\u00e3o da&nbsp;<strong>Escola de Ver\u00e3o de F\u00edsica<\/strong>&nbsp;(<a href=\"https:\/\/e-fisica.fc.up.pt\/\" target=\"_blank\" rel=\"noreferrer noopener\">site da escola<\/a>) realizou-se em 2005 (ver <a href=\"https:\/\/www.fc.up.pt\/dfa\/comunicacao\/acoes-e-eventos\/evf\/edicoes-da-escola-de-verao-de-fisica\/\">lista das edi\u00e7\u00f5es anteriores<\/a>), introduzindo uma maneira inovadora de fazer divulga\u00e7\u00e3o cient\u00edfica. Os melhores estudantes do secund\u00e1rio s\u00e3o desafiados a passar uma semana em trabalho intenso, assistindo a cursos, a palestras e desenvolvendo um projeto cient\u00edfico sob a supervis\u00e3o de jovens investigadores. A Escola tem lugar anualmente no in\u00edcio de setembro.<\/p>\n\n\n<div class=\"wp-block-image is-style-rounded\">\n<figure class=\"aligncenter size-large is-resized\"><img loading=\"lazy\" decoding=\"async\" width=\"1024\" height=\"624\" src=\"https:\/\/www.fc.up.pt\/dfa\/wp-content\/uploads\/EVF_2019-1024x624.jpg\" alt=\"\" class=\"wp-image-453\" style=\"width:512px;height:312px\" srcset=\"https:\/\/www.fc.up.pt\/dfa\/wp-content\/uploads\/EVF_2019-1024x624.jpg 1024w, https:\/\/www.fc.up.pt\/dfa\/wp-content\/uploads\/EVF_2019-300x183.jpg 300w, https:\/\/www.fc.up.pt\/dfa\/wp-content\/uploads\/EVF_2019-768x468.jpg 768w, https:\/\/www.fc.up.pt\/dfa\/wp-content\/uploads\/EVF_2019-1536x936.jpg 1536w, https:\/\/www.fc.up.pt\/dfa\/wp-content\/uploads\/EVF_2019-2048x1248.jpg 2048w\" sizes=\"auto, (max-width: 1024px) 100vw, 1024px\" \/><\/figure>\n<\/div>\n\n\n<h3 class=\"wp-block-heading\" id=\"para-quem\">Para quem?<\/h3>\n\n\n\n<p><strong>Estudantes do secund\u00e1rio<\/strong>, (com prioridade para o 11\u00ba ano) com interesse pela Ci\u00eancia. Em edi\u00e7\u00f5es anteriores acolhemos estudantes de todo o pa\u00eds (Continente e Ilhas), dos pa\u00edses Africanos de L\u00edngua Oficial Portuguesa, de Macau, do Brasil e da Galiza.<\/p>\n\n\n\n<h3 class=\"wp-block-heading\" id=\"porque-a-fisica\">Porqu\u00ea a F\u00edsica?<\/h3>\n\n\n\n<p>A F\u00edsica \u00e9 uma disciplina com uma maneira muito particular de&nbsp;<strong>pensar<\/strong>&nbsp;e de&nbsp;<strong>fazer<\/strong>;&nbsp; o mundo concreto da nossa experi\u00eancia, do nosso quotidiano, da nossa tecnologia exprime-se atrav\u00e9s de leis e conceitos abstratos. Os F\u00edsicos exercem a sua atividade neste di\u00e1logo permanente entre a ac\u00e3o e o pensamento e criam por isso um abordagem muito particular aos problemas, que v\u00e3o desde a investiga\u00e7\u00e3o das leis fundamentais da natureza, da&nbsp; compreens\u00e3o do Cosmos, at\u00e9 \u00e0 cria\u00e7\u00e3o e desenvolvimento de novas tecnologias, da eletr\u00f3nica \u00e0 medicina.<\/p>\n\n\n\n<h3 class=\"wp-block-heading\" id=\"porque-esta-escola\">Porqu\u00ea esta Escola?<\/h3>\n\n\n\n<p>A escola proporciona uma experi\u00eancia do que \u00e9 ser F\u00edsico, Engenheiro F\u00edsico ou Astr\u00f3nomo. Os cursos avan\u00e7ados de Relatividade, Mec\u00e2nica Qu\u00e2ntica e Nanotecnologias, e Astrof\u00edsica estimulam a compreens\u00e3o de conceitos novos e a reflex\u00e3o cr\u00edtica sobre nossa perce\u00e7\u00e3o (convencional) da realidade; os projetos colocam os estudantes perante problemas concretos, que precisam de perceber, que s\u00f3 conseguem resolver em equipa, e cuja solu\u00e7\u00e3o&nbsp; tem de ser apresentada antes do final da Escola.<\/p>\n\n\n\n<p>A \u00faltima edi\u00e7\u00e3o, a <strong>20\u00aa EVF<\/strong>, realizou-se 24 a 29 de agosto de 2025, contando com a participa\u00e7\u00e3o de 71 estudantes oriundos de Portugal continental, Ilhas, Brasil, Fran\u00e7a, Alemanha e Galiza.<\/p>\n\n\n\n<h3 class=\"wp-block-heading\" id=\"proxima-edicao\">Pr\u00f3xima edi\u00e7\u00e3o<\/h3>\n\n\n\n<p>A pr\u00f3xima edi\u00e7\u00e3o, a 21\u00aa EVF j\u00e1 est\u00e1 em prepara\u00e7\u00e3o e ter\u00e1 lugar de <em><strong>23 a 28 de agosto de 2026.<\/strong><\/em><\/p>\n\n\n\n<h3 class=\"wp-block-heading\" id=\"portal-da-escola\">Portal da Escola<\/h3>\n\n\n\n<p><a href=\"http:\/\/e-fisica.fc.up.pt\/\"><strong>http:\/\/e-fisica.fc.up.pt<\/strong><\/a><\/p>\n\n\n\n<p><a href=\"https:\/\/docs.google.com\/forms\/d\/e\/1FAIpQLSfxW5GXTKxdCh5xtOc9tOj-xiF0-p1SWFEA-MREB1T4XI6Myw\/viewform?usp=sharing\"><strong>Candidaturas 2026<\/strong><\/a><\/p>\n\n\n\n<p><\/p>\n","protected":false},"excerpt":{"rendered":"<p>CANDIDATURAS 2026 A primeira edi\u00e7\u00e3o da&nbsp;Escola de Ver\u00e3o de F\u00edsica&nbsp;(site da escola) realizou-se em 2005 (ver lista das edi\u00e7\u00f5es anteriores), introduzindo uma maneira inovadora de fazer divulga\u00e7\u00e3o cient\u00edfica. Os melhores estudantes do secund\u00e1rio s\u00e3o desafiados a passar uma semana em trabalho intenso, assistindo a cursos, a palestras e desenvolvendo um projeto cient\u00edfico sob a supervis\u00e3o &hellip;<br \/><a href=\"https:\/\/www.fc.up.pt\/dfa\/comunicacao\/acoes-e-eventos\/evf\/\" class=\"more-link pen_button pen_element_default pen_icon_arrow_double\">Continue reading <span class=\"screen-reader-text\">Escola de Ver\u00e3o de F\u00edsica<\/span><\/a><\/p>\n","protected":false},"author":2,"featured_media":351,"parent":1985,"menu_order":1,"comment_status":"closed","ping_status":"closed","template":"","meta":{"footnotes":""},"class_list":["post-255","page","type-page","status-publish","has-post-thumbnail","hentry"],"_links":{"self":[{"href":"https:\/\/www.fc.up.pt\/dfa\/wp-json\/wp\/v2\/pages\/255","targetHints":{"allow":["GET"]}}],"collection":[{"href":"https:\/\/www.fc.up.pt\/dfa\/wp-json\/wp\/v2\/pages"}],"about":[{"href":"https:\/\/www.fc.up.pt\/dfa\/wp-json\/wp\/v2\/types\/page"}],"author":[{"embeddable":true,"href":"https:\/\/www.fc.up.pt\/dfa\/wp-json\/wp\/v2\/users\/2"}],"replies":[{"embeddable":true,"href":"https:\/\/www.fc.up.pt\/dfa\/wp-json\/wp\/v2\/comments?post=255"}],"version-history":[{"count":39,"href":"https:\/\/www.fc.up.pt\/dfa\/wp-json\/wp\/v2\/pages\/255\/revisions"}],"predecessor-version":[{"id":5969,"href":"https:\/\/www.fc.up.pt\/dfa\/wp-json\/wp\/v2\/pages\/255\/revisions\/5969"}],"up":[{"embeddable":true,"href":"https:\/\/www.fc.up.pt\/dfa\/wp-json\/wp\/v2\/pages\/1985"}],"wp:featuredmedia":[{"embeddable":true,"href":"https:\/\/www.fc.up.pt\/dfa\/wp-json\/wp\/v2\/media\/351"}],"wp:attachment":[{"href":"https:\/\/www.fc.up.pt\/dfa\/wp-json\/wp\/v2\/media?parent=255"}],"curies":[{"name":"wp","href":"https:\/\/api.w.org\/{rel}","templated":true}]}}