{"id":253,"date":"2021-09-09T15:06:34","date_gmt":"2021-09-09T14:06:34","guid":{"rendered":"https:\/\/www.fc.up.pt\/dfa\/?page_id=253"},"modified":"2025-12-16T08:44:59","modified_gmt":"2025-12-16T08:44:59","slug":"cern-masterclass","status":"publish","type":"page","link":"https:\/\/www.fc.up.pt\/dfa\/comunicacao\/acoes-e-eventos\/cern-masterclass\/","title":{"rendered":"CERN Masterclass"},"content":{"rendered":"\n<p class=\"has-medium-font-size\">Hands-on particle physics<\/p>\n\n\n\n<p class=\"has-text-align-left\">O Departamento de F\u00edsica e Astronomia realiza desde 2009, em colabora\u00e7\u00e3o com o&nbsp; LIP, a Sociedade Portuguesa de F\u00edsica, e o CERN&nbsp; uma atividade que permite a cerca de 80 alunos de escolas secund\u00e1rias serem F\u00edsicos de Part\u00edculas por um dia:&nbsp;<em>CERN MasterClass<\/em>&nbsp;de F\u00edsica de Part\u00edculas.<\/p>\n\n\n<div class=\"wp-block-image is-resized\">\n<figure class=\"aligncenter size-full\"><a href=\"https:\/\/physicsmasterclasses.org\"><img loading=\"lazy\" decoding=\"async\" width=\"600\" height=\"239\" src=\"https:\/\/www.fc.up.pt\/dfa\/wp-content\/uploads\/Logo_IMC_web.png\" alt=\"\" class=\"wp-image-353\" srcset=\"https:\/\/www.fc.up.pt\/dfa\/wp-content\/uploads\/Logo_IMC_web.png 600w, https:\/\/www.fc.up.pt\/dfa\/wp-content\/uploads\/Logo_IMC_web-300x120.png 300w\" sizes=\"auto, (max-width: 600px) 100vw, 600px\" \/><\/a><\/figure>\n<\/div>\n\n\n<p>Os alunos e seus professores ouvem tr\u00eas palestras sobre f\u00edsica de part\u00edculas e&nbsp;seus&nbsp;detetores na parte da manh\u00e3. Depois de almo\u00e7o, realizam uma atividade de classifica\u00e7\u00e3o de decaimentos do Z0 detectados no LEP; finalmente re\u00fanem-se para uma v\u00eddeo-confer\u00eancia com o CERN e outras escolas europeias que fazem a atividade no mesmo dia. Segue-se uma discuss\u00e3o dos dados analisados e um concurso de perguntas baseadas nas palestras da manh\u00e3.<\/p>\n\n\n\n<p><strong>A <a href=\"https:\/\/www.fc.up.pt\/dfa\/comunicacao\/acoes-e-eventos\/cern-masterclass\/2026-masterclasses-de-fisica-de-particulas\/\">edi\u00e7\u00e3o de 2026<\/a><\/strong> j\u00e1 est\u00e1 em prepara\u00e7\u00e3o para ter lugar a <strong><em>7 de mar\u00e7o de 2026<\/em><\/strong>. Visite a p\u00e1gina para saber como se inscrever!<\/p>\n\n\n\n<p><\/p>\n","protected":false},"excerpt":{"rendered":"<p>Hands-on particle physics O Departamento de F\u00edsica e Astronomia realiza desde 2009, em colabora\u00e7\u00e3o com o&nbsp; LIP, a Sociedade Portuguesa de F\u00edsica, e o CERN&nbsp; uma atividade que permite a cerca de 80 alunos de escolas secund\u00e1rias serem F\u00edsicos de Part\u00edculas por um dia:&nbsp;CERN MasterClass&nbsp;de F\u00edsica de Part\u00edculas. Os alunos e seus professores ouvem tr\u00eas &hellip;<br \/><a href=\"https:\/\/www.fc.up.pt\/dfa\/comunicacao\/acoes-e-eventos\/cern-masterclass\/\" class=\"more-link pen_button pen_element_default pen_icon_arrow_double\">Continue reading <span class=\"screen-reader-text\">CERN Masterclass<\/span><\/a><\/p>\n","protected":false},"author":3,"featured_media":1220,"parent":1985,"menu_order":2,"comment_status":"closed","ping_status":"closed","template":"","meta":{"footnotes":""},"class_list":["post-253","page","type-page","status-publish","has-post-thumbnail","hentry"],"_links":{"self":[{"href":"https:\/\/www.fc.up.pt\/dfa\/wp-json\/wp\/v2\/pages\/253","targetHints":{"allow":["GET"]}}],"collection":[{"href":"https:\/\/www.fc.up.pt\/dfa\/wp-json\/wp\/v2\/pages"}],"about":[{"href":"https:\/\/www.fc.up.pt\/dfa\/wp-json\/wp\/v2\/types\/page"}],"author":[{"embeddable":true,"href":"https:\/\/www.fc.up.pt\/dfa\/wp-json\/wp\/v2\/users\/3"}],"replies":[{"embeddable":true,"href":"https:\/\/www.fc.up.pt\/dfa\/wp-json\/wp\/v2\/comments?post=253"}],"version-history":[{"count":21,"href":"https:\/\/www.fc.up.pt\/dfa\/wp-json\/wp\/v2\/pages\/253\/revisions"}],"predecessor-version":[{"id":5900,"href":"https:\/\/www.fc.up.pt\/dfa\/wp-json\/wp\/v2\/pages\/253\/revisions\/5900"}],"up":[{"embeddable":true,"href":"https:\/\/www.fc.up.pt\/dfa\/wp-json\/wp\/v2\/pages\/1985"}],"wp:featuredmedia":[{"embeddable":true,"href":"https:\/\/www.fc.up.pt\/dfa\/wp-json\/wp\/v2\/media\/1220"}],"wp:attachment":[{"href":"https:\/\/www.fc.up.pt\/dfa\/wp-json\/wp\/v2\/media?parent=253"}],"curies":[{"name":"wp","href":"https:\/\/api.w.org\/{rel}","templated":true}]}}