{"id":248,"date":"2021-09-09T14:59:55","date_gmt":"2021-09-09T13:59:55","guid":{"rendered":"https:\/\/www.fc.up.pt\/dfa\/?page_id=248"},"modified":"2022-01-27T16:12:44","modified_gmt":"2022-01-27T16:12:44","slug":"oficinas","status":"publish","type":"page","link":"https:\/\/www.fc.up.pt\/dfa\/services\/oficinas\/","title":{"rendered":"Oficinas"},"content":{"rendered":"\n<h2 class=\"wp-block-heading\" id=\"mecanica-e-electronica\">Mec\u00e2nica e Electr\u00f3nica<\/h2>\n\n\n\n<p>As <a href=\"https:\/\/sigarra.up.pt\/fcup\/pt\/web_base.gera_pagina?p_pagina=1006947\" target=\"_blank\" rel=\"noreferrer noopener\">Oficinas do Departamento de F\u00edsica e Astronomia<\/a> da Faculdade de Ci\u00eancias da Universidade do Porto t\u00eam capacidade de conce\u00e7\u00e3o e execu\u00e7\u00e3o de in\u00fameros projetos de mec\u00e2nica ou eletr\u00f3nica realizados por pessoal altamente qualificado, prestando apoio essencial \u00e0s atividades letivas e de investiga\u00e7\u00e3o.<\/p>\n\n\n\n<div class=\"wp-block-media-text alignwide is-stacked-on-mobile\" style=\"grid-template-columns:40% auto\"><figure class=\"wp-block-media-text__media\"><img loading=\"lazy\" decoding=\"async\" width=\"450\" height=\"338\" src=\"https:\/\/www.fc.up.pt\/dfa\/wp-content\/uploads\/Of_macanica.jpg\" alt=\"\" class=\"wp-image-1156 size-full\" srcset=\"https:\/\/www.fc.up.pt\/dfa\/wp-content\/uploads\/Of_macanica.jpg 450w, https:\/\/www.fc.up.pt\/dfa\/wp-content\/uploads\/Of_macanica-300x225.jpg 300w, https:\/\/www.fc.up.pt\/dfa\/wp-content\/uploads\/Of_macanica-152x114.jpg 152w\" sizes=\"auto, (max-width: 450px) 100vw, 450px\" \/><\/figure><div class=\"wp-block-media-text__content\">\n<p>A <strong>Oficina de Mec\u00e2nica<\/strong> est\u00e1 especialmente vocacionada para o aconselhamento na conce\u00e7\u00e3o, projeto e posterior fabrico de pe\u00e7as, dispositivos e equipamentos espec\u00edficos que satisfa\u00e7am os requisitos de estudantes, docentes e investigadores, podendo ocasionalmente fabricar em s\u00e9rie pe\u00e7as cujo prot\u00f3tipo tenha sido desenvolvido em parceria.<\/p>\n\n\n\n<p>A oficina est\u00e1 apta a processar uma grande variedade de materiais (metais, madeira, acr\u00edlico, teflon e PVC)&nbsp;e utilizando diferentes t\u00e9cnicas de maquina\u00e7\u00e3o e processamento. A Oficina est\u00e1 implantada numa \u00e1rea total superior a 200m<sup>2<\/sup>, onde est\u00e3o instalados v\u00e1rios equipamentos dos quais se destacam os&nbsp;tornos mec\u00e2nicos, fresadoras, furadoras, m\u00e1quinas de corte, quinadeira, calandra e prensa, m\u00e1quina de polimento por jato de areia e equipamento para soldadura TIG, MIG e a oxiacetileno, de entre outros.<\/p>\n<\/div><\/div>\n\n\n\n<div class=\"wp-block-media-text alignwide has-media-on-the-right is-stacked-on-mobile\" style=\"grid-template-columns:auto 40%\"><figure class=\"wp-block-media-text__media\"><img loading=\"lazy\" decoding=\"async\" width=\"450\" height=\"338\" src=\"https:\/\/www.fc.up.pt\/dfa\/wp-content\/uploads\/Of_electro.jpg\" alt=\"\" class=\"wp-image-1155 size-full\" srcset=\"https:\/\/www.fc.up.pt\/dfa\/wp-content\/uploads\/Of_electro.jpg 450w, https:\/\/www.fc.up.pt\/dfa\/wp-content\/uploads\/Of_electro-300x225.jpg 300w, https:\/\/www.fc.up.pt\/dfa\/wp-content\/uploads\/Of_electro-152x114.jpg 152w\" sizes=\"auto, (max-width: 450px) 100vw, 450px\" \/><\/figure><div class=\"wp-block-media-text__content\">\n<p class=\"has-text-align-left\">A <strong>Oficina de Electr\u00f3nica<\/strong> realiza projectos de electr\u00f3nica e instrumenta\u00e7\u00e3o de raiz bem como repara\u00e7\u00f5es deste tipo de equipamentos. Presta ainda apoio na resolu\u00e7\u00e3o de problemas associados com equipamentos inform\u00e1ticos (hardware). <\/p>\n\n\n\n<p class=\"has-text-align-left\">A oficina est\u00e1 equipada com equipamentos para a produ\u00e7\u00e3o de placas de circuito impresso bem como de uma gama diversa de equipamentos de teste e medi\u00e7\u00e3o (mult\u00edmetros, oscilosc\u00f3pios, fontes de sinal, DAQ, etc)<\/p>\n<\/div><\/div>\n\n\n\n<h3 class=\"wp-block-heading\" id=\"funcionamento\">Funcionamento:<\/h3>\n\n\n\n<p>Para mais detalhes por favor visite a <a href=\"https:\/\/sigarra.up.pt\/fcup\/pt\/web_base.gera_pagina?p_pagina=1006947\" target=\"_blank\" rel=\"noreferrer noopener\">p\u00e1gina no site da FCUP<\/a>, onde pode obter o <a href=\"https:\/\/sigarra.up.pt\/fcup\/pt\/web_gessi_docs.download_file?p_name=F475454839\/Regulamento%20das%20Oficinas%20.pdf\" target=\"_blank\" rel=\"noreferrer noopener\">Regulamento das Oficinas<\/a> e os <a href=\"https:\/\/sigarra.up.pt\/fcup\/pt\/web_gessi_docs.download_file?p_name=F568704713\/ficha%20requisi%E7%E3o%20oficinas.pdf\" target=\"_blank\" rel=\"noreferrer noopener\">Formul\u00e1rios<\/a> para a requisi\u00e7\u00e3o de servi\u00e7os.<\/p>\n\n\n\n<p><span style=\"text-decoration: underline;\">Contacto<\/span>: <a href=\"mailto:dfa.oficinas@fc.up.pt\" target=\"_blank\" rel=\"noreferrer noopener\">dfa.oficinas@fc.up.pt<\/a><\/p>\n\n\n\n<h3 class=\"wp-block-heading\" id=\"equipa-das-oficinas\">Equipa das Oficinas<\/h3>\n\n\n\n<p>Coordena\u00e7\u00e3o: <a href=\"https:\/\/sigarra.up.pt\/fcup\/pt\/func_geral.FormView?P_CODIGO=249128\">Paulo Vicente da Silva Marques<\/a><\/p>\n\n\n\n<p>T\u00e9cnicos:<\/p>\n\n\n\n<ul class=\"wp-block-list\"><li><a href=\"https:\/\/sigarra.up.pt\/fcup\/pt\/func_geral.FormView?P_CODIGO=424569\">Fernando Manuel Tavares da Silva<\/a><\/li><li><a href=\"https:\/\/sigarra.up.pt\/fcup\/pt\/func_geral.FormView?P_CODIGO=229238\">Francisco Salgueiro Carpinteiro<\/a><\/li><li><a href=\"https:\/\/sigarra.up.pt\/fcup\/pt\/func_geral.FormView?P_CODIGO=399648\">Pedro Filipe Lemos Cruz<\/a><\/li><\/ul>\n\n\n\n<p>Apoio administrativo: <a href=\"https:\/\/sigarra.up.pt\/fcup\/pt\/func_geral.FormView?P_CODIGO=548854\">Ana Sofia Marques Queir\u00f3s<\/a><\/p>\n","protected":false},"excerpt":{"rendered":"<p>Mec\u00e2nica e Electr\u00f3nica As Oficinas do Departamento de F\u00edsica e Astronomia da Faculdade de Ci\u00eancias da Universidade do Porto t\u00eam capacidade de conce\u00e7\u00e3o e execu\u00e7\u00e3o de in\u00fameros projetos de mec\u00e2nica ou eletr\u00f3nica realizados por pessoal altamente qualificado, prestando apoio essencial \u00e0s atividades letivas e de investiga\u00e7\u00e3o. A Oficina de Mec\u00e2nica est\u00e1 especialmente vocacionada para o &hellip;<br \/><a href=\"https:\/\/www.fc.up.pt\/dfa\/services\/oficinas\/\" class=\"more-link pen_button pen_element_default pen_icon_arrow_double\">Continue reading <span class=\"screen-reader-text\">Oficinas<\/span><\/a><\/p>\n","protected":false},"author":2,"featured_media":662,"parent":246,"menu_order":1,"comment_status":"closed","ping_status":"closed","template":"","meta":{"footnotes":""},"class_list":["post-248","page","type-page","status-publish","has-post-thumbnail","hentry"],"_links":{"self":[{"href":"https:\/\/www.fc.up.pt\/dfa\/wp-json\/wp\/v2\/pages\/248","targetHints":{"allow":["GET"]}}],"collection":[{"href":"https:\/\/www.fc.up.pt\/dfa\/wp-json\/wp\/v2\/pages"}],"about":[{"href":"https:\/\/www.fc.up.pt\/dfa\/wp-json\/wp\/v2\/types\/page"}],"author":[{"embeddable":true,"href":"https:\/\/www.fc.up.pt\/dfa\/wp-json\/wp\/v2\/users\/2"}],"replies":[{"embeddable":true,"href":"https:\/\/www.fc.up.pt\/dfa\/wp-json\/wp\/v2\/comments?post=248"}],"version-history":[{"count":19,"href":"https:\/\/www.fc.up.pt\/dfa\/wp-json\/wp\/v2\/pages\/248\/revisions"}],"predecessor-version":[{"id":3075,"href":"https:\/\/www.fc.up.pt\/dfa\/wp-json\/wp\/v2\/pages\/248\/revisions\/3075"}],"up":[{"embeddable":true,"href":"https:\/\/www.fc.up.pt\/dfa\/wp-json\/wp\/v2\/pages\/246"}],"wp:featuredmedia":[{"embeddable":true,"href":"https:\/\/www.fc.up.pt\/dfa\/wp-json\/wp\/v2\/media\/662"}],"wp:attachment":[{"href":"https:\/\/www.fc.up.pt\/dfa\/wp-json\/wp\/v2\/media?parent=248"}],"curies":[{"name":"wp","href":"https:\/\/api.w.org\/{rel}","templated":true}]}}