{"id":246,"date":"2021-09-09T14:40:19","date_gmt":"2021-09-09T13:40:19","guid":{"rendered":"https:\/\/www.fc.up.pt\/dfa\/?page_id=246"},"modified":"2021-11-10T18:42:39","modified_gmt":"2021-11-10T18:42:39","slug":"services","status":"publish","type":"page","link":"https:\/\/www.fc.up.pt\/dfa\/services\/","title":{"rendered":"Transfer\u00eancia"},"content":{"rendered":"\n<p>A transfer\u00eancia de conhecimento e compet\u00eancias, bem como a presta\u00e7\u00e3o de servi\u00e7os e assessoria cient\u00edfica \u00e9 uma componente importante das atividades do Departamento.<\/p>\n\n\n\n<p>Estas <a href=\"https:\/\/www.fc.up.pt\/dfa\/services\/prestacao-de-servicos\/\" data-type=\"page\" data-id=\"415\"><strong>presta\u00e7\u00f5es de servi\u00e7os<\/strong><\/a> s\u00e3o fornecidas a empresas do tecido industrial, organismos estatais (Tribunais, etc) e outras institui\u00e7\u00f5es da rede de investiga\u00e7\u00e3o e desenvolvimento.<\/p>\n\n\n\n<p>O Departamento conta ainda com as suas <a href=\"https:\/\/www.fc.up.pt\/dfa\/services\/oficinas\/\" data-type=\"page\" data-id=\"248\"><strong>Oficinas de Mec\u00e2nica e de Electr\u00f3nica<\/strong><\/a> que prestam apoio \u00e1s atividades de ensino e investiga\u00e7\u00e3o, mas tamb\u00e9m fazem presta\u00e7\u00e3o de servi\u00e7os a outros entidades da Universidade e fora desta.<\/p>\n\n\n\n<p>O Departamento tamb\u00e9m contribui para o desenvolvimento do tecido industrial, nomeadamente atrav\u00e9s da <strong>cria\u00e7\u00e3o de SpinOffs<\/strong>. A titulo de exemplo, da investiga\u00e7\u00e3o desenvolvida no DFA j\u00e1 resultaram algumas empresas de elevada tecnologia: <a href=\"http:\/\/www.fibersensing.com\/\">FiberSensing<\/a>\u00a0(agora <a rel=\"noreferrer noopener\" href=\"https:\/\/www.hbm.com\/\" target=\"_blank\">HBM<\/a>, uma companhia HBK), <a href=\"http:\/\/www.multiwavephotonics.com\/\">Multiwave Photonics<\/a> (agora <a rel=\"noreferrer noopener\" href=\"https:\/\/www.mw-technologies.com\" target=\"_blank\">MWTechnologies<\/a>), <a rel=\"noreferrer noopener\" href=\"https:\/\/www.sphere-photonics.com\" target=\"_blank\">Sphere Ultrafast Photonics<\/a>, <a rel=\"noreferrer noopener\" href=\"https:\/\/inanoe.com\" target=\"_blank\">inanoEnergy<\/a>, etc.<\/p>\n\n\n\n<p>De notar ainda, que docentes do DFA integram as <strong>equipas cientifico-pedag\u00f3gicas para a avalia\u00e7\u00e3o e certifica\u00e7\u00e3o de manuais escolares<\/strong> das disciplinas de F\u00edsica-Qu\u00edmica (7\u00ba, 8\u00ba e 9\u00ba anos de escolaridade) do 3\u00ba Ciclo do ensino B\u00e1sico, de F\u00edsica e Qu\u00edmica A (10\u00ba e 11\u00ba anos de escolaridade), de F\u00edsica (12\u00ba ano de escolaridade) e de Qu\u00edmica (12\u00ba ano de escolaridade) do Ensino Secund\u00e1rio, da <em><a href=\"https:\/\/www.dge.mec.pt\/\" target=\"_blank\" rel=\"noreferrer noopener\">Dire\u00e7\u00e3o-Geral da Educa\u00e7\u00e3o<\/a><\/em>.<\/p>\n","protected":false},"excerpt":{"rendered":"<p>A transfer\u00eancia de conhecimento e compet\u00eancias, bem como a presta\u00e7\u00e3o de servi\u00e7os e assessoria cient\u00edfica \u00e9 uma componente importante das atividades do Departamento. Estas presta\u00e7\u00f5es de servi\u00e7os s\u00e3o fornecidas a empresas do tecido industrial, organismos estatais (Tribunais, etc) e outras institui\u00e7\u00f5es da rede de investiga\u00e7\u00e3o e desenvolvimento. O Departamento conta ainda com as suas Oficinas &hellip;<br \/><a href=\"https:\/\/www.fc.up.pt\/dfa\/services\/\" class=\"more-link pen_button pen_element_default pen_icon_arrow_double\">Continue reading <span class=\"screen-reader-text\">Transfer\u00eancia<\/span><\/a><\/p>\n","protected":false},"author":2,"featured_media":662,"parent":0,"menu_order":5,"comment_status":"closed","ping_status":"closed","template":"","meta":{"footnotes":""},"class_list":["post-246","page","type-page","status-publish","has-post-thumbnail","hentry"],"_links":{"self":[{"href":"https:\/\/www.fc.up.pt\/dfa\/wp-json\/wp\/v2\/pages\/246","targetHints":{"allow":["GET"]}}],"collection":[{"href":"https:\/\/www.fc.up.pt\/dfa\/wp-json\/wp\/v2\/pages"}],"about":[{"href":"https:\/\/www.fc.up.pt\/dfa\/wp-json\/wp\/v2\/types\/page"}],"author":[{"embeddable":true,"href":"https:\/\/www.fc.up.pt\/dfa\/wp-json\/wp\/v2\/users\/2"}],"replies":[{"embeddable":true,"href":"https:\/\/www.fc.up.pt\/dfa\/wp-json\/wp\/v2\/comments?post=246"}],"version-history":[{"count":16,"href":"https:\/\/www.fc.up.pt\/dfa\/wp-json\/wp\/v2\/pages\/246\/revisions"}],"predecessor-version":[{"id":2470,"href":"https:\/\/www.fc.up.pt\/dfa\/wp-json\/wp\/v2\/pages\/246\/revisions\/2470"}],"wp:featuredmedia":[{"embeddable":true,"href":"https:\/\/www.fc.up.pt\/dfa\/wp-json\/wp\/v2\/media\/662"}],"wp:attachment":[{"href":"https:\/\/www.fc.up.pt\/dfa\/wp-json\/wp\/v2\/media?parent=246"}],"curies":[{"name":"wp","href":"https:\/\/api.w.org\/{rel}","templated":true}]}}