{"id":241,"date":"2021-09-09T14:30:16","date_gmt":"2021-09-09T13:30:16","guid":{"rendered":"https:\/\/www.fc.up.pt\/dfa\/?page_id=241"},"modified":"2022-03-10T17:17:43","modified_gmt":"2022-03-10T17:17:43","slug":"localizacao","status":"publish","type":"page","link":"https:\/\/www.fc.up.pt\/dfa\/noticias\/contactos\/localizacao\/","title":{"rendered":"Localiza\u00e7\u00e3o"},"content":{"rendered":"\n<div class=\"wp-block-columns are-vertically-aligned-center is-layout-flex wp-container-core-columns-is-layout-9d6595d7 wp-block-columns-is-layout-flex\">\n<div class=\"wp-block-column is-vertically-aligned-center is-layout-flow wp-block-column-is-layout-flow\" style=\"flex-basis:100%\">\n<div class=\"wp-block-media-text alignwide has-media-on-the-right is-stacked-on-mobile\" style=\"grid-template-columns:auto 30%\"><figure class=\"wp-block-media-text__media\"><img loading=\"lazy\" decoding=\"async\" width=\"1260\" height=\"1890\" src=\"https:\/\/www.fc.up.pt\/dfa\/wp-content\/uploads\/Interior_DFA-DGAOT.jpg\" alt=\"\" class=\"wp-image-631 size-full\" srcset=\"https:\/\/www.fc.up.pt\/dfa\/wp-content\/uploads\/Interior_DFA-DGAOT.jpg 1260w, https:\/\/www.fc.up.pt\/dfa\/wp-content\/uploads\/Interior_DFA-DGAOT-200x300.jpg 200w, https:\/\/www.fc.up.pt\/dfa\/wp-content\/uploads\/Interior_DFA-DGAOT-683x1024.jpg 683w, https:\/\/www.fc.up.pt\/dfa\/wp-content\/uploads\/Interior_DFA-DGAOT-768x1152.jpg 768w, https:\/\/www.fc.up.pt\/dfa\/wp-content\/uploads\/Interior_DFA-DGAOT-1024x1536.jpg 1024w\" sizes=\"auto, (max-width: 1260px) 100vw, 1260px\" \/><\/figure><div class=\"wp-block-media-text__content\">\n<p>O <strong>Departamento de F\u00edsica e Astronomia<\/strong> est\u00e1 situado na Rua do Campo Alegre (N\u00ba 687), no edifico <a rel=\"noreferrer noopener\" href=\"https:\/\/sigarra.up.pt\/fcup\/pt\/instal_geral.edificio_view?pv_id=1330\" target=\"_blank\">FC3<\/a> do <a rel=\"noreferrer noopener\" href=\"https:\/\/sigarra.up.pt\/fcup\/pt\/web_base.gera_pagina?p_pagina=1006108\" target=\"_blank\">Campus da Faculdade de Ci\u00eancias<\/a>, a cerca de 20 minutos a p\u00e9 da baixa da cidade.<\/p>\n\n\n\n<p>A esta\u00e7\u00e3o de\u00a0<a href=\"http:\/\/www.metrodoporto.pt\/\"><strong>metro<\/strong><\/a>\u00a0mais pr\u00f3xima (10 minutos a p\u00e9) \u00e9<strong>\u00a0Casa da M\u00fasica<\/strong>. A linha E,\u00a0\u00a0<em>Aeroporto- Est\u00e1dio do Drag\u00e3o<\/em>, liga o Aeroporto e Casa da M\u00fasica.<\/p>\n\n\n\n<p>\u00c9 servido pelas&nbsp;<a rel=\"noreferrer noopener\" href=\"http:\/\/www.itinerarium.net\/default.aspx?ul=pt-PT&amp;tab=3\" target=\"_blank\">linhas de autocarros<\/a><strong>&nbsp;200<\/strong>,<strong>&nbsp;204<\/strong>&nbsp;e&nbsp;<strong>207<\/strong>&nbsp;(paragem Planet\u00e1rio).<\/p>\n\n\n\n<p>Ver as <a rel=\"noreferrer noopener\" href=\"https:\/\/sigarra.up.pt\/fcup\/pt\/web_base.gera_pagina?p_pagina=1006108\" target=\"_blank\">indica\u00e7\u00f5es<\/a> na p\u00e1gina da FCUP.<\/p>\n\n\n\n<p><span style=\"text-decoration: underline;\">Geo-refer\u00eancia<\/span>: Latitude N41.152061 (N41\u00b0 09&#8242; 08&#8243;), Longitude W-8.637263 (W8\u00b0 38&#8242; 12&#8243;)<\/p>\n\n\n\n<p class=\"has-text-align-right\"><small><a href=\"https:\/\/www.google.pt\/maps\/place\/Departamento+de+F%C3%ADsica+e+Astronomia+FCUP\/@41.152023,-8.6374858,249m\/data=!3m1!1e3!4m5!3m4!1s0xd24650ca1241cdb:0x11d153a4b41c90c9!8m2!3d41.1521078!4d-8.6371898?hl=pt-PT\" target=\"_blank\" rel=\"noreferrer noopener\">Ver mapa Google<\/a><\/small><\/p>\n<\/div><\/div>\n\n\n\n<p><\/p>\n<\/div>\n<\/div>\n","protected":false},"excerpt":{"rendered":"<p>O Departamento de F\u00edsica e Astronomia est\u00e1 situado na Rua do Campo Alegre (N\u00ba 687), no edifico FC3 do Campus da Faculdade de Ci\u00eancias, a cerca de 20 minutos a p\u00e9 da baixa da cidade. A esta\u00e7\u00e3o de\u00a0metro\u00a0mais pr\u00f3xima (10 minutos a p\u00e9) \u00e9\u00a0Casa da M\u00fasica. A linha E,\u00a0\u00a0Aeroporto- Est\u00e1dio do Drag\u00e3o, liga o Aeroporto &hellip;<br \/><a href=\"https:\/\/www.fc.up.pt\/dfa\/noticias\/contactos\/localizacao\/\" class=\"more-link pen_button pen_element_default pen_icon_arrow_double\">Continue reading <span class=\"screen-reader-text\">Localiza\u00e7\u00e3o<\/span><\/a><\/p>\n","protected":false},"author":2,"featured_media":338,"parent":430,"menu_order":1,"comment_status":"closed","ping_status":"closed","template":"","meta":{"footnotes":""},"class_list":["post-241","page","type-page","status-publish","has-post-thumbnail","hentry"],"_links":{"self":[{"href":"https:\/\/www.fc.up.pt\/dfa\/wp-json\/wp\/v2\/pages\/241","targetHints":{"allow":["GET"]}}],"collection":[{"href":"https:\/\/www.fc.up.pt\/dfa\/wp-json\/wp\/v2\/pages"}],"about":[{"href":"https:\/\/www.fc.up.pt\/dfa\/wp-json\/wp\/v2\/types\/page"}],"author":[{"embeddable":true,"href":"https:\/\/www.fc.up.pt\/dfa\/wp-json\/wp\/v2\/users\/2"}],"replies":[{"embeddable":true,"href":"https:\/\/www.fc.up.pt\/dfa\/wp-json\/wp\/v2\/comments?post=241"}],"version-history":[{"count":23,"href":"https:\/\/www.fc.up.pt\/dfa\/wp-json\/wp\/v2\/pages\/241\/revisions"}],"predecessor-version":[{"id":3400,"href":"https:\/\/www.fc.up.pt\/dfa\/wp-json\/wp\/v2\/pages\/241\/revisions\/3400"}],"up":[{"embeddable":true,"href":"https:\/\/www.fc.up.pt\/dfa\/wp-json\/wp\/v2\/pages\/430"}],"wp:featuredmedia":[{"embeddable":true,"href":"https:\/\/www.fc.up.pt\/dfa\/wp-json\/wp\/v2\/media\/338"}],"wp:attachment":[{"href":"https:\/\/www.fc.up.pt\/dfa\/wp-json\/wp\/v2\/media?parent=241"}],"curies":[{"name":"wp","href":"https:\/\/api.w.org\/{rel}","templated":true}]}}