{"id":225,"date":"2021-09-07T16:42:47","date_gmt":"2021-09-07T15:42:47","guid":{"rendered":"https:\/\/www.fc.up.pt\/dfa\/?page_id=225"},"modified":"2022-08-31T16:39:45","modified_gmt":"2022-08-31T15:39:45","slug":"engenharia-fisica","status":"publish","type":"page","link":"https:\/\/www.fc.up.pt\/dfa\/investigacao\/areas-cientificas\/engenharia-fisica\/","title":{"rendered":"Engenharia F\u00edsica"},"content":{"rendered":"\n<p>A investiga\u00e7\u00e3o e desenvolvimento na \u00e1rea de Engenharia F\u00edsica centra-se fundamentalmente nos seguintes t\u00f3picos e suas aplica\u00e7\u00f5es tecnol\u00f3gicas:<\/p>\n\n\n\n<h2 class=\"wp-block-heading\">\u00d3ptica | Optoelectr\u00f3nica | Lasers<\/h2>\n\n\n\n<p>Participam nestas actividades a Unidade de Optoelectr\u00f3nica e Sistemas Electr\u00f3nicos do<strong>\u00a0<a href=\"https:\/\/www.fc.up.pt\/dfa\/investigacao\/institutos-id\/\">INESC-TEC<\/a><\/strong>.<\/p>\n\n\n\n<ul class=\"wp-block-list\"><li>Sensores em fibra \u00f3ptica<\/li><li>Lasers em fibra<\/li><\/ul>\n\n\n\n<p>Da investiga\u00e7\u00e3o em sensores e lasers em fibra j\u00e1 resultaram duas empresas de elevada tecnologia:&nbsp;<a href=\"http:\/\/www.fibersensing.com\/\">FiberSensing<\/a>&nbsp;e&nbsp;<a href=\"http:\/\/www.multiwavephotonics.com\/\">Multiwave Photonics<\/a>.<\/p>\n\n\n\n<h2 class=\"wp-block-heading\">Materiais Avan\u00e7ados | Micro e Nano Dispositivos<\/h2>\n\n\n\n<p>Participam nestas actividades o\u00a0<strong><a href=\"https:\/\/www.fc.up.pt\/dfa\/investigacao\/institutos-id\/\">IFIMUP<\/a><\/strong>.<\/p>\n\n\n\n<ul class=\"wp-block-list\"><li>Multicamadas magn\u00e9ticas<\/li><li>Visualiza\u00e7\u00e3o do interior do olho com laser<\/li><li>Pontos (dots) qu\u00e2nticos<\/li><li>Aplica\u00e7\u00f5es farmac\u00eauticas de nanotubos<\/li><\/ul>\n\n\n\n<h2 class=\"wp-block-heading\">F\u00edsica M\u00e9dica<\/h2>\n\n\n\n<p>Na \u00faltima d\u00e9cada houve uma refor\u00e7o significativo no apoio \u00e0 investiga\u00e7\u00e3o em f\u00edsica m\u00e9dica no departamento, com a participa\u00e7\u00e3o de docentes do DFA no <strong><a href=\"https:\/\/www.fc.up.pt\/dfa\/investigacao\/institutos-id\/\">IPO Porto Research Centre<\/a><\/strong> e no <strong><a href=\"https:\/\/www.fc.up.pt\/dfa\/investigacao\/institutos-id\/\">IFIMUP<\/a><\/strong>.<\/p>\n","protected":false},"excerpt":{"rendered":"<p>A investiga\u00e7\u00e3o e desenvolvimento na \u00e1rea de Engenharia F\u00edsica centra-se fundamentalmente nos seguintes t\u00f3picos e suas aplica\u00e7\u00f5es tecnol\u00f3gicas: \u00d3ptica | Optoelectr\u00f3nica | Lasers Participam nestas actividades a Unidade de Optoelectr\u00f3nica e Sistemas Electr\u00f3nicos do\u00a0INESC-TEC. Sensores em fibra \u00f3ptica Lasers em fibra Da investiga\u00e7\u00e3o em sensores e lasers em fibra j\u00e1 resultaram duas empresas de elevada &hellip;<br \/><a href=\"https:\/\/www.fc.up.pt\/dfa\/investigacao\/areas-cientificas\/engenharia-fisica\/\" class=\"more-link pen_button pen_element_default pen_icon_arrow_double\">Continue reading <span class=\"screen-reader-text\">Engenharia F\u00edsica<\/span><\/a><\/p>\n","protected":false},"author":2,"featured_media":507,"parent":535,"menu_order":2,"comment_status":"closed","ping_status":"closed","template":"","meta":{"footnotes":""},"class_list":["post-225","page","type-page","status-publish","has-post-thumbnail","hentry"],"_links":{"self":[{"href":"https:\/\/www.fc.up.pt\/dfa\/wp-json\/wp\/v2\/pages\/225","targetHints":{"allow":["GET"]}}],"collection":[{"href":"https:\/\/www.fc.up.pt\/dfa\/wp-json\/wp\/v2\/pages"}],"about":[{"href":"https:\/\/www.fc.up.pt\/dfa\/wp-json\/wp\/v2\/types\/page"}],"author":[{"embeddable":true,"href":"https:\/\/www.fc.up.pt\/dfa\/wp-json\/wp\/v2\/users\/2"}],"replies":[{"embeddable":true,"href":"https:\/\/www.fc.up.pt\/dfa\/wp-json\/wp\/v2\/comments?post=225"}],"version-history":[{"count":5,"href":"https:\/\/www.fc.up.pt\/dfa\/wp-json\/wp\/v2\/pages\/225\/revisions"}],"predecessor-version":[{"id":4055,"href":"https:\/\/www.fc.up.pt\/dfa\/wp-json\/wp\/v2\/pages\/225\/revisions\/4055"}],"up":[{"embeddable":true,"href":"https:\/\/www.fc.up.pt\/dfa\/wp-json\/wp\/v2\/pages\/535"}],"wp:featuredmedia":[{"embeddable":true,"href":"https:\/\/www.fc.up.pt\/dfa\/wp-json\/wp\/v2\/media\/507"}],"wp:attachment":[{"href":"https:\/\/www.fc.up.pt\/dfa\/wp-json\/wp\/v2\/media?parent=225"}],"curies":[{"name":"wp","href":"https:\/\/api.w.org\/{rel}","templated":true}]}}