{"id":214,"date":"2021-09-07T16:27:54","date_gmt":"2021-09-07T15:27:54","guid":{"rendered":"https:\/\/www.fc.up.pt\/dfa\/?page_id=214"},"modified":"2023-01-13T14:56:21","modified_gmt":"2023-01-13T14:56:21","slug":"comunicacao","status":"publish","type":"page","link":"https:\/\/www.fc.up.pt\/dfa\/comunicacao\/","title":{"rendered":"Comunica\u00e7\u00e3o"},"content":{"rendered":"\n<p>Temos um compromisso permanente com a divulga\u00e7\u00e3o da F\u00edsica e da Astronomia, junto do p\u00fablico em geral e ainda dos estudantes e professores do B\u00e1sico e Secund\u00e1rio. Algumas das linhas de a\u00e7\u00e3o s\u00e3o descritas nesta sec\u00e7\u00e3o do site.<\/p>\n\n\n\n<hr class=\"wp-block-separator has-text-color has-vivid-cyan-blue-color has-css-opacity has-vivid-cyan-blue-background-color has-background is-style-default\"\/>\n\n\n\n<h2 class=\"wp-block-heading\">Comunica\u00e7\u00e3o institucional &#8211; abertura \u00e0 Sociedade:<\/h2>\n\n\n\n<p><span style=\"text-decoration: underline;\">Coordenador<\/span>: <a href=\"https:\/\/sigarra.up.pt\/fcup\/pt\/func_geral.formview?p_codigo=203827\">Jorge Filipe da Silva Gameiro<\/a><\/p>\n\n\n\n<p>Nesta componente inclui-se um conjunto de&nbsp;<strong><a href=\"https:\/\/www.fc.up.pt\/dfa\/comunicacao\/acoes-e-eventos\/\" data-type=\"page\" data-id=\"1985\">a\u00e7\u00f5es e eventos regulares<\/a><\/strong>, que o DFA organiza ou em que participa, destinados a diferentes p\u00fablicos.<\/p>\n\n\n\n<p>O Departamento e os seus&nbsp;docentes&nbsp;e&nbsp;investigadores&nbsp;tamb\u00e9m produzem <a href=\"https:\/\/www.fc.up.pt\/dfa\/comunicacao\/artigos_material\/\" data-type=\"page\" data-id=\"1199\"><strong>artigos e material de divulga\u00e7\u00e3o<\/strong><\/a> no \u00e2mbito das suas&nbsp;\u00e1reas de interven\u00e7\u00e3o.<\/p>\n\n\n\n<p>Como parte do seu esfor\u00e7o de comunica\u00e7\u00e3o, os docentes e investigadores do DFA tem uma <a href=\"https:\/\/www.fc.up.pt\/dfa\/comunicacao\/presenca-nos-media\/\" data-type=\"page\" data-id=\"1051\"><strong>presen\u00e7a regular nos media de comunica\u00e7\u00e3o<\/strong> <\/a>nacionais e\/ou internacionais.<\/p>\n\n\n\n<hr class=\"wp-block-separator has-text-color has-vivid-cyan-blue-color has-css-opacity has-vivid-cyan-blue-background-color has-background\"\/>\n\n\n\n<h2 class=\"wp-block-heading\">Comunica\u00e7\u00e3o para as Escolas &#8211;  iniciativas direcionadas a p\u00fablicos escolares:<\/h2>\n\n\n\n<p><span style=\"text-decoration: underline;\">Coordenado<\/span>r: <a href=\"https:\/\/sigarra.up.pt\/fcup\/pt\/func_geral.FormView?P_CODIGO=202987\">Paulo Sime\u00e3o de Oliveira Ferreira de Carvalho<\/a>&nbsp;<\/p>\n\n\n\n<p>Docentes e investigadores v\u00e3o a Escolas B\u00e1sicas e Secund\u00e1rias falar de F\u00edsica e Astronomia. Preparamos uma&nbsp;lista de temas poss\u00edveis para as <strong><a href=\"https:\/\/sigarra.up.pt\/fcup\/pt\/noticias_geral.ver_noticia?p_amo_id=&amp;p_nr=56634&amp;p_pnr=4\" target=\"_blank\" rel=\"noreferrer noopener\">palestras do DFA nas Escolas<\/a><\/strong>. Mas aceitamos sugest\u00f5es de novos temas a abordar&#8230; diga-nos o que gostaria de ouvir!<\/p>\n\n\n\n<p>Programa de <strong>F\u00edsica ao nosso alcance<\/strong>:  o DFA disp\u00f5e de <strong><a href=\"https:\/\/www.fc.up.pt\/dfa\/comunicacao\/divulgacao-escolas\/\" data-type=\"page\" data-id=\"435\">salas com experi\u00eancias e demonstra\u00e7\u00f5es<\/a> <\/strong>concebidas para surpreender e levar a pensar. Estas recebem visitas por marca\u00e7\u00e3o.<\/p>\n\n\n\n<p>O DFA participa ainda em <strong>iniciativas regulares<\/strong> da FCUP e da U.Porto para p\u00fablicos escolares, nomeadamente:<\/p>\n\n\n\n<ul class=\"wp-block-list\">\n<li><strong>Dias Abertos<\/strong>&nbsp;(<a href=\"https:\/\/sigarra.up.pt\/fcup\/pt\/noticias_geral.ver_noticia?p_nr=83953\" target=\"_blank\" rel=\"noreferrer noopener\">2022<\/a>, <a href=\"https:\/\/sigarra.up.pt\/fcup\/pt\/noticias_geral.ver_noticia?p_nr=67333\" target=\"_blank\" rel=\"noreferrer noopener\">2021<\/a>,&nbsp;<a href=\"https:\/\/sigarra.up.pt\/fcup\/pt\/noticias_geral.ver_noticia?p_nr=53633\" target=\"_blank\" rel=\"noreferrer noopener\">2020<\/a>,&nbsp;<a href=\"https:\/\/sigarra.up.pt\/fcup\/pt\/noticias_geral.ver_noticia?p_nr=38533\" target=\"_blank\" rel=\"noreferrer noopener\">2019<\/a>, etc): organizados pela FCUP todos os anos, com a colabora\u00e7\u00e3o do DFA e seus Institutos.<\/li>\n<\/ul>\n\n\n\n<ul class=\"wp-block-list\">\n<li><a rel=\"noreferrer noopener\" href=\"https:\/\/www.mostra.up.pt\" target=\"_blank\"><strong>Mostra U.Porto<\/strong><\/a>: organizada anualmente pela U.Porto, tendo a participa\u00e7\u00e3o do DFA e seus Institutos.<\/li>\n<\/ul>\n\n\n\n<ul class=\"wp-block-list\">\n<li><a rel=\"noreferrer noopener\" href=\"https:\/\/universidadejunior.up.pt\" target=\"_blank\"><strong>Universidade Junior<\/strong><\/a>: organizada pela U.Porto anualmente, com atividades do DFA e seus Institutos.<\/li>\n<\/ul>\n\n\n\n<hr class=\"wp-block-separator has-text-color has-vivid-cyan-blue-color has-css-opacity has-vivid-cyan-blue-background-color has-background is-style-default\"\/>\n\n\n\n<h2 class=\"wp-block-heading\">Parcerias:<\/h2>\n\n\n\n<h4 class=\"wp-block-heading\">* Planet\u00e1rio do Porto CCV<\/h4>\n\n\n\n<p>O Centro de Astrof\u00edsica da Universidade do Porto, atrav\u00e9s do seu&nbsp;<a rel=\"noreferrer noopener\" href=\"http:\/\/www.astro.up.pt\/divulgacao\/index.php?Lang=pt\" target=\"_blank\">N\u00facleo de Divulga\u00e7\u00e3o<\/a>, desenvolve diversos programas p\u00fablicos para a divulga\u00e7\u00e3o da ci\u00eancia e promo\u00e7\u00e3o da cultura cient\u00edfica. O CAUP \u00e9 tamb\u00e9m o respons\u00e1vel pelo <a rel=\"noreferrer noopener\" href=\"http:\/\/www.planetario.up.pt\/pt\/\" target=\"_blank\">Planet\u00e1rio do Porto<\/a> da Universidade do Porto (inaugurado em 1998), o primeiro <em>Centro de Ci\u00eancia Viva<\/em>. O planet\u00e1rio organiza diversos <a rel=\"noreferrer noopener\" href=\"http:\/\/planetario.up.pt\/pt\/eventos\" target=\"_blank\">eventos<\/a>, alguns destes em parceira com o DFA, e disponibiliza in\u00fameros recursos atrav\u00e9s da <a href=\"http:\/\/planetario.up.pt\/pt\/recursos\" target=\"_blank\" rel=\"noreferrer noopener\">Astroteca<\/a>. H\u00e1 ainda um conjunto de atividades desenvolvidas em parceria com o <a rel=\"noreferrer noopener\" href=\"https:\/\/divulgacao.iastro.pt\/en\/\" target=\"_blank\">Grupo de Comunica\u00e7\u00e3o de Ci\u00eancia<\/a> do Instituto de Astrof\u00edsica e Ci\u00eancias do Espa\u00e7o.<\/p>\n","protected":false},"excerpt":{"rendered":"<p>Temos um compromisso permanente com a divulga\u00e7\u00e3o da F\u00edsica e da Astronomia, junto do p\u00fablico em geral e ainda dos estudantes e professores do B\u00e1sico e Secund\u00e1rio. Algumas das linhas de a\u00e7\u00e3o s\u00e3o descritas nesta sec\u00e7\u00e3o do site. Comunica\u00e7\u00e3o institucional &#8211; abertura \u00e0 Sociedade: Coordenador: Jorge Filipe da Silva Gameiro Nesta componente inclui-se um conjunto &hellip;<br \/><a href=\"https:\/\/www.fc.up.pt\/dfa\/comunicacao\/\" class=\"more-link pen_button pen_element_default pen_icon_arrow_double\">Continue reading <span class=\"screen-reader-text\">Comunica\u00e7\u00e3o<\/span><\/a><\/p>\n","protected":false},"author":2,"featured_media":351,"parent":0,"menu_order":4,"comment_status":"closed","ping_status":"closed","template":"","meta":{"footnotes":""},"class_list":["post-214","page","type-page","status-publish","has-post-thumbnail","hentry"],"_links":{"self":[{"href":"https:\/\/www.fc.up.pt\/dfa\/wp-json\/wp\/v2\/pages\/214","targetHints":{"allow":["GET"]}}],"collection":[{"href":"https:\/\/www.fc.up.pt\/dfa\/wp-json\/wp\/v2\/pages"}],"about":[{"href":"https:\/\/www.fc.up.pt\/dfa\/wp-json\/wp\/v2\/types\/page"}],"author":[{"embeddable":true,"href":"https:\/\/www.fc.up.pt\/dfa\/wp-json\/wp\/v2\/users\/2"}],"replies":[{"embeddable":true,"href":"https:\/\/www.fc.up.pt\/dfa\/wp-json\/wp\/v2\/comments?post=214"}],"version-history":[{"count":38,"href":"https:\/\/www.fc.up.pt\/dfa\/wp-json\/wp\/v2\/pages\/214\/revisions"}],"predecessor-version":[{"id":4536,"href":"https:\/\/www.fc.up.pt\/dfa\/wp-json\/wp\/v2\/pages\/214\/revisions\/4536"}],"wp:featuredmedia":[{"embeddable":true,"href":"https:\/\/www.fc.up.pt\/dfa\/wp-json\/wp\/v2\/media\/351"}],"wp:attachment":[{"href":"https:\/\/www.fc.up.pt\/dfa\/wp-json\/wp\/v2\/media?parent=214"}],"curies":[{"name":"wp","href":"https:\/\/api.w.org\/{rel}","templated":true}]}}