{"id":2,"date":"2021-06-30T11:36:43","date_gmt":"2021-06-30T10:36:43","guid":{"rendered":"https:\/\/www.fc.up.pt\/dfa\/?page_id=2"},"modified":"2025-01-09T14:49:18","modified_gmt":"2025-01-09T14:49:18","slug":"departamento","status":"publish","type":"page","link":"https:\/\/www.fc.up.pt\/dfa\/","title":{"rendered":"Departamento"},"content":{"rendered":"\n<h2 class=\"wp-block-heading\">F\u00edsica e Astronomia<\/h2>\n\n\n\n<p>Bem-vindo ao <strong>Departamento de F\u00edsica e Astronomia<\/strong> (DFA) da <a data-type=\"URL\" data-id=\"https:\/\/sigarra.up.pt\/fcup\/\" href=\"https:\/\/sigarra.up.pt\/fcup\/\" target=\"_blank\" rel=\"noreferrer noopener\"><strong>Faculdade de Ci\u00eancias<\/strong><\/a> (FCUP) da <a data-type=\"URL\" data-id=\"http:\/\/www.up.pt\" href=\"http:\/\/www.up.pt\" target=\"_blank\" rel=\"noreferrer noopener\"><strong>Universidade do Porto<\/strong><\/a> (U.Porto).<\/p>\n\n\n\n<p>A <a href=\"https:\/\/www.fc.up.pt\/dfa\/departamento\/descricao\/\" data-type=\"page\" data-id=\"286\">nossa miss\u00e3o<\/a> na universidade \u00e9 centrada na <a href=\"https:\/\/www.fc.up.pt\/dfa\/formacao\/\" data-type=\"page\" data-id=\"50\">forma\u00e7\u00e3o<\/a> e <a href=\"https:\/\/www.fc.up.pt\/dfa\/investigacao\/\" data-type=\"page\" data-id=\"10\">investiga\u00e7\u00e3o<\/a> de excel\u00eancia nas \u00e1reas de <strong>Astronomia, F\u00edsica e Engenharia F\u00edsica<\/strong>.<\/p>\n\n\n\n<p>Uma forma\u00e7\u00e3o exigente e rigorosa, \u00e9 apan\u00e1gio do Departamento de F\u00edsica e Astronomia da&nbsp;<a rel=\"noreferrer noopener\" href=\"https:\/\/sigarra.up.pt\/fcup\/\" target=\"_blank\">Faculdade de Ci\u00eancias<\/a>&nbsp;da&nbsp;<a rel=\"noreferrer noopener\" href=\"http:\/\/www.up.pt\" target=\"_blank\">Universidade do Porto<\/a>. Para tal, os recursos de que dispomos, incluem:<\/p>\n\n\n\n<ul class=\"wp-block-list\">\n<li>Uma gama de\u00a0<a href=\"https:\/\/www.fc.up.pt\/dfa\/formacao\/areas-disciplinares\/\">cursos<\/a>\u00a0de v\u00e1rios n\u00edveis que proporcionam <a data-type=\"page\" data-id=\"50\" href=\"https:\/\/www.fc.up.pt\/dfa\/formacao\/\">forma\u00e7\u00e3o<\/a> desde o primeiro ciclo ao doutoramento;<\/li>\n\n\n\n<li>Um\u00a0<a href=\"https:\/\/www.fc.up.pt\/dfa\/departamento\/equipa\/\">corpo docente\u00a0altamente qualificado<\/a>, integralmente doutorado, com grande <a href=\"https:\/\/www.fc.up.pt\/dfa\/investigacao\/producao-cientifica\/\" target=\"_blank\" rel=\"noreferrer noopener\">produ\u00e7\u00e3o cient\u00edfica<\/a>;<\/li>\n\n\n\n<li>Quatro\u00a0<a data-type=\"page\" data-id=\"530\" href=\"https:\/\/www.fc.up.pt\/dfa\/investigacao\/institutos-id\/\">institutos de investiga\u00e7\u00e3o<\/a>\u00a0e desenvolvimento\u00a0nas \u00e1reas relevantes para o DFA;<\/li>\n\n\n\n<li>Infraestruturas\u00a0<a href=\"https:\/\/www.fc.up.pt\/dfa\/formacao\/laboratorios-de-ensino\/\">laboratoriais de ensino<\/a>\u00a0e investiga\u00e7\u00e3o;<\/li>\n\n\n\n<li>Um intenso e diversificado programa de <a data-type=\"page\" data-id=\"214\" href=\"https:\/\/www.fc.up.pt\/dfa\/comunicacao\/\">liga\u00e7\u00e3o \u00e0 sociedade<\/a> e de <a data-type=\"page\" data-id=\"246\" href=\"https:\/\/www.fc.up.pt\/dfa\/services\/\">servi\u00e7os<\/a>.<\/li>\n<\/ul>\n\n\n\n<p>Visite o nosso <a data-type=\"page\" data-id=\"68\" href=\"https:\/\/www.fc.up.pt\/dfa\/noticias\/mapa\/\">site<\/a> para saber um pouco mais sobre o que fazemos. Informa\u00e7\u00e3o adicional sobre o Departamento pode tamb\u00e9m ser consultada no <a rel=\"noreferrer noopener\" href=\"https:\/\/sigarra.up.pt\/fcup\/pt\/uni_geral.unidade_view?pv_unidade=90\" target=\"_blank\">site da FCUP<\/a> (Sigarra).<\/p>\n","protected":false},"excerpt":{"rendered":"<p>F\u00edsica e Astronomia Bem-vindo ao Departamento de F\u00edsica e Astronomia (DFA) da Faculdade de Ci\u00eancias (FCUP) da Universidade do Porto (U.Porto). A nossa miss\u00e3o na universidade \u00e9 centrada na forma\u00e7\u00e3o e investiga\u00e7\u00e3o de excel\u00eancia nas \u00e1reas de Astronomia, F\u00edsica e Engenharia F\u00edsica. Uma forma\u00e7\u00e3o exigente e rigorosa, \u00e9 apan\u00e1gio do Departamento de F\u00edsica e Astronomia &hellip;<br \/><a href=\"https:\/\/www.fc.up.pt\/dfa\/\" class=\"more-link pen_button pen_element_default pen_icon_arrow_double\">Continue reading <span class=\"screen-reader-text\">Departamento<\/span><\/a><\/p>\n","protected":false},"author":2,"featured_media":3300,"parent":0,"menu_order":1,"comment_status":"closed","ping_status":"closed","template":"","meta":{"footnotes":""},"class_list":["post-2","page","type-page","status-publish","has-post-thumbnail","hentry"],"_links":{"self":[{"href":"https:\/\/www.fc.up.pt\/dfa\/wp-json\/wp\/v2\/pages\/2","targetHints":{"allow":["GET"]}}],"collection":[{"href":"https:\/\/www.fc.up.pt\/dfa\/wp-json\/wp\/v2\/pages"}],"about":[{"href":"https:\/\/www.fc.up.pt\/dfa\/wp-json\/wp\/v2\/types\/page"}],"author":[{"embeddable":true,"href":"https:\/\/www.fc.up.pt\/dfa\/wp-json\/wp\/v2\/users\/2"}],"replies":[{"embeddable":true,"href":"https:\/\/www.fc.up.pt\/dfa\/wp-json\/wp\/v2\/comments?post=2"}],"version-history":[{"count":59,"href":"https:\/\/www.fc.up.pt\/dfa\/wp-json\/wp\/v2\/pages\/2\/revisions"}],"predecessor-version":[{"id":5617,"href":"https:\/\/www.fc.up.pt\/dfa\/wp-json\/wp\/v2\/pages\/2\/revisions\/5617"}],"wp:featuredmedia":[{"embeddable":true,"href":"https:\/\/www.fc.up.pt\/dfa\/wp-json\/wp\/v2\/media\/3300"}],"wp:attachment":[{"href":"https:\/\/www.fc.up.pt\/dfa\/wp-json\/wp\/v2\/media?parent=2"}],"curies":[{"name":"wp","href":"https:\/\/api.w.org\/{rel}","templated":true}]}}