{"id":1985,"date":"2021-10-18T19:30:19","date_gmt":"2021-10-18T18:30:19","guid":{"rendered":"https:\/\/www.fc.up.pt\/dfa\/?page_id=1985"},"modified":"2025-12-16T10:49:14","modified_gmt":"2025-12-16T10:49:14","slug":"acoes-e-eventos","status":"publish","type":"page","link":"https:\/\/www.fc.up.pt\/dfa\/comunicacao\/acoes-e-eventos\/","title":{"rendered":"A\u00e7\u00f5es e eventos"},"content":{"rendered":"\n<p>O DFA tem um conjunto de <strong>a\u00e7\u00f5es e eventos regulares<\/strong>, que organiza ou em que participa, destinados a diferentes p\u00fablicos.<\/p>\n\n\n\n<p>O departamento e os seus Institutos t\u00eam estado tamb\u00e9m envolvidos em eventos pontuais ou iniciativas de \u00e2mbito nacional e\/ou internacional, como por exemplo:<\/p>\n\n\n\n<div class=\"wp-block-group alignwide\"><div class=\"wp-block-group__inner-container is-layout-constrained wp-block-group-is-layout-constrained\">\n<ul class=\"wp-block-list\">\n<li><strong><a data-type=\"page\" data-id=\"255\" href=\"https:\/\/www.fc.up.pt\/dfa\/comunicacao\/acoes-e-eventos\/evf\/\">Escola de Ver\u00e3o de F\u00edsica<\/a><\/strong>: organizada anualmente pelo DFA, no in\u00edcio de setembro, <a href=\"https:\/\/www.fc.up.pt\/dfa\/comunicacao\/acoes-e-eventos\/evf\/edicoes-da-escola-de-verao-de-fisica\/\">desde 2005<\/a>. <\/li>\n\n\n\n<li><a href=\"http:\/\/www.fc.up.pt\/dfa\/comunicacao\/acoes-e-eventos\/hands-on-medical-physics-particle-therapy\/\"><strong>CERN Masterclasses &#8211; F\u00edsica M\u00e9dica<\/strong><\/a><strong>:<\/strong> 1\u00aa edi\u00e7\u00e3o em abril de 2025, 2\u00aa edi\u00e7\u00e3o em 28 de mar\u00e7o de 2026.<\/li>\n\n\n\n<li><a href=\"https:\/\/www.fc.up.pt\/dfa\/comunicacao\/acoes-e-eventos\/cern-masterclass\/\"><strong>CERN MasterClasses &#8211; F\u00edsica de Part\u00edculas<\/strong><\/a>: organizada anualmente na primavera, pelo DFA em colabora\u00e7\u00e3o com o CERN e o LIP, desde 2009.<\/li>\n\n\n\n<li><a href=\"https:\/\/academiafisica.fc.up.pt\/\"><strong>Academia de F\u00edsica<\/strong><\/a>: organizada anualmente pelo DFA, 1\u00aa edi\u00e7\u00e3o em 2024 e 2\u00aa edi\u00e7\u00e3o em 2025.  <\/li>\n\n\n\n<li><strong><a href=\"https:\/\/www.fc.up.pt\/dfa\/comunicacao\/acoes-e-eventos\/dias-da-fisica-29-e-30-de-marco-2023\/\">Dias da F\u00edsica<\/a><\/strong>: organizada anualmente pelo DFA, <a href=\"https:\/\/www.fc.up.pt\/dfa\/comunicacao\/acoes-e-eventos\/dias-da-fisica-29-e-30-de-marco-2023\/\">1\u00aa edi\u00e7\u00e3o<\/a> em mar\u00e7o de 2023, <a href=\"https:\/\/www.fc.up.pt\/dfa\/comunicacao\/acoes-e-eventos\/dias-da-fisica-2a-edicao\/\">2\u00aa edi\u00e7\u00e3o<\/a> em mar\u00e7o 2024 e <a href=\"https:\/\/www.fc.up.pt\/dfa\/comunicacao\/acoes-e-eventos\/dias-da-fisica-8-e-9-de-abril-de-2025\/\">3\u00aa edi\u00e7\u00e3o<\/a> em abril de 2025.<\/li>\n<\/ul>\n<\/div><\/div>\n\n\n\n<ul class=\"wp-block-list\">\n<li><strong>Fantasporto &#8211; Exposi\u00e7\u00e3o de Hologramas e Tecnologias \u00d3ticas<\/strong> (<a rel=\"noreferrer noopener\" href=\"https:\/\/sigarra.up.pt\/fcup\/en\/noticias_geral.ver_noticia?p_nr=54873\" target=\"_blank\">2020<\/a>, <a rel=\"noreferrer noopener\" href=\"https:\/\/sigarra.up.pt\/fcup\/en\/noticias_geral.ver_noticia?p_nr=968\" target=\"_blank\">2012<\/a>), Teatro Rivoli &#8211; Porto.<\/li>\n<\/ul>\n\n\n\n<ul class=\"wp-block-list\">\n<li><strong>Dia do Asteroide<\/strong> (<a rel=\"noreferrer noopener\" href=\"https:\/\/sigarra.up.pt\/fcup\/pt\/noticias_geral.ver_noticia?p_nr=73133\" target=\"_blank\">2021<\/a>, <a rel=\"noreferrer noopener\" href=\"https:\/\/noticias.up.pt\/u-porto-celebra-dia-do-asteroide-juntamente-com-angola\/\" target=\"_blank\">2020<\/a>, <a rel=\"noreferrer noopener\" href=\"https:\/\/noticias.up.pt\/faculdade-de-ciencias-e-planetario-celebram-dia-do-asteroide\/\" target=\"_blank\">2019<\/a>, <a rel=\"noreferrer noopener\" href=\"http:\/\/planetario.up.pt\/pt\/evento\/asteroide18\" target=\"_blank\">2018<\/a>, <a rel=\"noreferrer noopener\" href=\"https:\/\/noticias.up.pt\/fcup-comemora-o-dia-do-asteroide-em-serralves\/\" target=\"_blank\">2017<\/a>, <a href=\"https:\/\/noticias.up.pt\/faculdade-de-ciencias-comemora-o-dia-do-asteroide\/\" target=\"_blank\" rel=\"noreferrer noopener\">2016<\/a>): diversas iniciativas co-organizadas pelo DFA e integradas numa <a rel=\"noreferrer noopener\" href=\"https:\/\/asteroidday.org\" target=\"_blank\">a\u00e7\u00e3o internacional<\/a> para assinalar este dia (30 de junho).<\/li>\n<\/ul>\n\n\n\n<ul class=\"wp-block-list\">\n<li><strong>Noite Europeia dos Investigadores<\/strong> (<a rel=\"noreferrer noopener\" href=\"https:\/\/noticias.up.pt\/u-porto-celebra-noite-europeia-dos-investigadores-em-dose-dupla\/\" target=\"_blank\">2021<\/a>, etc): o DFA e os seus Institutos participam regularmente nesta iniciativa da Comiss\u00e3o Europeia para celebrar e dar a conhecer as pessoas envolvidas na investiga\u00e7\u00e3o cientifica na Uni\u00e3o Europeia.<\/li>\n<\/ul>\n\n\n\n<ul class=\"wp-block-list\">\n<li><strong>Semana Mundial do Espa\u00e7o<\/strong> (<a href=\"https:\/\/www.fc.up.pt\/dfa\/noticias\/not\/2022\/10\/03\/semana-mundial-do-espaco-2022-planetario-do-porto\/\">2022<\/a>, <a data-type=\"post\" data-id=\"1481\" href=\"https:\/\/www.fc.up.pt\/dfa\/noticias\/not\/2021\/10\/04\/planetario-do-porto-semana-mundial-do-espaco-2021\/\">2021<\/a>, etc): celebra-se anualmente em outubro, tendo o DFA e os seus docentes e investigadores participado regulamente na sua celebra\u00e7\u00e3o, no \u00e2mbito de uma <a href=\"https:\/\/www.worldspaceweek.org\" target=\"_blank\" rel=\"noreferrer noopener\">iniciativa internacional<\/a>.<\/li>\n<\/ul>\n\n\n\n<ul class=\"wp-block-list\">\n<li><strong>Dia Nacional da Cultura Cientifica<\/strong> (<a rel=\"noreferrer noopener\" href=\"https:\/\/noticias.up.pt\/u-porto-celebra-online-o-dia-nacional-da-cultura-cientifica\/\" target=\"_blank\">2020<\/a>, etc): celebra\u00e7\u00e3o institu\u00edda em Portugal em 1996, em homenagem ao investigador e poeta R\u00f3mulo de Carvalho\/Ant\u00f3nio Gede\u00e3o, tendo sido fixado no dia do seu nascimento, 24 de novembro<\/li>\n<\/ul>\n\n\n\n<ul class=\"wp-block-list\">\n<li><strong>Dia Nacional dos Cientistas<\/strong> (<a href=\"https:\/\/www.fc.up.pt\/dfa\/noticias\/not\/2018\/05\/19\/noticias-u-porto-debate-sobre-astrofisica-no-parlamento\/\" data-type=\"post\" data-id=\"2241\">2018<\/a>, etc): <a rel=\"noreferrer noopener\" href=\"https:\/\/www.parlamento.pt\/Legislacao\/Paginas\/Ciencia_DiaNacionalCientistas.aspx\" target=\"_blank\">evento anual nacional<\/a> que marca a contribui\u00e7\u00e3o hist\u00f3rica, relevante e inovadora da comunidade cient\u00edfica para o avan\u00e7o do conhecimento, progresso e bem-estar da sociedade<\/li>\n<\/ul>\n\n\n\n<ul class=\"wp-block-list\">\n<li><strong>Ano Internacional da Luz <a rel=\"noreferrer noopener\" href=\"https:\/\/noticias.up.pt\/fcup-comemora-ano-internacional-da-luz-com-ciclo-de-palestras\/\" target=\"_blank\">2015<\/a><\/strong>: o DFA colaborou nas celebra\u00e7\u00f5es deste evento com v\u00e1rias atividades no \u00e2mbito desta <a rel=\"noreferrer noopener\" href=\"https:\/\/www.light2015.org\/\" target=\"_blank\">iniciativa internacional da UNESCO<\/a>.<\/li>\n<\/ul>\n\n\n\n<ul class=\"wp-block-list\">\n<li><strong>Ano Internacional da Astronomia 2009<\/strong>: O DFA colaborou em diversas atividades para assinalar a celebra\u00e7\u00e3o desta <a rel=\"noreferrer noopener\" href=\"https:\/\/www.astronomy2009.org\" target=\"_blank\">iniciativa internacional da UNESCO<\/a>.<\/li>\n<\/ul>\n\n\n\n<ul class=\"wp-block-list\">\n<li>etc&#8230;<\/li>\n\n\n\n<li><\/li>\n<\/ul>\n\n\n\n<p><\/p>\n","protected":false},"excerpt":{"rendered":"<p>O DFA tem um conjunto de a\u00e7\u00f5es e eventos regulares, que organiza ou em que participa, destinados a diferentes p\u00fablicos. O departamento e os seus Institutos t\u00eam estado tamb\u00e9m envolvidos em eventos pontuais ou iniciativas de \u00e2mbito nacional e\/ou internacional, como por exemplo:<\/p>\n","protected":false},"author":3,"featured_media":629,"parent":214,"menu_order":4,"comment_status":"closed","ping_status":"closed","template":"","meta":{"footnotes":""},"class_list":["post-1985","page","type-page","status-publish","has-post-thumbnail","hentry"],"_links":{"self":[{"href":"https:\/\/www.fc.up.pt\/dfa\/wp-json\/wp\/v2\/pages\/1985","targetHints":{"allow":["GET"]}}],"collection":[{"href":"https:\/\/www.fc.up.pt\/dfa\/wp-json\/wp\/v2\/pages"}],"about":[{"href":"https:\/\/www.fc.up.pt\/dfa\/wp-json\/wp\/v2\/types\/page"}],"author":[{"embeddable":true,"href":"https:\/\/www.fc.up.pt\/dfa\/wp-json\/wp\/v2\/users\/3"}],"replies":[{"embeddable":true,"href":"https:\/\/www.fc.up.pt\/dfa\/wp-json\/wp\/v2\/comments?post=1985"}],"version-history":[{"count":48,"href":"https:\/\/www.fc.up.pt\/dfa\/wp-json\/wp\/v2\/pages\/1985\/revisions"}],"predecessor-version":[{"id":5910,"href":"https:\/\/www.fc.up.pt\/dfa\/wp-json\/wp\/v2\/pages\/1985\/revisions\/5910"}],"up":[{"embeddable":true,"href":"https:\/\/www.fc.up.pt\/dfa\/wp-json\/wp\/v2\/pages\/214"}],"wp:featuredmedia":[{"embeddable":true,"href":"https:\/\/www.fc.up.pt\/dfa\/wp-json\/wp\/v2\/media\/629"}],"wp:attachment":[{"href":"https:\/\/www.fc.up.pt\/dfa\/wp-json\/wp\/v2\/media?parent=1985"}],"curies":[{"name":"wp","href":"https:\/\/api.w.org\/{rel}","templated":true}]}}