{"id":15,"date":"2021-07-22T15:56:44","date_gmt":"2021-07-22T14:56:44","guid":{"rendered":"https:\/\/www.fc.up.pt\/dfa\/?page_id=15"},"modified":"2022-11-17T15:28:31","modified_gmt":"2022-11-17T15:28:31","slug":"equipa","status":"publish","type":"page","link":"https:\/\/www.fc.up.pt\/dfa\/departamento\/equipa\/","title":{"rendered":"Equipa"},"content":{"rendered":"\n<p>A equipa do Departamento tem o contributo dos seguintes grupos:<\/p>\n\n\n\n<div class=\"wp-block-columns is-layout-flex wp-container-core-columns-is-layout-9d6595d7 wp-block-columns-is-layout-flex\">\n<div class=\"wp-block-column is-layout-flow wp-block-column-is-layout-flow\">\n<h3 class=\"has-text-align-center wp-block-heading\"><a href=\"https:\/\/www.fc.up.pt\/dfa\/departamento\/equipa\/docentes\/\" data-type=\"page\" data-id=\"835\">Docentes<\/a><\/h3>\n<\/div>\n\n\n\n<div class=\"wp-block-column is-layout-flow wp-block-column-is-layout-flow\">\n<h3 class=\"has-text-align-center wp-block-heading\"><a href=\"https:\/\/www.fc.up.pt\/dfa\/departamento\/equipa\/tecnicos\/\" data-type=\"page\" data-id=\"1301\">T\u00e9cnicos<\/a><\/h3>\n<\/div>\n\n\n\n<div class=\"wp-block-column is-layout-flow wp-block-column-is-layout-flow\">\n<h3 class=\"has-text-align-center wp-block-heading\"><a href=\"https:\/\/www.fc.up.pt\/dfa\/departamento\/equipa\/investigadores\/\" data-type=\"page\" data-id=\"1175\">Investigadores<\/a><\/h3>\n<\/div>\n<\/div>\n\n\n\n<div class=\"wp-block-columns is-layout-flex wp-container-core-columns-is-layout-9d6595d7 wp-block-columns-is-layout-flex\">\n<div class=\"wp-block-column is-layout-flow wp-block-column-is-layout-flow\">\n<div class=\"wp-block-group\"><div class=\"wp-block-group__inner-container is-layout-flow wp-block-group-is-layout-flow\"><div class=\"wp-block-image\">\n<figure class=\"aligncenter size-full is-resized\"><a href=\"https:\/\/www.fc.up.pt\/dfa\/departamento\/equipa\/docentes\/\"><img decoding=\"async\" src=\"https:\/\/www.fc.up.pt\/dfa\/wp-content\/uploads\/Docentes.png\" alt=\"\" class=\"wp-image-1514\" width=\"190\" srcset=\"https:\/\/www.fc.up.pt\/dfa\/wp-content\/uploads\/Docentes.png 300w, https:\/\/www.fc.up.pt\/dfa\/wp-content\/uploads\/Docentes-152x97.png 152w\" sizes=\"(max-width: 300px) 100vw, 300px\" \/><\/a><\/figure>\n<\/div><\/div><\/div>\n<\/div>\n\n\n\n<div class=\"wp-block-column is-layout-flow wp-block-column-is-layout-flow\"><div class=\"wp-block-image\">\n<figure class=\"aligncenter size-full is-resized\"><a href=\"https:\/\/www.fc.up.pt\/dfa\/departamento\/equipa\/tecnicos\/\"><img decoding=\"async\" src=\"https:\/\/www.fc.up.pt\/dfa\/wp-content\/uploads\/Tecnicos-2.png\" alt=\"\" class=\"wp-image-1920\" width=\"185\" srcset=\"https:\/\/www.fc.up.pt\/dfa\/wp-content\/uploads\/Tecnicos-2.png 300w, https:\/\/www.fc.up.pt\/dfa\/wp-content\/uploads\/Tecnicos-2-152x129.png 152w\" sizes=\"(max-width: 300px) 100vw, 300px\" \/><\/a><\/figure>\n<\/div><\/div>\n\n\n\n<div class=\"wp-block-column is-layout-flow wp-block-column-is-layout-flow\"><div class=\"wp-block-image\">\n<figure class=\"aligncenter size-full is-resized\"><a href=\"https:\/\/www.fc.up.pt\/dfa\/departamento\/equipa\/investigadores\/\"><img decoding=\"async\" src=\"https:\/\/www.fc.up.pt\/dfa\/wp-content\/uploads\/Investigadores.png\" alt=\"\" class=\"wp-image-1512\" width=\"190\" srcset=\"https:\/\/www.fc.up.pt\/dfa\/wp-content\/uploads\/Investigadores.png 300w, https:\/\/www.fc.up.pt\/dfa\/wp-content\/uploads\/Investigadores-152x128.png 152w\" sizes=\"(max-width: 300px) 100vw, 300px\" \/><\/a><\/figure>\n<\/div><\/div>\n<\/div>\n\n\n\n<h3 class=\"wp-block-heading\">Professores Afiliados:<\/h3>\n\n\n\n<p>T\u00edtulo atribu\u00eddo pela U.Porto, por proposta do departamento, a personalidades externas de reconhecido m\u00e9rito, que colaboram com o DFA, no \u00e2mbito das suas atividades de doc\u00eancia e investiga\u00e7\u00e3o.<\/p>\n\n\n\n<ul class=\"wp-block-list\">\n<li><strong>John William George Tisch<\/strong>, <em>Imperial College of London &#8211; Reino Unido<\/em> (2019-)<\/li>\n<\/ul>\n\n\n\n<ul class=\"wp-block-list\">\n<li><strong>Pedro Gil Vieira<\/strong>, <em>Perimeter Institute &#8211; Canad\u00e1<\/em> (2017-2020)<\/li>\n<\/ul>\n\n\n\n<ul class=\"wp-block-list\">\n<li><strong>Nuno Miguel Cardoso Santos, <\/strong><em>Centro de Astrof\u00edsica da Universidade do Porto &#8211; Portugal<\/em> (2009-2014)<\/li>\n<\/ul>\n\n\n\n<p><\/p>\n\n\n\n<h3 class=\"wp-block-heading\">Pr\u00e9mios e reconhecimentos:<\/h3>\n\n\n\n<p>Alguns dos pr\u00e9mios e t\u00edtulos que distinguiram os docentes e investigadores do DFA.<\/p>\n\n\n\n<ul class=\"wp-block-list\">\n<li><a href=\"https:\/\/noticias.up.pt\/nuno-cardoso-santos-e-o-investigador-do-ano-da-universidade-do-porto\/\" target=\"_blank\" rel=\"noreferrer noopener\"><strong>Pr\u00e9mio de Excel\u00eancia Cient\u00edfica da U.Porto 2022<\/strong><\/a>: Nuno Miguel Cardoso Santos<\/li>\n<\/ul>\n\n\n\n<ul class=\"wp-block-list\">\n<li><strong><a href=\"https:\/\/sigarra.up.pt\/fcup\/pt\/web_base.gera_pagina?p_pagina=1046114\" target=\"_blank\" rel=\"noreferrer noopener\">Pr\u00e9mio Centen\u00e1rio da FCUP 2018<\/a><\/strong>: Ant\u00f3nio Manuel Pais Pereira Leite<\/li>\n<\/ul>\n\n\n\n<ul class=\"wp-block-list\">\n<li><strong><a href=\"https:\/\/noticias.up.pt\/teresa-lago-vence-grande-premio-ciencia-viva-montepio\/\" target=\"_blank\" rel=\"noreferrer noopener\">Grande Pr\u00e9mio Ci\u00eancia Viva 2018<\/a><\/strong>: Maria Teresa Vaz Torr\u00e3o Lago<\/li>\n<\/ul>\n\n\n\n<ul class=\"wp-block-list\">\n<li><strong><a rel=\"noreferrer noopener\" href=\"https:\/\/sigarra.up.pt\/up\/pt\/web_base.gera_pagina?P_pagina=1034777\" target=\"_blank\">Professor Em\u00e9rito U.Porto 2017<\/a><\/strong>: Jo\u00e3o Ant\u00f3nio de Bessa Meneses e Sousa<\/li>\n<\/ul>\n\n\n\n<ul class=\"wp-block-list\">\n<li><strong><a rel=\"noreferrer noopener\" href=\"https:\/\/sigarra.up.pt\/fcup\/pt\/web_base.gera_pagina?p_pagina=1036810\" target=\"_blank\">Pr\u00e9mio Centen\u00e1rio da FCUP 2016<\/a><\/strong>: Jo\u00e3o Ant\u00f3nio de Bessa Meneses e Sousa<\/li>\n<\/ul>\n\n\n\n<ul class=\"wp-block-list\">\n<li><strong><a href=\"https:\/\/noticias.up.pt\/governo-distingue-investigadores-da-u-porto-com-medalhas-de-merito\/\" target=\"_blank\" rel=\"noreferrer noopener\">Medalha de M\u00e9rito Cient\u00edfico 2016<\/a>:<\/strong> Maria Teresa Vaz Torr\u00e3o Lago<\/li>\n<\/ul>\n\n\n\n<ul class=\"wp-block-list\">\n<li><strong><a rel=\"noreferrer noopener\" href=\"https:\/\/pt.wikipedia.org\/wiki\/Pr\u00e9mio_Seiva\" target=\"_blank\">Pr\u00e9mio Seiva 2012<\/a><\/strong>: Nuno Miguel&nbsp;Cardoso Santos<\/li>\n<\/ul>\n\n\n\n<ul class=\"wp-block-list\">\n<li><strong><a rel=\"noreferrer noopener\" href=\"https:\/\/sigarra.up.pt\/fcup\/pt\/web_base.gera_pagina?p_pagina=1006969\" target=\"_blank\">Pr\u00e9mio Centen\u00e1rio da FCUP 2011<\/a><\/strong>: Jos\u00e9 Maria Ribeiro Moreira de Ara\u00fajo<\/li>\n<\/ul>\n\n\n\n<ul class=\"wp-block-list\">\n<li><strong><a rel=\"noreferrer noopener\" href=\"http:\/\/vaprize.sci.am\/prizes\/2010\/prize2010.php\" target=\"_blank\">Viktor Ambartsumian Prize 2010<\/a><\/strong>: Nuno Miguel&nbsp;Cardoso Santos<\/li>\n<\/ul>\n\n\n\n<ul class=\"wp-block-list\">\n<li><a href=\"https:\/\/www.ordens.presidencia.pt\/?idc=184\" target=\"_blank\" rel=\"noreferrer noopener\"><strong>Grande-Oficial da Ordem de Sant&#8217;Iago da Espada 2005<\/strong><\/a>: Jos\u00e9 Maria Ribeiro Moreira de Ara\u00fajo<\/li>\n<\/ul>\n\n\n\n<ul class=\"wp-block-list\">\n<li><strong><a rel=\"noreferrer noopener\" href=\"https:\/\/sigarra.up.pt\/up\/pt\/web_base.gera_pagina?P_pagina=1006699\" target=\"_blank\">Professor Em\u00e9rito U.Porto 2004<\/a><\/strong>: Jos\u00e9 Maria Ribeiro Moreira de Ara\u00fajo<\/li>\n<\/ul>\n\n\n\n<p><\/p>\n\n\n\n<p><\/p>\n","protected":false},"excerpt":{"rendered":"<p>A equipa do Departamento tem o contributo dos seguintes grupos: Docentes T\u00e9cnicos Investigadores Professores Afiliados: T\u00edtulo atribu\u00eddo pela U.Porto, por proposta do departamento, a personalidades externas de reconhecido m\u00e9rito, que colaboram com o DFA, no \u00e2mbito das suas atividades de doc\u00eancia e investiga\u00e7\u00e3o. Pr\u00e9mios e reconhecimentos: Alguns dos pr\u00e9mios e t\u00edtulos que distinguiram os docentes &hellip;<br \/><a href=\"https:\/\/www.fc.up.pt\/dfa\/departamento\/equipa\/\" class=\"more-link pen_button pen_element_default pen_icon_arrow_double\">Continue reading <span class=\"screen-reader-text\">Equipa<\/span><\/a><\/p>\n","protected":false},"author":2,"featured_media":1555,"parent":2,"menu_order":3,"comment_status":"closed","ping_status":"closed","template":"","meta":{"footnotes":""},"class_list":["post-15","page","type-page","status-publish","has-post-thumbnail","hentry"],"_links":{"self":[{"href":"https:\/\/www.fc.up.pt\/dfa\/wp-json\/wp\/v2\/pages\/15","targetHints":{"allow":["GET"]}}],"collection":[{"href":"https:\/\/www.fc.up.pt\/dfa\/wp-json\/wp\/v2\/pages"}],"about":[{"href":"https:\/\/www.fc.up.pt\/dfa\/wp-json\/wp\/v2\/types\/page"}],"author":[{"embeddable":true,"href":"https:\/\/www.fc.up.pt\/dfa\/wp-json\/wp\/v2\/users\/2"}],"replies":[{"embeddable":true,"href":"https:\/\/www.fc.up.pt\/dfa\/wp-json\/wp\/v2\/comments?post=15"}],"version-history":[{"count":83,"href":"https:\/\/www.fc.up.pt\/dfa\/wp-json\/wp\/v2\/pages\/15\/revisions"}],"predecessor-version":[{"id":4423,"href":"https:\/\/www.fc.up.pt\/dfa\/wp-json\/wp\/v2\/pages\/15\/revisions\/4423"}],"up":[{"embeddable":true,"href":"https:\/\/www.fc.up.pt\/dfa\/wp-json\/wp\/v2\/pages\/2"}],"wp:featuredmedia":[{"embeddable":true,"href":"https:\/\/www.fc.up.pt\/dfa\/wp-json\/wp\/v2\/media\/1555"}],"wp:attachment":[{"href":"https:\/\/www.fc.up.pt\/dfa\/wp-json\/wp\/v2\/media?parent=15"}],"curies":[{"name":"wp","href":"https:\/\/api.w.org\/{rel}","templated":true}]}}