{"id":1301,"date":"2021-10-01T18:52:05","date_gmt":"2021-10-01T17:52:05","guid":{"rendered":"https:\/\/www.fc.up.pt\/dfa\/?page_id=1301"},"modified":"2021-10-19T19:04:35","modified_gmt":"2021-10-19T18:04:35","slug":"tecnicos","status":"publish","type":"page","link":"https:\/\/www.fc.up.pt\/dfa\/departamento\/equipa\/tecnicos\/","title":{"rendered":"T\u00e9cnicos"},"content":{"rendered":"\n<p>O Departamento conta com o contributo de pessoal t\u00e9cnico com um leque alargado de compet\u00eancias e fun\u00e7\u00f5es.<\/p>\n\n\n\n<p><strong>Recrutamento<\/strong>: de momento n\u00e3o h\u00e1 concursos de recrutamento de t\u00e9cnicos para o DFA.\u00a0<strong><em>Volte novamente em breve<\/em><\/strong>!<\/p>\n\n\n\n<hr class=\"wp-block-separator has-text-color has-background has-pale-cyan-blue-background-color has-pale-cyan-blue-color is-style-default\"\/>\n\n\n<div class=\"abcfslFiltersCntr abcfslMLRAuto  abcfslFItemMLR20  abcfslMB20  abcfslMT10\"><div class=\"abcfslFItemsCntr_1307 abcfslFItemsCntr\"><ul id=\"abcfslCAT\" class=\"abcfslTxtCenter\"><li><a class=\"fSelected  abcfslFActive2 abcfslUpper\" href=\"https:\/\/www.fc.up.pt\/dfa\/departamento\/equipa\/tecnicos\/?staff-category=*\">Todos  |<\/a><\/li><li><a class=\"abcfslUpper\" href=\"https:\/\/www.fc.up.pt\/dfa\/departamento\/equipa\/tecnicos\/?staff-category=tecnico-superior\">T\u00e9cnico Superior<\/a><\/li><li><a class=\"abcfslUpper\" href=\"https:\/\/www.fc.up.pt\/dfa\/departamento\/equipa\/tecnicos\/?staff-category=assistente-tecnico\">Assistente T\u00e9cnico<\/a><\/li><li><a class=\"abcfslUpper\" href=\"https:\/\/www.fc.up.pt\/dfa\/departamento\/equipa\/tecnicos\/?staff-category=assistente-operacional\">Assistente Operacional<\/a><\/li><\/ul><\/div><\/div><div class=\"abcfslGridCntr  abcfslMLRAuto slv174_t1304_L abcfslGridCntr_1304\"><div class=\"abcfslItemCntrLst abcfslPadBMB30 abcfClrFix\"><div class=\"abcfslLstCol abcfslLstCol-3 abcfslImgColLst\"><div class=\"abcfslImgCntrLst abcfslMLRPc\"><img decoding=\"async\"  src=\"https:\/\/www.fc.up.pt\/dfa\/wp-content\/uploads\/548854-122x152.jpeg\" class=\"abcfslImgBorder5\" alt=\"\" itemprop=\"image\"  \/><\/div><\/div><div class=\"abcfslLstCol abcfslLstCol-9 abcfslTxtColLst\"><div class=\"abcfslTxtCntrLst  abcfslPadLPc5\"><h4 class=\"MP-F1\"><span class=\"abcfslSpanMP1\">Ana Sofia <\/span><span class=\"abcfslSpanMP2\">Marques Queir\u00f3s <\/span><\/h4><h6 class=\"abcfslMT10 T-F2\">T\u00e9cnico Superior<\/h6><div class=\"STXEM-F4\"><a href=\"mailto:asmqueiros@fc.up.pt\">Email<\/a><\/div><div class=\"TH-F5\"><a href=\"https:\/\/sigarra.up.pt\/fcup\/pt\/func_geral.FormView?P_CODIGO=548854\" target=\"_blank\" rel=\"noopener\">Mais informa\u00e7\u00e3o<\/a><\/div><\/div><\/div><\/div><div class=\"abcfslItemCntrLst abcfslPadBMB30 abcfClrFix\"><div class=\"abcfslLstCol abcfslLstCol-3 abcfslImgColLst\"><div class=\"abcfslImgCntrLst abcfslMLRPc\"><img decoding=\"async\"  src=\"https:\/\/www.fc.up.pt\/dfa\/wp-content\/uploads\/466439-122x152.jpeg\" class=\"abcfslImgBorder5\" alt=\"\" itemprop=\"image\"  \/><\/div><\/div><div class=\"abcfslLstCol abcfslLstCol-9 abcfslTxtColLst\"><div class=\"abcfslTxtCntrLst  abcfslPadLPc5\"><h4 class=\"MP-F1\"><span class=\"abcfslSpanMP1\">\u00c2ngela <\/span><span class=\"abcfslSpanMP2\">Margareta Almeida Cardoso <\/span><\/h4><h6 class=\"abcfslMT10 T-F2\">Assistente T\u00e9cnico<\/h6><div class=\"STXEM-F4\"><a href=\"mailto:angela.margareta@fc.up.pt\">Email<\/a><\/div><div class=\"TH-F5\"><a href=\"https:\/\/sigarra.up.pt\/fcup\/pt\/func_geral.FormView?P_CODIGO=466439\" target=\"_blank\" rel=\"noopener\">Mais informa\u00e7\u00e3o<\/a><\/div><\/div><\/div><\/div><div class=\"abcfslItemCntrLst abcfslPadBMB30 abcfClrFix\"><div class=\"abcfslLstCol abcfslLstCol-3 abcfslImgColLst\"><div class=\"abcfslImgCntrLst abcfslMLRPc\"><img decoding=\"async\"  src=\"https:\/\/www.fc.up.pt\/dfa\/wp-content\/uploads\/203214-106x152.jpeg\" class=\"abcfslImgBorder5\" alt=\"\" itemprop=\"image\"  \/><\/div><\/div><div class=\"abcfslLstCol abcfslLstCol-9 abcfslTxtColLst\"><div class=\"abcfslTxtCntrLst  abcfslPadLPc5\"><h4 class=\"MP-F1\"><span class=\"abcfslSpanMP1\">Cristina <\/span><span class=\"abcfslSpanMP2\">Pinto da Silva <\/span><\/h4><h6 class=\"abcfslMT10 T-F2\">Assistente Operacional<\/h6><div class=\"STXEM-F4\"><a href=\"mailto:cristinasilva@fc.up.pt\">Email<\/a><\/div><div class=\"TH-F5\"><a href=\"https:\/\/sigarra.up.pt\/fcup\/pt\/func_geral.FormView?P_CODIGO=203214\" target=\"_blank\" rel=\"noopener\">Mais informa\u00e7\u00e3o<\/a><\/div><\/div><\/div><\/div><div class=\"abcfslItemCntrLst abcfslPadBMB30 abcfClrFix\"><div class=\"abcfslLstCol abcfslLstCol-3 abcfslImgColLst\"><div class=\"abcfslImgCntrLst abcfslMLRPc\"><img decoding=\"async\"  src=\"https:\/\/www.fc.up.pt\/dfa\/wp-content\/uploads\/424569-114x152.jpg\" class=\"abcfslImgBorder5\" alt=\"\" itemprop=\"image\"  \/><\/div><\/div><div class=\"abcfslLstCol abcfslLstCol-9 abcfslTxtColLst\"><div class=\"abcfslTxtCntrLst  abcfslPadLPc5\"><h4 class=\"MP-F1\"><span class=\"abcfslSpanMP1\">Fernando <\/span><span class=\"abcfslSpanMP2\">Manuel Tavares da Silva <\/span><\/h4><h6 class=\"abcfslMT10 T-F2\">Assistente T\u00e9cnico<\/h6><div class=\"STXEM-F4\"><a href=\"mailto:fsilva@fc.up.pt\">Email<\/a><\/div><div class=\"TH-F5\"><a href=\"https:\/\/sigarra.up.pt\/fcup\/pt\/func_geral.FormView?P_CODIGO=424569\" target=\"_blank\" rel=\"noopener\">Mais informa\u00e7\u00e3o<\/a><\/div><\/div><\/div><\/div><div class=\"abcfslItemCntrLst abcfslPadBMB30 abcfClrFix\"><div class=\"abcfslLstCol abcfslLstCol-3 abcfslImgColLst\"><div class=\"abcfslImgCntrLst abcfslMLRPc\"><img decoding=\"async\"  src=\"https:\/\/www.fc.up.pt\/dfa\/wp-content\/uploads\/image-106x152.jpeg\" class=\"abcfslImgBorder5\" alt=\"\" itemprop=\"image\"  \/><\/div><\/div><div class=\"abcfslLstCol abcfslLstCol-9 abcfslTxtColLst\"><div class=\"abcfslTxtCntrLst  abcfslPadLPc5\"><h4 class=\"MP-F1\"><span class=\"abcfslSpanMP1\">Florbela Maria <\/span><span class=\"abcfslSpanMP2\">Martins Teixeira <\/span><\/h4><h6 class=\"abcfslMT10 T-F2\">T\u00e9cnico Superior<\/h6><div class=\"STXEM-F4\"><a href=\"mailto:fmartins@fc.up.pt\">Email<\/a><\/div><div class=\"TH-F5\"><a href=\"https:\/\/sigarra.up.pt\/fcup\/pt\/func_geral.FormView?P_CODIGO=237597\" target=\"_blank\" rel=\"noopener\">Mais informa\u00e7\u00e3o<\/a><\/div><\/div><\/div><\/div><div class=\"abcfslItemCntrLst abcfslPadBMB30 abcfClrFix\"><div class=\"abcfslLstCol abcfslLstCol-3 abcfslImgColLst\"><div class=\"abcfslImgCntrLst abcfslMLRPc\"><img decoding=\"async\"  src=\"https:\/\/www.fc.up.pt\/dfa\/wp-content\/uploads\/EmbeddedImage-113x152.png\" class=\"abcfslImgBorder5\" alt=\"\" itemprop=\"image\"  \/><\/div><\/div><div class=\"abcfslLstCol abcfslLstCol-9 abcfslTxtColLst\"><div class=\"abcfslTxtCntrLst  abcfslPadLPc5\"><h4 class=\"MP-F1\"><span class=\"abcfslSpanMP1\">Francisco <\/span><span class=\"abcfslSpanMP2\">Salgueiro Carpinteiro <\/span><\/h4><h6 class=\"abcfslMT10 T-F2\">T\u00e9cnico Superior<\/h6><div class=\"STXEM-F4\"><a href=\"mailto:fscarpin@fc.up.pt\">Email<\/a><\/div><div class=\"TH-F5\"><a href=\"https:\/\/sigarra.up.pt\/fcup\/pt\/func_geral.FormView?P_CODIGO=229238\" target=\"_blank\" rel=\"noopener\">Mais informa\u00e7\u00e3o<\/a><\/div><\/div><\/div><\/div><div class=\"abcfslItemCntrLst abcfslPadBMB30 abcfClrFix\"><div class=\"abcfslLstCol abcfslLstCol-3 abcfslImgColLst\"><div class=\"abcfslImgCntrLst abcfslMLRPc\"><img decoding=\"async\"  src=\"https:\/\/www.fc.up.pt\/dfa\/wp-content\/uploads\/230620-122x152.jpeg\" class=\"abcfslImgBorder5\" alt=\"\" itemprop=\"image\"  \/><\/div><\/div><div class=\"abcfslLstCol abcfslLstCol-9 abcfslTxtColLst\"><div class=\"abcfslTxtCntrLst  abcfslPadLPc5\"><h4 class=\"MP-F1\"><span class=\"abcfslSpanMP1\">Maria Armanda <\/span><span class=\"abcfslSpanMP2\">Pereira Monteiro da Silva <\/span><\/h4><h6 class=\"abcfslMT10 T-F2\">Assistente Operacional<\/h6><div class=\"STXEM-F4\"><a href=\"mailto:masilva@fc.up.pt\">Email<\/a><\/div><div class=\"TH-F5\"><a href=\"https:\/\/sigarra.up.pt\/fcup\/pt\/func_geral.FormView?P_CODIGO=230620\" target=\"_blank\" rel=\"noopener\">Mais informa\u00e7\u00e3o<\/a><\/div><\/div><\/div><\/div><div class=\"abcfslItemCntrLst abcfslPadBMB30 abcfClrFix\"><div class=\"abcfslLstCol abcfslLstCol-3 abcfslImgColLst\"><div class=\"abcfslImgCntrLst abcfslMLRPc\"><img decoding=\"async\"  src=\"https:\/\/www.fc.up.pt\/dfa\/wp-content\/uploads\/202943-106x152.jpeg\" class=\"abcfslImgBorder5\" alt=\"\" itemprop=\"image\"  \/><\/div><\/div><div class=\"abcfslLstCol abcfslLstCol-9 abcfslTxtColLst\"><div class=\"abcfslTxtCntrLst  abcfslPadLPc5\"><h4 class=\"MP-F1\"><span class=\"abcfslSpanMP1\">Maria Filomena <\/span><span class=\"abcfslSpanMP2\">Gomes Dara <\/span><\/h4><h6 class=\"abcfslMT10 T-F2\">Assistente T\u00e9cnico<\/h6><div class=\"STXEM-F4\"><a href=\"mailto:mfdara@fc.up.pt\">Email<\/a><\/div><div class=\"TH-F5\"><a href=\"https:\/\/sigarra.up.pt\/fcup\/pt\/func_geral.FormView?P_CODIGO=202943\" target=\"_blank\" rel=\"noopener\">Mais informa\u00e7\u00e3o<\/a><\/div><\/div><\/div><\/div><div class=\"abcfslItemCntrLst abcfslPadBMB30 abcfClrFix\"><div class=\"abcfslLstCol abcfslLstCol-3 abcfslImgColLst\"><div class=\"abcfslImgCntrLst abcfslMLRPc\"><img decoding=\"async\"  src=\"https:\/\/www.fc.up.pt\/dfa\/wp-content\/uploads\/EmbeddedImage-1-114x152.png\" class=\"abcfslImgBorder5\" alt=\"\" itemprop=\"image\"  \/><\/div><\/div><div class=\"abcfslLstCol abcfslLstCol-9 abcfslTxtColLst\"><div class=\"abcfslTxtCntrLst  abcfslPadLPc5\"><h4 class=\"MP-F1\"><span class=\"abcfslSpanMP1\">Maria Isabel <\/span><span class=\"abcfslSpanMP2\">Vieira Alves Pacheco <\/span><\/h4><h6 class=\"abcfslMT10 T-F2\">Assistente T\u00e9cnico<\/h6><div class=\"STXEM-F4\"><a href=\"mailto:mapachec@fc.up.pt\">Email<\/a><\/div><div class=\"TH-F5\"><a href=\"https:\/\/sigarra.up.pt\/fcup\/pt\/func_geral.FormView?P_CODIGO=229212\" target=\"_blank\" rel=\"noopener\">Mais informa\u00e7\u00e3o<\/a><\/div><\/div><\/div><\/div><div class=\"abcfslItemCntrLst abcfslPadBMB30 abcfClrFix\"><div class=\"abcfslLstCol abcfslLstCol-3 abcfslImgColLst\"><div class=\"abcfslImgCntrLst abcfslMLRPc\"><img decoding=\"async\"  src=\"https:\/\/www.fc.up.pt\/dfa\/wp-content\/uploads\/399648-122x152.jpeg\" class=\"abcfslImgBorder5\" alt=\"\" itemprop=\"image\"  \/><\/div><\/div><div class=\"abcfslLstCol abcfslLstCol-9 abcfslTxtColLst\"><div class=\"abcfslTxtCntrLst  abcfslPadLPc5\"><h4 class=\"MP-F1\"><span class=\"abcfslSpanMP1\">Pedro Filipe <\/span><span class=\"abcfslSpanMP2\">Lemos Cruz <\/span><\/h4><h6 class=\"abcfslMT10 T-F2\">Assistente T\u00e9cnico<\/h6><div class=\"STXEM-F4\"><a href=\"mailto:pedro.cruz@fc.up.pt\">Email<\/a><\/div><div class=\"TH-F5\"><a href=\"https:\/\/sigarra.up.pt\/fcup\/pt\/func_geral.FormView?P_CODIGO=399648\" target=\"_blank\" rel=\"noopener\">Mais informa\u00e7\u00e3o<\/a><\/div><\/div><\/div><\/div><\/div>\n\n\n\n<p><\/p>\n","protected":false},"excerpt":{"rendered":"<p>O Departamento conta com o contributo de pessoal t\u00e9cnico com um leque alargado de compet\u00eancias e fun\u00e7\u00f5es. Recrutamento: de momento n\u00e3o h\u00e1 concursos de recrutamento de t\u00e9cnicos para o DFA.\u00a0Volte novamente em breve!<\/p>\n","protected":false},"author":2,"featured_media":1555,"parent":15,"menu_order":2,"comment_status":"closed","ping_status":"closed","template":"","meta":{"footnotes":""},"class_list":["post-1301","page","type-page","status-publish","has-post-thumbnail","hentry"],"_links":{"self":[{"href":"https:\/\/www.fc.up.pt\/dfa\/wp-json\/wp\/v2\/pages\/1301","targetHints":{"allow":["GET"]}}],"collection":[{"href":"https:\/\/www.fc.up.pt\/dfa\/wp-json\/wp\/v2\/pages"}],"about":[{"href":"https:\/\/www.fc.up.pt\/dfa\/wp-json\/wp\/v2\/types\/page"}],"author":[{"embeddable":true,"href":"https:\/\/www.fc.up.pt\/dfa\/wp-json\/wp\/v2\/users\/2"}],"replies":[{"embeddable":true,"href":"https:\/\/www.fc.up.pt\/dfa\/wp-json\/wp\/v2\/comments?post=1301"}],"version-history":[{"count":12,"href":"https:\/\/www.fc.up.pt\/dfa\/wp-json\/wp\/v2\/pages\/1301\/revisions"}],"predecessor-version":[{"id":2055,"href":"https:\/\/www.fc.up.pt\/dfa\/wp-json\/wp\/v2\/pages\/1301\/revisions\/2055"}],"up":[{"embeddable":true,"href":"https:\/\/www.fc.up.pt\/dfa\/wp-json\/wp\/v2\/pages\/15"}],"wp:featuredmedia":[{"embeddable":true,"href":"https:\/\/www.fc.up.pt\/dfa\/wp-json\/wp\/v2\/media\/1555"}],"wp:attachment":[{"href":"https:\/\/www.fc.up.pt\/dfa\/wp-json\/wp\/v2\/media?parent=1301"}],"curies":[{"name":"wp","href":"https:\/\/api.w.org\/{rel}","templated":true}]}}