{"id":1199,"date":"2021-10-18T19:20:51","date_gmt":"2021-10-18T18:20:51","guid":{"rendered":"https:\/\/www.fc.up.pt\/dfa\/?page_id=1199"},"modified":"2023-11-17T13:42:30","modified_gmt":"2023-11-17T13:42:30","slug":"artigos_material","status":"publish","type":"page","link":"https:\/\/www.fc.up.pt\/dfa\/comunicacao\/artigos_material\/","title":{"rendered":"Artigos e material"},"content":{"rendered":"\n<p>O Departamento e os seus <a href=\"https:\/\/www.fc.up.pt\/dfa\/departamento\/equipa\/docentes\/\" data-type=\"page\" data-id=\"835\">docentes<\/a> e <a href=\"https:\/\/www.fc.up.pt\/dfa\/departamento\/equipa\/investigadores\/\" data-type=\"page\" data-id=\"1175\">investigadores<\/a> tamb\u00e9m produzem ou colaboram na produ\u00e7\u00e3o de diversos artigos e materiais de divulga\u00e7\u00e3o e ensino no \u00e2mbito das <a href=\"https:\/\/www.fc.up.pt\/dfa\/formacao\/areas-disciplinares\/\" data-type=\"page\" data-id=\"380\">\u00e1reas de interven\u00e7\u00e3o<\/a> do DFA.<\/p>\n\n\n\n<h3 class=\"wp-block-heading\" id=\"national-geographic-pt\">National Geographic PT:<\/h3>\n\n\n\n<p>Colabora\u00e7\u00e3o com a <strong><a href=\"https:\/\/www.natgeo.pt\" target=\"_blank\" rel=\"noreferrer noopener\">National Geographic PT<\/a><\/strong> atrav\u00e9s da autoria de artigos sobre temas de ci\u00eancia. Alguns exemplos s\u00e3o:<\/p>\n\n\n\n<ul class=\"wp-block-list\">\n<li>2023-11-16: <a href=\"https:\/\/www.nationalgeographic.pt\/ciencia\/arqueologia-galactica_4414\">Arqueologia Gal\u00e1ctica (atualiza\u00e7\u00e3o)<\/a>, Tiago Campante<\/li>\n\n\n\n<li>2023-07-13: <a href=\"https:\/\/www.nationalgeographic.pt\/ciencia\/galaxias-anas-pequenas-habitantes-universo_3951\">Gal\u00e1xias an\u00e3s: as pequenas habitantes do Universo<\/a>, Patricio Lagos<\/li>\n<\/ul>\n\n\n\n<ul class=\"wp-block-list\">\n<li>2021-10-27: <a href=\"https:\/\/www.natgeo.pt\/espaco\/2021\/10\/estrelas-e-planetas-fora-dos-eixos-ou-a-historia-atipica-de-mundos-distantes\" target=\"_blank\" rel=\"noreferrer noopener\">Estrelas e planetas fora dos eixos, ou a hist\u00f3ria at\u00edpica de mundos distantes<\/a>, Charlotte Gehan<\/li>\n\n\n\n<li>2021-10-01:&nbsp;<a rel=\"noreferrer noopener\" href=\"https:\/\/www.natgeo.pt\/espaco\/2021\/09\/como-forjar-as-mais-deslumbrantes-fornalhas-da-via-lactea\" target=\"_blank\">Como forjar as mais deslumbrantes fornalhas da Via L\u00e1ctea?<\/a>, Nanda Kumar<\/li>\n\n\n\n<li>2021-08-02:&nbsp;<a rel=\"noreferrer noopener\" href=\"https:\/\/www.natgeo.pt\/ciencia\/2021\/08\/a-procura-dos-aneis-que-poderao-destronar-saturno\" target=\"_blank\">\u00c0 procura dos an\u00e9is que poder\u00e3o destronar Saturno<\/a>, Babatunde Akinsanmi<\/li>\n\n\n\n<li>2021-06-01:&nbsp;<a rel=\"noreferrer noopener\" href=\"https:\/\/www.natgeo.pt\/espaco\/2021\/06\/galaxias-ativas-onde-a-materia-se-confronta-com-monstros-cosmicos\" target=\"_blank\">Gal\u00e1xias Ativas: onde a mat\u00e9ria se confronta com monstros c\u00f3smicos<\/a>, Abhishek Rajesh Chougule<\/li>\n\n\n\n<li>2021-04-09:&nbsp;<a rel=\"noreferrer noopener\" href=\"https:\/\/www.natgeo.pt\/ciencia\/2021\/04\/astronomia-cidada-que-descoberta-cientifica-ja-fez-hoje\" target=\"_blank\">Astronomia cidad\u00e3: que descoberta cient\u00edfica j\u00e1 fez hoje?<\/a>, Il\u00eddio Andr\u00e9 Costa<\/li>\n\n\n\n<li>2021-01-08:&nbsp;<a rel=\"noreferrer noopener\" href=\"https:\/\/www.natgeo.pt\/ciencia\/2021\/01\/vamos-mergulhar-numa-estrela-aceita-o-convite\" target=\"_blank\">Vamos Mergulhar Numa Estrela. Aceita o Convite?<\/a>, Miguel T. Clara<\/li>\n<\/ul>\n\n\n\n<ul class=\"wp-block-list\">\n<li>2020-10-02:&nbsp;<a rel=\"noreferrer noopener\" href=\"https:\/\/www.natgeo.pt\/ciencia\/2020\/10\/portugal-ja-esta-no-espresso-para-outras-terras\" target=\"_blank\">Portugal j\u00e1 est\u00e1 no ESPRESSO para outras Terras<\/a>, Nuno C. Santos<\/li>\n\n\n\n<li>2020-09-22:&nbsp;<a rel=\"noreferrer noopener\" href=\"https:\/\/www.natgeo.pt\/espaco\/2020\/09\/quantas-outras-terras-existem-na-via-lactea\" target=\"_blank\">Quantas outras Terras existem na Via L\u00e1ctea?<\/a>, Vardan Adibekyan<\/li>\n\n\n\n<li>2020-07-15:&nbsp;<a rel=\"noreferrer noopener\" href=\"https:\/\/www.natgeo.pt\/espaco\/2020\/07\/ouvir-o-universo\" target=\"_blank\">Ouvir o Universo<\/a>, Lara Sousa<\/li>\n\n\n\n<li>2020-06-08:&nbsp;<a rel=\"noreferrer noopener\" href=\"https:\/\/www.natgeo.pt\/espaco\/2020\/06\/arqueologia-galactica\" target=\"_blank\">Arqueologia Gal\u00e1ctica<\/a>, Tiago Campante<\/li>\n\n\n\n<li>2020-05-18:&nbsp;<a rel=\"noreferrer noopener\" href=\"https:\/\/www.natgeo.pt\/espaco\/2020\/05\/a-revelacao-de-novos-mundos\" target=\"_blank\">A Revela\u00e7\u00e3o de Novos Mundos<\/a>, S\u00e9rgio G. Sousa<\/li>\n\n\n\n<li>etc<\/li>\n<\/ul>\n\n\n\n<p><\/p>\n\n\n\n<h3 class=\"wp-block-heading\" id=\"revista-casa-das-ciencias\">Revista Casa das Ci\u00eancias:<\/h3>\n\n\n\n<p>Colabora\u00e7\u00e3o com a autoria de artigos para a revista <strong><a rel=\"noreferrer noopener\" href=\"https:\/\/www.casadasciencias.org\" target=\"_blank\">Casa das Ci\u00eancias<\/a><\/strong> e produ\u00e7\u00e3o de materiais did\u00e1ticos. Alguns exemplos s\u00e3o:<\/p>\n\n\n\n<ul class=\"wp-block-list\">\n<li>2023-03: <a href=\"http:\/\/doi.org\/10.24927\/rce2023.003\" target=\"_blank\" rel=\"noreferrer noopener\">Teoria da radia\u00e7\u00e3o eletromagn\u00e9tica<\/a>, Eduardo Lage<\/li>\n<\/ul>\n\n\n\n<ul class=\"wp-block-list\">\n<li>2022-12: <a href=\"http:\/\/doi.org\/10.24927\/rce2022.054\" target=\"_blank\" rel=\"noreferrer noopener\">Asterossismologia<\/a>, Margarida S. Cunha &amp; Mario J. P. F. G. Monteiro<\/li>\n\n\n\n<li>2022-09: <a href=\"http:\/\/doi.org\/10.24927\/rce2022.038\" target=\"_blank\" rel=\"noreferrer noopener\">Ondas de gravidade em fluidos<\/a>, Eduardo Lage<\/li>\n\n\n\n<li>2022-03: <a href=\"http:\/\/doi.org\/10.24927\/rce2022.016\" target=\"_blank\" rel=\"noreferrer noopener\">Comunica\u00e7\u00e3o de Ci\u00eancia, sem d\u00favida(s)!<\/a>, Il\u00eddio Andr\u00e9 Costa<\/li>\n\n\n\n<li>2022-03: <a href=\"http:\/\/doi.org\/10.24927\/rce2022.002\" target=\"_blank\" rel=\"noreferrer noopener\">Di\u00e1logo sobre Ci\u00eancia, Arte, Filosofia e Religi\u00e3o<\/a>, Jo\u00e3o M. B. Lopes dos Santos<\/li>\n\n\n\n<li>2022-03: <a href=\"http:\/\/doi.org\/10.24927\/rce2022.003\" target=\"_blank\" rel=\"noreferrer noopener\">Imagens el\u00e9tricas e o m\u00e9todo de separa\u00e7\u00e3o de vari\u00e1veis<\/a>, Eduardo Lage<\/li>\n<\/ul>\n\n\n\n<ul class=\"wp-block-list\">\n<li>2021-12: <a href=\"http:\/\/doi.org\/10.24927\/rce2021.063\" target=\"_blank\" rel=\"noreferrer noopener\">Circuitos el\u00e9tricos<\/a>, Eduardo Lage<\/li>\n\n\n\n<li>2021-06: <a href=\"http:\/\/doi.org\/10.24927\/rce2021.027\" target=\"_blank\" rel=\"noreferrer noopener\">O corpo negro<\/a>, Eduardo Lage<\/li>\n\n\n\n<li>2021-06: <a href=\"http:\/\/doi.org\/10.24927\/rce2021.040\" target=\"_blank\" rel=\"noreferrer noopener\">ARN na origem da vida<\/a>, O.&nbsp;Bertolami, I. Fernandes, M. &nbsp;Amaral<\/li>\n\n\n\n<li>2021-03: <a href=\"http:\/\/doi.org\/10.24927\/rce2021.019\" target=\"_blank\" rel=\"noreferrer noopener\">Campo magn\u00e9tico estacion\u00e1rio<\/a>, Eduardo Lage<\/li>\n\n\n\n<li>2021-03: <a href=\"http:\/\/doi.org\/10.24927\/rce2021.018\" target=\"_blank\" rel=\"noreferrer noopener\">A indu\u00e7\u00e3o magn\u00e9tica<\/a>, Eduardo Lage<\/li>\n\n\n\n<li>2021-03: <a href=\"http:\/\/doi.org\/10.24927\/rce2021.017\" target=\"_blank\" rel=\"noreferrer noopener\">For\u00e7as em campos magn\u00e9ticos<\/a>, Eduardo Lage<\/li>\n\n\n\n<li>2021-03: <a href=\"http:\/\/doi.org\/10.24927\/rce2021.016\" target=\"_blank\" rel=\"noreferrer noopener\">Os fundamentos do eletromagnetismo<\/a>, Eduardo Lage<\/li>\n\n\n\n<li>2021-03: <a href=\"http:\/\/doi.org\/10.24927\/rce2021.015\" target=\"_blank\" rel=\"noreferrer noopener\">Eletrost\u00e1tica<\/a>, Eduardo Lage<\/li>\n<\/ul>\n\n\n\n<ul class=\"wp-block-list\">\n<li>2020-12: <a rel=\"noreferrer noopener\" href=\"http:\/\/doi.org\/10.24927\/rce2020.051\" target=\"_blank\">Altera\u00e7\u00f5es clim\u00e1ticas e o Sistema Terrestre<\/a>, Orfeu Bertolami e Frederico Francisco<\/li>\n\n\n\n<li>2020-09: <a rel=\"noreferrer noopener\" href=\"http:\/\/doi.org\/10.24927\/rce2020.031\" target=\"_blank\">Planck<\/a>, Eduardo Lage<\/li>\n\n\n\n<li>2020-09: <a rel=\"noreferrer noopener\" href=\"http:\/\/doi.org\/10.24927\/rce2020.032\" target=\"_blank\">A radia\u00e7\u00e3o t\u00e9rmica<\/a>, Eduardo Lage<\/li>\n\n\n\n<li>2020-06: <a rel=\"noreferrer noopener\" href=\"http:\/\/doi.org\/10.24927\/rce2021.040\" target=\"_blank\">Lua<\/a>, C. Gomes &amp; O. Bertolami<\/li>\n\n\n\n<li>2020-03: <a rel=\"noreferrer noopener\" href=\"http:\/\/doi.org\/10.24927\/rce2020.004\" target=\"_blank\">O Princ\u00edpio da Incerteza<\/a>, Eduardo Lage<\/li>\n\n\n\n<li>2020-03: <a rel=\"noreferrer noopener\" href=\"http:\/\/doi.org\/10.24927\/rce2020.016\" target=\"_blank\">Ondas<\/a>, Eduardo Lage<\/li>\n\n\n\n<li>2020-03: <a rel=\"noreferrer noopener\" href=\"http:\/\/doi.org\/10.24927\/rce2020.014\" target=\"_blank\">Ciclos termodin\u00e2micos e rendimentos de m\u00e1quinas t\u00e9rmicas<\/a>, Eduardo Lage<\/li>\n<\/ul>\n\n\n\n<ul class=\"wp-block-list\">\n<li>2019-09: <a rel=\"noreferrer noopener\" href=\"http:\/\/doi.org\/10.24927\/rce2019.046\" target=\"_blank\">Einstein<\/a>, Eduardo Lage<\/li>\n\n\n\n<li>2019-06: <a href=\"https:\/\/rce.casadasciencias.org\/rceapp\/art\/2019\/034\/\" target=\"_blank\" rel=\"noreferrer noopener\">Termodin\u00e2mica de Buracos Negros<\/a>, O. Bertolami &amp; C. Gomes&nbsp;<\/li>\n\n\n\n<li>2019-03: <a rel=\"noreferrer noopener\" href=\"http:\/\/doi.org\/10.24927\/rce2019.005\" target=\"_blank\">Equa\u00e7\u00e3o de estado de van der Waals<\/a>, Eduardo Lage<\/li>\n<\/ul>\n\n\n\n<ul class=\"wp-block-list\">\n<li>2018-09: <a rel=\"noreferrer noopener\" href=\"http:\/\/doi.org\/10.24927\/rce2018.063\" target=\"_blank\">Beleza e Ci\u00eancia<\/a>, Jo\u00e3o M. B. Lopes dos Santos<\/li>\n\n\n\n<li>2018-06: <a rel=\"noreferrer noopener\" href=\"http:\/\/doi.org\/10.24927\/rce2018.044\" target=\"_blank\">Stephen Hawking e a sua contribui\u00e7\u00e3o para a f\u00edsica te\u00f3rica<\/a>, O. Bertolami &amp; C. Gomes<\/li>\n<\/ul>\n\n\n\n<ul class=\"wp-block-list\">\n<li>2017-12: <a rel=\"noreferrer noopener\" href=\"http:\/\/doi.org\/10.24927\/rce2017.051\" target=\"_blank\">Ondas Gravitacionais<\/a>, O. Bertolami &amp; C. Gomes<\/li>\n\n\n\n<li>2017-12: <a rel=\"noreferrer noopener\" href=\"http:\/\/doi.org\/10.24927\/rce2017.064\" target=\"_blank\">Mat\u00e9ria Escura<\/a>, O. Bertolami &amp; C. Gomes<\/li>\n\n\n\n<li>2017-12: <a rel=\"noreferrer noopener\" href=\"http:\/\/doi.org\/10.24927\/rce2017.065\" target=\"_blank\">Energia Escura<\/a>, O. Bertolami &amp; C. Gomes<\/li>\n\n\n\n<li>2017-09: <a rel=\"noreferrer noopener\" href=\"http:\/\/doi.org\/10.24927\/rce2017.032\" target=\"_blank\">Gravita\u00e7\u00e3o<\/a>, O. Bertolami &amp; C. Gomes<\/li>\n\n\n\n<li>2017-09: <a rel=\"noreferrer noopener\" href=\"http:\/\/doi.org\/10.24927\/rce2017.044\" target=\"_blank\">Tensor m\u00e9trico<\/a>, O. Bertolami &amp; C. Gomes<\/li>\n\n\n\n<li>2017-09: <a rel=\"noreferrer noopener\" href=\"http:\/\/doi.org\/10.24927\/rce2017.045\" target=\"_blank\">Radia\u00e7\u00e3o c\u00f3smica de fundo<\/a>, O. Bertolami &amp; C. Gomes<\/li>\n\n\n\n<li>2017-09: <a href=\"http:\/\/doi.org\/10.24927\/rce2017.046\" target=\"_blank\" rel=\"noreferrer noopener\">Teoria da Relatividade Geral<\/a>, O. Bertolami &amp; C. Gomes<\/li>\n<\/ul>\n\n\n\n<ul class=\"wp-block-list\">\n<li>2016-12: <a href=\"http:\/\/doi.org\/10.24927\/rce2016.024\" target=\"_blank\" rel=\"noreferrer noopener\">\u00cdndice de refra\u00e7\u00e3o, esse desconhecido (parte II)<\/a>, Manuel Joaquim Bastos Marques<\/li>\n\n\n\n<li>2016-10: <a rel=\"noreferrer noopener\" href=\"http:\/\/doi.org\/10.24927\/rce2016.011\" target=\"_blank\">\u00cdndice de refra\u00e7\u00e3o, esse desconhecido (parte I)<\/a>, Manuel Joaquim Bastos Marques<\/li>\n<\/ul>\n\n\n\n<ul class=\"wp-block-list\">\n<li>2015-03: <a rel=\"noreferrer noopener\" href=\"http:\/\/doi.org\/10.24927\/rce2015.003\" target=\"_blank\">As anima\u00e7\u00f5es virtuais no ensino interativo da F\u00edsica<\/a>, Paulo Sime\u00e3o Carvalho<\/li>\n<\/ul>\n\n\n\n<ul class=\"wp-block-list\">\n<li>2014-06: <a rel=\"noreferrer noopener\" href=\"http:\/\/doi.org\/10.24927\/rce2014.030\" target=\"_blank\">O Grafeno<\/a>, Jo\u00e3o M. B. Lopes dos Santos<\/li>\n\n\n\n<li>etc<\/li>\n<\/ul>\n\n\n\n<h3 class=\"wp-block-heading\">Gazeta de F\u00edsica:<\/h3>\n\n\n\n<p>Autoria de artigos para a <a href=\"https:\/\/www.spf.pt\/magazines\/gfis\" target=\"_blank\" rel=\"noreferrer noopener\">revista da <strong>Sociedade Portuguesa de F\u00edsica<\/strong><\/a>. Alguns exemplos s\u00e3o:<\/p>\n\n\n\n<ul class=\"wp-block-list\">\n<li>2020-02: <a href=\"https:\/\/www.spf.pt\/magazines\/GFIS\/477\/article\/1749\/pdf\" target=\"_blank\" rel=\"noreferrer noopener\">Um Nobel de outros mundos<\/a>, Nuno C. Santos<\/li>\n<\/ul>\n\n\n\n<ul class=\"wp-block-list\">\n<li>2016-07: <a href=\"https:\/\/www.spf.pt\/magazines\/GFIS\/119\/article\/982\/pdf\">Luz: Hist\u00f3ria, Natureza e Aplica\u00e7\u00f5es<\/a>, Ana Rita Ribeiro, Luis Coelho, Orfeu Bertolami, Ricardo Andr\u00e9<\/li>\n<\/ul>\n\n\n\n<ul class=\"wp-block-list\">\n<li>2011-07: <a href=\"https:\/\/www.spf.pt\/magazines\/GFIS\/108\/article\/817\/pdf\" target=\"_blank\" rel=\"noreferrer noopener\">Os 50 anos do laser em Portugal &#8211; Parte II<\/a>, M. Ribau Teixeira, G. Figueira, J. Mendanha Dias, D. Liang, A. Pereira Leite, H. Crespo<\/li>\n\n\n\n<li>2011-07: <a href=\"https:\/\/www.spf.pt\/magazines\/GFIS\/108\/article\/814\/pdf\" target=\"_blank\" rel=\"noreferrer noopener\">Observa\u00e7\u00f5es de planetas extrapolares no Observat\u00f3rio Astron\u00f3mico da Ribeira Grande (Fronteira)<\/a>, Nuno Pereira Santos, Mourad Bezzeghoud, Bento Caldeira, Nuno Cardoso Santos, M\u00e1rio Santana<\/li>\n\n\n\n<li>2011-07: <a href=\"https:\/\/www.spf.pt\/magazines\/GFIS\/108\/article\/824\/pdf\" target=\"_blank\" rel=\"noreferrer noopener\">Utiliza\u00e7\u00e3o de sensores no ensino das ci\u00eancias<\/a>, Adriano Sampaio e Sousa1, Paulo Sime\u00e3o Carvalho<\/li>\n\n\n\n<li>2011-01: <a href=\"https:\/\/www.spf.pt\/magazines\/GFIS\/106\/article\/837\/pdf\" target=\"_blank\" rel=\"noreferrer noopener\">Novos avan\u00e7os utilizando random lasers em fibra \u00f3ptica<\/a>, Orlando Fraz\u00e3o, Manuel B. Marques<\/li>\n\n\n\n<li>2011-01: <a href=\"https:\/\/www.spf.pt\/magazines\/GFIS\/106\/article\/835\/pdf\" target=\"_blank\" rel=\"noreferrer noopener\">Escrita de dispositivos \u00f3pticos integrados com laser de femtosegundos<\/a>, Lu\u00eds A. Fernandes, Jason R. Grenier, Peter R. Herman, J. Stewart Aitchison, Paulo V. S. Marques<\/li>\n<\/ul>\n\n\n\n<ul class=\"wp-block-list\">\n<li>2009-04: <a href=\"https:\/\/www.spf.pt\/magazines\/GFIS\/56\/article\/275\/pdf\" target=\"_blank\" rel=\"noreferrer noopener\">Astrofot\u00f3nica &#8211; instrumenta\u00e7\u00e3o \u00f3ptica avan\u00e7ada em astronomia<\/a>, Askari Ghasempour,&nbsp;Paulo V. S. Marques,&nbsp;Paulo J. V. Garcia1,&nbsp;Ant\u00f3nio P. Leite<\/li>\n<\/ul>\n\n\n\n<h3 class=\"wp-block-heading\" id=\"materiais-para-apoio-ao-ensino-e-divulgacao\">Materiais para apoio ao ensino e divulga\u00e7\u00e3o:<\/h3>\n\n\n\n<ul class=\"wp-block-list\">\n<li><a href=\"http:\/\/planetario.up.pt\/pt\/recursos\" target=\"_blank\" rel=\"noreferrer noopener\">Astroteca<\/a>: Recursos disponibilizados pelo CAUP\/Planet\u00e1rio do Porto para apoio na divulga\u00e7\u00e3o e no ensino da Astronomia.<\/li>\n\n\n\n<li>2003-2006 &#8211; <a href=\"https:\/\/www.fc.up.pt\/faraday\/\">Projeto Faraday<\/a>: Projeto de Interven\u00e7\u00e3o no ensino da F\u00edsica no Secund\u00e1rio.<\/li>\n\n\n\n<li>etc<\/li>\n<\/ul>\n\n\n\n<p><\/p>\n","protected":false},"excerpt":{"rendered":"<p>O Departamento e os seus docentes e investigadores tamb\u00e9m produzem ou colaboram na produ\u00e7\u00e3o de diversos artigos e materiais de divulga\u00e7\u00e3o e ensino no \u00e2mbito das \u00e1reas de interven\u00e7\u00e3o do DFA. National Geographic PT: Colabora\u00e7\u00e3o com a National Geographic PT atrav\u00e9s da autoria de artigos sobre temas de ci\u00eancia. Alguns exemplos s\u00e3o: Revista Casa das &hellip;<br \/><a href=\"https:\/\/www.fc.up.pt\/dfa\/comunicacao\/artigos_material\/\" class=\"more-link pen_button pen_element_default pen_icon_arrow_double\">Continue reading <span class=\"screen-reader-text\">Artigos e material<\/span><\/a><\/p>\n","protected":false},"author":2,"featured_media":2110,"parent":214,"menu_order":5,"comment_status":"closed","ping_status":"closed","template":"","meta":{"footnotes":""},"class_list":["post-1199","page","type-page","status-publish","has-post-thumbnail","hentry"],"_links":{"self":[{"href":"https:\/\/www.fc.up.pt\/dfa\/wp-json\/wp\/v2\/pages\/1199","targetHints":{"allow":["GET"]}}],"collection":[{"href":"https:\/\/www.fc.up.pt\/dfa\/wp-json\/wp\/v2\/pages"}],"about":[{"href":"https:\/\/www.fc.up.pt\/dfa\/wp-json\/wp\/v2\/types\/page"}],"author":[{"embeddable":true,"href":"https:\/\/www.fc.up.pt\/dfa\/wp-json\/wp\/v2\/users\/2"}],"replies":[{"embeddable":true,"href":"https:\/\/www.fc.up.pt\/dfa\/wp-json\/wp\/v2\/comments?post=1199"}],"version-history":[{"count":29,"href":"https:\/\/www.fc.up.pt\/dfa\/wp-json\/wp\/v2\/pages\/1199\/revisions"}],"predecessor-version":[{"id":5105,"href":"https:\/\/www.fc.up.pt\/dfa\/wp-json\/wp\/v2\/pages\/1199\/revisions\/5105"}],"up":[{"embeddable":true,"href":"https:\/\/www.fc.up.pt\/dfa\/wp-json\/wp\/v2\/pages\/214"}],"wp:featuredmedia":[{"embeddable":true,"href":"https:\/\/www.fc.up.pt\/dfa\/wp-json\/wp\/v2\/media\/2110"}],"wp:attachment":[{"href":"https:\/\/www.fc.up.pt\/dfa\/wp-json\/wp\/v2\/media?parent=1199"}],"curies":[{"name":"wp","href":"https:\/\/api.w.org\/{rel}","templated":true}]}}