{"id":1175,"date":"2021-09-24T17:52:55","date_gmt":"2021-09-24T16:52:55","guid":{"rendered":"https:\/\/www.fc.up.pt\/dfa\/?page_id=1175"},"modified":"2022-11-18T18:22:56","modified_gmt":"2022-11-18T18:22:56","slug":"investigadores","status":"publish","type":"page","link":"https:\/\/www.fc.up.pt\/dfa\/departamento\/equipa\/investigadores\/","title":{"rendered":"Investigadores"},"content":{"rendered":"\n<p>Os seguintes investigadores dos <a href=\"https:\/\/www.fc.up.pt\/dfa\/investigacao\/institutos-id\/\" data-type=\"page\" data-id=\"530\">Institutos<\/a> ligados ao DFA, trabalham nas <a href=\"https:\/\/www.fc.up.pt\/dfa\/investigacao\/areas-cientificas\/\" data-type=\"page\" data-id=\"535\">\u00e1reas cient\u00edficas<\/a> do departamento e colaboram na doc\u00eancia no \u00e2mbito das v\u00e1rias <a href=\"https:\/\/www.fc.up.pt\/dfa\/formacao\/areas-disciplinares\/\" data-type=\"page\" data-id=\"380\">\u00e1reas disciplinares de forma\u00e7\u00e3o<\/a> do DFA, com o estatuto de <strong>Investigadores Docentes<\/strong>. Este estatuto \u00e9 atribu\u00eddo pelo <em>Conselho Cientifico da Faculdade de Ci\u00eancias<\/em>, no \u00e2mbito dos protocolos de coopera\u00e7\u00e3o assinados entre a FCUP e os Institutos de I&amp;D Parceiros.<\/p>\n\n\n\n<h4 class=\"wp-block-heading\"><strong>Investigadores de Carreira FCUP:<\/strong> 4<\/h4>\n\n\n\n<ul class=\"wp-block-list\">\n<li><a href=\"https:\/\/sigarra.up.pt\/fcup\/pt\/func_geral.formview?p_codigo=423276\" target=\"_blank\" rel=\"noreferrer noopener\">C\u00e9lia Tavares de Sousa<\/a> (IFIMUP, 2021)<\/li>\n\n\n\n<li><a href=\"https:\/\/sigarra.up.pt\/fcup\/pt\/func_geral.FormView?P_CODIGO=446930\">Gleb Kakazei<\/a>&nbsp;(IFIMUP, 2020)<\/li>\n\n\n\n<li><a href=\"https:\/\/sigarra.up.pt\/fcup\/pt\/func_geral.FormView?P_CODIGO=446941\">Jo\u00e3o Oliveira Ventura<\/a>&nbsp;(IFIMUP, 2020)<\/li>\n\n\n\n<li><a href=\"https:\/\/sigarra.up.pt\/fcup\/pt\/func_geral.FormView?P_CODIGO=501846\" target=\"_blank\" rel=\"noreferrer noopener\">Sergiy Bunyayev<\/a> (IFIMUP, 2021)<\/li>\n<\/ul>\n\n\n\n<h4 class=\"wp-block-heading\"><strong>Investigadores Docentes (colaboradores):<\/strong>\u00a0<\/h4>\n\n\n\n<p><strong>2022:<\/strong><\/p>\n\n\n\n<ul class=\"wp-block-list\">\n<li><a href=\"https:\/\/sigarra.up.pt\/fcup\/pt\/func_geral.FormView?P_CODIGO=563262\" target=\"_blank\" rel=\"noreferrer noopener\">Daniel Jos\u00e9 da Silva<\/a> (IFIMUP)<\/li>\n\n\n\n<li><a href=\"https:\/\/sigarra.up.pt\/fcup\/pt\/func_geral.formview?p_codigo=671049\" target=\"_blank\" rel=\"noreferrer noopener\">Jos\u00e9 Carlos Sampaio Fonseca<\/a> (IA-CAUP)<\/li>\n\n\n\n<li><a href=\"https:\/\/sigarra.up.pt\/fcup\/pt\/func_geral.FormView?P_CODIGO=551945\" target=\"_blank\" rel=\"noreferrer noopener\">Tiago Emanuel da Cunha Magalh\u00e3es<\/a> (IFIMUP)<\/li>\n<\/ul>\n\n\n\n<p><strong>2021:<\/strong><\/p>\n\n\n\n<ul class=\"wp-block-list\">\n<li><a href=\"https:\/\/sigarra.up.pt\/fcup\/pt\/func_geral.FormView?P_CODIGO=518072\">Elisa Delgado Mena<\/a>\u00a0(IA-CAUP)<\/li>\n\n\n\n<li><a href=\"https:\/\/sigarra.up.pt\/fcup\/pt\/func_geral.formview?p_codigo=641276\" target=\"_blank\" rel=\"noreferrer noopener\">Estelina Lora da Silva<\/a>\u00a0(IFIMUP)<\/li>\n\n\n\n<li><a href=\"https:\/\/sigarra.up.pt\/fcup\/pt\/func_geral.FormView?P_CODIGO=230383\">Margarida Maria Salvador Cunha<\/a>\u00a0(IA-CAUP)<\/li>\n\n\n\n<li><a href=\"https:\/\/sigarra.up.pt\/fcup\/pt\/func_geral.FormView?P_CODIGO=537989\">Rui Miguel Abreu Vilarinho da Silva<\/a>\u00a0(IFIMUP)<\/li>\n\n\n\n<li><a href=\"https:\/\/sigarra.up.pt\/fcup\/pt\/func_geral.FormView?P_CODIGO=561839\">Vasco David Fonseca Gon\u00e7alves<\/a>\u00a0(CFUMUP-CFP)<\/li>\n<\/ul>\n\n\n\n<p><strong>2020:<\/strong><\/p>\n\n\n\n<ul class=\"wp-block-list\">\n<li><a href=\"https:\/\/sigarra.up.pt\/fcup\/pt\/func_geral.FormView?P_CODIGO=535778\">Ana L\u00facia Mota Pires<\/a>\u00a0(IFIMUP)<\/li>\n\n\n\n<li><a href=\"https:\/\/sigarra.up.pt\/fcup\/pt\/func_geral.FormView?P_CODIGO=613492\">Andrii Vovk<\/a>\u00a0(IFIMUP)<\/li>\n\n\n\n<li><a href=\"https:\/\/sigarra.up.pt\/fcup\/pt\/func_geral.FormView?P_CODIGO=538483\">Armandina Maria Lima Lopes<\/a>\u00a0(IFIMUP)<\/li>\n\n\n\n<li><a href=\"https:\/\/sigarra.up.pt\/fcup\/pt\/func_geral.FormView?P_CODIGO=537891\">Catarina Dias<\/a>\u00a0(IFIMUP)<\/li>\n\n\n\n<li><a href=\"https:\/\/sigarra.up.pt\/fcup\/pt\/func_geral.formview?p_codigo=474585\" target=\"_blank\" rel=\"noreferrer noopener\">Jarle Brinchmann<\/a>\u00a0(IA-CAUP)<\/li>\n\n\n\n<li><a href=\"https:\/\/sigarra.up.pt\/fcup\/pt\/func_geral.FormView?P_CODIGO=642105\">Jean Michel Silva Miranda Gomes<\/a>\u00a0(IA-CAUP)<\/li>\n\n\n\n<li><a href=\"https:\/\/sigarra.up.pt\/fcup\/pt\/func_geral.FormView?P_CODIGO=467146\">Jo\u00e3o Filipe Horta Belo da Silva<\/a>&nbsp;(IFIMUP)<\/li>\n\n\n\n<li><a href=\"https:\/\/sigarra.up.pt\/fcup\/pt\/func_geral.FormView?P_CODIGO=245638\">Jo\u00e3o Manuel Viana Parente Lopes<\/a>\u00a0(CFUMUP-CFP)<\/li>\n\n\n\n<li><a href=\"https:\/\/sigarra.up.pt\/fcup\/pt\/func_geral.FormView?P_CODIGO=542702\">Jo\u00e3o Pedro de Sousa Faria<\/a>\u00a0(IA-CAUP)<\/li>\n\n\n\n<li><a href=\"https:\/\/sigarra.up.pt\/fcup\/pt\/func_geral.FormView?P_CODIGO=631258\">Lara Rodrigues da Costa Gomes de Sousa<\/a>\u00a0(IA-CAUP)<\/li>\n\n\n\n<li><a href=\"https:\/\/sigarra.up.pt\/fcup\/pt\/func_geral.FormView?P_CODIGO=492680\">Lu\u00eds Carlos Costa Coelho<\/a>\u00a0(INESC-TEC-CAP)<\/li>\n\n\n\n<li><a href=\"https:\/\/sigarra.up.pt\/fcup\/pt\/func_geral.FormView?P_CODIGO=655344\">Morgan Deal<\/a>\u00a0(IA-CAUP)<\/li>\n\n\n\n<li><a href=\"https:\/\/sigarra.up.pt\/fcup\/pt\/func_geral.formview?p_codigo=663311\" target=\"_blank\" rel=\"noreferrer noopener\">Olivier Dante Simon Demangeon<\/a>\u00a0(IA-CAUP)<\/li>\n\n\n\n<li><a href=\"https:\/\/sigarra.up.pt\/fcup\/pt\/func_geral.FormView?P_CODIGO=492457\">Orlando Jos\u00e9 dos Reis Fraz\u00e3o<\/a>\u00a0(INESC-TEC-CAP)<\/li>\n\n\n\n<li><a href=\"https:\/\/sigarra.up.pt\/fcup\/pt\/func_geral.FormView?P_CODIGO=340027\">Susana Cristina Cabral de Barros<\/a>\u00a0(IA-CAUP)<\/li>\n\n\n\n<li><a href=\"https:\/\/sigarra.up.pt\/fcup\/pt\/func_geral.FormView?P_CODIGO=605007\">Tiago Jos\u00e9 La\u00e7o Caldas Esteves Campante<\/a>\u00a0(IA-CAUP)<\/li>\n\n\n\n<li><a href=\"https:\/\/sigarra.up.pt\/fcup\/pt\/func_geral.FormView?P_CODIGO=652479\">Vardan Adibekyan<\/a>\u00a0(IA-CAUP)<\/li>\n<\/ul>\n\n\n\n<p>Nos&nbsp;<a href=\"https:\/\/www.fc.up.pt\/dfa\/investigacao\/\">Institutos de Investiga\u00e7\u00e3o<\/a>&nbsp;ligados ao departamento trabalham in\u00fameros investigadores doutorados, que tamb\u00e9m colaboram na orienta\u00e7\u00e3o de disserta\u00e7\u00f5es de mestrado e de teses de doutoramento, pelo que o total de Docentes &amp; Investigadores doutorados no per\u00edmetro do DFA \u00e9 j\u00e1 <strong>superior a 100<\/strong>.<\/p>\n\n\n\n<p><strong>Recrutamento<\/strong>: para concursos de&nbsp;<strong>investigador<\/strong>&nbsp;ver a&nbsp;<a rel=\"noreferrer noopener\" href=\"https:\/\/sigarra.up.pt\/fcup\/pt\/NOTICIAS_GERAL.LISTA_NOTICIAS#gruponot3\" target=\"_blank\">p\u00e1gina da FCUP<\/a>&nbsp;de oportunidades ou os sites dos<a href=\"https:\/\/www.fc.up.pt\/dfa\/investigacao\/institutos-id\/\">&nbsp;Institutos de I&amp;D<\/a>.<\/p>\n","protected":false},"excerpt":{"rendered":"<p>Os seguintes investigadores dos Institutos ligados ao DFA, trabalham nas \u00e1reas cient\u00edficas do departamento e colaboram na doc\u00eancia no \u00e2mbito das v\u00e1rias \u00e1reas disciplinares de forma\u00e7\u00e3o do DFA, com o estatuto de Investigadores Docentes. Este estatuto \u00e9 atribu\u00eddo pelo Conselho Cientifico da Faculdade de Ci\u00eancias, no \u00e2mbito dos protocolos de coopera\u00e7\u00e3o assinados entre a FCUP &hellip;<br \/><a href=\"https:\/\/www.fc.up.pt\/dfa\/departamento\/equipa\/investigadores\/\" class=\"more-link pen_button pen_element_default pen_icon_arrow_double\">Continue reading <span class=\"screen-reader-text\">Investigadores<\/span><\/a><\/p>\n","protected":false},"author":2,"featured_media":1555,"parent":15,"menu_order":2,"comment_status":"closed","ping_status":"closed","template":"","meta":{"footnotes":""},"class_list":["post-1175","page","type-page","status-publish","has-post-thumbnail","hentry"],"_links":{"self":[{"href":"https:\/\/www.fc.up.pt\/dfa\/wp-json\/wp\/v2\/pages\/1175","targetHints":{"allow":["GET"]}}],"collection":[{"href":"https:\/\/www.fc.up.pt\/dfa\/wp-json\/wp\/v2\/pages"}],"about":[{"href":"https:\/\/www.fc.up.pt\/dfa\/wp-json\/wp\/v2\/types\/page"}],"author":[{"embeddable":true,"href":"https:\/\/www.fc.up.pt\/dfa\/wp-json\/wp\/v2\/users\/2"}],"replies":[{"embeddable":true,"href":"https:\/\/www.fc.up.pt\/dfa\/wp-json\/wp\/v2\/comments?post=1175"}],"version-history":[{"count":16,"href":"https:\/\/www.fc.up.pt\/dfa\/wp-json\/wp\/v2\/pages\/1175\/revisions"}],"predecessor-version":[{"id":4447,"href":"https:\/\/www.fc.up.pt\/dfa\/wp-json\/wp\/v2\/pages\/1175\/revisions\/4447"}],"up":[{"embeddable":true,"href":"https:\/\/www.fc.up.pt\/dfa\/wp-json\/wp\/v2\/pages\/15"}],"wp:featuredmedia":[{"embeddable":true,"href":"https:\/\/www.fc.up.pt\/dfa\/wp-json\/wp\/v2\/media\/1555"}],"wp:attachment":[{"href":"https:\/\/www.fc.up.pt\/dfa\/wp-json\/wp\/v2\/media?parent=1175"}],"curies":[{"name":"wp","href":"https:\/\/api.w.org\/{rel}","templated":true}]}}