{"id":10,"date":"2021-07-22T15:47:24","date_gmt":"2021-07-22T14:47:24","guid":{"rendered":"https:\/\/www.fc.up.pt\/dfa\/?page_id=10"},"modified":"2022-10-05T13:23:59","modified_gmt":"2022-10-05T12:23:59","slug":"investigacao","status":"publish","type":"page","link":"https:\/\/www.fc.up.pt\/dfa\/investigacao\/","title":{"rendered":"Investiga\u00e7\u00e3o"},"content":{"rendered":"\n<p>Como parte da sua miss\u00e3o o DFA interv\u00e9m em investiga\u00e7\u00e3o, desenvolvimento e transfer\u00eancia de conhecimento nas \u00e1reas cient\u00edficas centrais da sua atua\u00e7\u00e3o.<\/p>\n\n\n\n<h2 class=\"wp-block-heading\">\u00c1reas de interven\u00e7\u00e3o:<\/h2>\n\n\n\n<p>A investiga\u00e7\u00e3o desenvolvida pela <a href=\"https:\/\/www.fc.up.pt\/dfa\/departamento\/equipa\/\" data-type=\"page\" data-id=\"15\">equipa<\/a> ligada ao Departamento cobre v\u00e1rios t\u00f3picos de relev\u00e2ncia nacional e internacional, incluindo um leque alargado de <a href=\"https:\/\/www.fc.up.pt\/dfa\/investigacao\/areas-cientificas\/\" data-type=\"page\" data-id=\"535\">temas cient\u00edficos e tecnol\u00f3gicos<\/a>.<\/p>\n\n\n\n<p>Esta atividade de investiga\u00e7\u00e3o e desenvolvimento tem lugar no \u00e2mbito da estrat\u00e9gica cient\u00edfica implementada pelos <a href=\"https:\/\/www.fc.up.pt\/dfa\/investigacao\/institutos-id\/\" data-type=\"page\" data-id=\"530\">Institutos de I&amp;D<\/a> ligados ao DFA.<\/p>\n\n\n\n<h2 class=\"wp-block-heading\">Resultados e impacto:<\/h2>\n\n\n\n<p>A atividade do DFA leva a um conjunto de<a href=\"https:\/\/www.fc.up.pt\/dfa\/investigacao\/producao-cientifica\/\" data-type=\"page\" data-id=\"532\"> resultados<\/a>, que vai desde publica\u00e7\u00f5es cientificas (artigos, <a href=\"https:\/\/www.fc.up.pt\/dfa\/investigacao\/producao-cientifica\/livros\/\" data-type=\"page\" data-id=\"1399\">livros<\/a>, etc), projetos cient\u00edficos e de desenvolvimento, at\u00e9 spinoffs e patentes, etc.<\/p>\n","protected":false},"excerpt":{"rendered":"<p>Como parte da sua miss\u00e3o o DFA interv\u00e9m em investiga\u00e7\u00e3o, desenvolvimento e transfer\u00eancia de conhecimento nas \u00e1reas cient\u00edficas centrais da sua atua\u00e7\u00e3o. \u00c1reas de interven\u00e7\u00e3o: A investiga\u00e7\u00e3o desenvolvida pela equipa ligada ao Departamento cobre v\u00e1rios t\u00f3picos de relev\u00e2ncia nacional e internacional, incluindo um leque alargado de temas cient\u00edficos e tecnol\u00f3gicos. Esta atividade de investiga\u00e7\u00e3o e &hellip;<br \/><a href=\"https:\/\/www.fc.up.pt\/dfa\/investigacao\/\" class=\"more-link pen_button pen_element_default pen_icon_arrow_double\">Continue reading <span class=\"screen-reader-text\">Investiga\u00e7\u00e3o<\/span><\/a><\/p>\n","protected":false},"author":2,"featured_media":335,"parent":0,"menu_order":3,"comment_status":"closed","ping_status":"closed","template":"","meta":{"footnotes":""},"class_list":["post-10","page","type-page","status-publish","has-post-thumbnail","hentry"],"_links":{"self":[{"href":"https:\/\/www.fc.up.pt\/dfa\/wp-json\/wp\/v2\/pages\/10","targetHints":{"allow":["GET"]}}],"collection":[{"href":"https:\/\/www.fc.up.pt\/dfa\/wp-json\/wp\/v2\/pages"}],"about":[{"href":"https:\/\/www.fc.up.pt\/dfa\/wp-json\/wp\/v2\/types\/page"}],"author":[{"embeddable":true,"href":"https:\/\/www.fc.up.pt\/dfa\/wp-json\/wp\/v2\/users\/2"}],"replies":[{"embeddable":true,"href":"https:\/\/www.fc.up.pt\/dfa\/wp-json\/wp\/v2\/comments?post=10"}],"version-history":[{"count":25,"href":"https:\/\/www.fc.up.pt\/dfa\/wp-json\/wp\/v2\/pages\/10\/revisions"}],"predecessor-version":[{"id":1961,"href":"https:\/\/www.fc.up.pt\/dfa\/wp-json\/wp\/v2\/pages\/10\/revisions\/1961"}],"wp:featuredmedia":[{"embeddable":true,"href":"https:\/\/www.fc.up.pt\/dfa\/wp-json\/wp\/v2\/media\/335"}],"wp:attachment":[{"href":"https:\/\/www.fc.up.pt\/dfa\/wp-json\/wp\/v2\/media?parent=10"}],"curies":[{"name":"wp","href":"https:\/\/api.w.org\/{rel}","templated":true}]}}