{"id":26,"date":"2018-11-22T17:38:52","date_gmt":"2018-11-22T17:38:52","guid":{"rendered":"https:\/\/projectcoalmine.wordpress.com\/?page_id=26"},"modified":"2019-01-22T16:00:57","modified_gmt":"2019-01-22T16:00:57","slug":"publicacoes","status":"publish","type":"page","link":"https:\/\/www.fc.up.pt\/coalmine\/publicacoes\/","title":{"rendered":"Publica\u00e7\u00f5es"},"content":{"rendered":"<p style=\"text-align: justify;\">Ribeiro, J., Flores, D., Ward, C., Silva, L.F.O., 2010. Identification of nanominerals and nanoparticles in burning coal waste piles from Portugal. Science of the Total Environment 408, 6032-6041. http:\/\/www.sciencedirect.com\/science\/article\/pii\/S0048969710009071)<\/p>\n<p style=\"text-align: justify;\">Ribeiro, J., Ferreira da Silva, E., Flores D., 2010. Burning of coal waste piles from Douro Coalfield (Portugal): Petrological, geochemical and mineralogical characterization. International Journal of Coal Geology 81, 359-372.(http:\/\/www.sciencedirect.com\/science\/article\/pii\/S0166516209001700)<\/p>\n<p style=\"text-align: justify;\">Ribeiro, J., Ferreira da Silva, E., Pinto de Jesus, A., Flores, D., 2011. Petrographic and geochemical characterization of coal waste piles from Douro Coalfield. International Journal of Coal Geology 87, 226-236(http:\/\/www.sciencedirect.com\/science\/article\/pii\/S0166516211001388)<\/p>\n<p style=\"text-align: justify;\">Ribeiro, J., Silva, T.F., Mendon\u00e7a Filho, J.G., Flores, D., 2012. Polycyclic aromatic hydrocarbons (PAHs) in burning and non-burning coal waste material. Journal of Hazardous Materials 199-200, 105-110.(http:\/\/www.sciencedirect.com\/science\/article\/pii\/S0304389411013161)<\/p>\n<p style=\"text-align: justify;\">Ribeiro, J., Moura, R., Flores, D., Lopes, D. B., Gouveia, C., Mendon\u00e7a, S., Fraz\u00e3o, O., 2013. The Douro Coalfield Fires of Portugal. In: Stracher, G. B., Prakash, A., Sokol E.V. (Eds.), Coal and Peat Fires: A Global Perspective. Elsevier. Volume 2: Coal-Fire Atlas of the World, pp. 313-337.<\/p>\n<p style=\"text-align: justify;\">Ribeiro, J., Taffarel, S.R., Sampaio, C.H., Flores, D., Silva, L.F.O., 2013. Mineral speciation and fate of some hazardous contaminants in coal waste pile from anthracite mining in Portugal. International Journal of Coal Geology 109-110, 15-23.(http:\/\/www.sciencedirect.com\/science\/article\/pii\/S0166516213000104)<\/p>\n<p style=\"text-align: justify;\">Ribeiro, J., SantOvaia, H., Gomes, C., Ward, C., Flores, D., 2015. Mineralogy and magnetic parameters of materials resulting from mining and consumption of coal from Douro Coalfield (NW Portugal). In: Stracher, G. B., Prakash, A., Sokol E.V. (Eds.), Coal and Peat Fires: A Global Perspective. Elsevier. Volume 3: Case Studies \u2013 Coal Fires, pp. 493-507.<\/p>\n<p style=\"text-align: justify;\">Ribeiro, J., Viveiros, D., Ferreira, J., Su\u00e1rez-Ruiz, I., Santos, J.L., Baptista, J.M., Flores, D., 2017. Volatile organic compounds emitted from self-burning coal waste piles in Spain and Portugal &#8211; environment and human health concerns. In: Ibaraki, M., Mori, H., (Eds.), Progress in Medical Geology. Cambridge Scholars Publishing, pp. 229-247. ISBN 978-1-4438-7319-2.<\/p>\n<p style=\"text-align: justify;\">Duarte, L., Teodoro, A.C., Gon\u00e7alves, J.A., Ribeiro, J., Flores, D., Lopez-Gil, A., Dominguez-Lopez, A., Angulo-Vinuesa, X., Martin-Lopez, S., and Gonzalez-Herraez, M., 2017. Distributed Temperature Measurement in a Self-Burning Coal Waste Pile through a GIS Open Source Desktop Application, ISPRS International Journal of Geo- Information 6, 87 (19pp), doi:10.3390\/ijgi6030087. (http:\/\/www.mdpi.com\/2220-9964\/6\/3\/87)<\/p>\n<p style=\"text-align: justify;\">Ribeiro, J., Viveiros, D., Ferreira, J., Lopez-Gil, A., Dominguez-Lopez, A., Martins, H., Perez-Herrera, R., Duarte, L., Pinto, A., Martin-Lopez, S., Baierl, H., Jamier, R., Rougier, S., Auguste, J-L., Teodoro, A.C., Gon\u00e7alves, J.A., Esteban, O., Santos, J.L., Roy, P., Lopez-Amo, M., Gonzalez-Herraez, M., Baptista, M., Flores, D. ECOAL Project &#8211; Delivering Solutions for Integrated Monitoring of Coal Related Fires Supported on Optical Fiber Sensing Technology. Applied Science 7, 956. DOI:10.3390\/app7090956<\/p>\n<p style=\"text-align: justify;\">Viveiros, D., Ferreira, J., Silva, S.O., Ribeiro, J., Flores, D., Santos, J.L., Fraz\u00e3o, O., Baptista, J.M., 2015. Ammonia Sensing System Based on Wavelength Modulation Spectroscopy. Photonic Sensors 5 (2), 109-115.<\/p>\n<p style=\"text-align: justify;\">Ribeiro, J., Viveiros, D., Ferreira, J., Santos, J.L., Baptista, J.M., Flores, D., 2014. Monitoriza\u00e7\u00e3o Ambiental da escombreira de S. Pedro da Cova: temperatura de combust\u00e3o. Comunica\u00e7\u00f5es Geol\u00f3gicas 101, 1063-1065.<\/p>\n<p><img decoding=\"async\" loading=\"lazy\" class=\"alignnone size-full wp-image-297\" src=\"https:\/\/www.fc.up.pt\/coalmine\/wp-content\/uploads\/2019\/01\/Logos_Final.jpg\" alt=\"\" width=\"1871\" height=\"189\" srcset=\"https:\/\/www.fc.up.pt\/coalmine\/wp-content\/uploads\/2019\/01\/Logos_Final.jpg 1871w, https:\/\/www.fc.up.pt\/coalmine\/wp-content\/uploads\/2019\/01\/Logos_Final-300x30.jpg 300w, https:\/\/www.fc.up.pt\/coalmine\/wp-content\/uploads\/2019\/01\/Logos_Final-768x78.jpg 768w, https:\/\/www.fc.up.pt\/coalmine\/wp-content\/uploads\/2019\/01\/Logos_Final-1024x103.jpg 1024w, https:\/\/www.fc.up.pt\/coalmine\/wp-content\/uploads\/2019\/01\/Logos_Final-685x69.jpg 685w\" sizes=\"(max-width: 1871px) 100vw, 1871px\" \/><\/p>\n","protected":false},"excerpt":{"rendered":"<p>Ribeiro, J., Flores, D., Ward, C., Silva, L.F.O., 2010. Identification of nanominerals and nanoparticles in burning coal waste piles from Portugal. Science of the Total Environment 408, 6032-6041. http:\/\/www.sciencedirect.com\/science\/article\/pii\/S0048969710009071) Ribeiro, J., Ferreira da Silva, E., Flores D., 2010. Burning of coal waste piles from Douro Coalfield (Portugal): Petrological, geochemical and mineralogical characterization. International Journal of &hellip; <a href=\"https:\/\/www.fc.up.pt\/coalmine\/publicacoes\/\" class=\"more-link\">Continue reading <span class=\"screen-reader-text\">Publica\u00e7\u00f5es<\/span><\/a><\/p>\n","protected":false},"author":1,"featured_media":0,"parent":0,"menu_order":0,"comment_status":"closed","ping_status":"closed","template":"","meta":{"spay_email":""},"_links":{"self":[{"href":"https:\/\/www.fc.up.pt\/coalmine\/wp-json\/wp\/v2\/pages\/26"}],"collection":[{"href":"https:\/\/www.fc.up.pt\/coalmine\/wp-json\/wp\/v2\/pages"}],"about":[{"href":"https:\/\/www.fc.up.pt\/coalmine\/wp-json\/wp\/v2\/types\/page"}],"author":[{"embeddable":true,"href":"https:\/\/www.fc.up.pt\/coalmine\/wp-json\/wp\/v2\/users\/1"}],"replies":[{"embeddable":true,"href":"https:\/\/www.fc.up.pt\/coalmine\/wp-json\/wp\/v2\/comments?post=26"}],"version-history":[{"count":1,"href":"https:\/\/www.fc.up.pt\/coalmine\/wp-json\/wp\/v2\/pages\/26\/revisions"}],"predecessor-version":[{"id":347,"href":"https:\/\/www.fc.up.pt\/coalmine\/wp-json\/wp\/v2\/pages\/26\/revisions\/347"}],"wp:attachment":[{"href":"https:\/\/www.fc.up.pt\/coalmine\/wp-json\/wp\/v2\/media?parent=26"}],"curies":[{"name":"wp","href":"https:\/\/api.w.org\/{rel}","templated":true}]}}