{"id":142,"date":"2018-12-07T15:05:58","date_gmt":"2018-12-07T15:05:58","guid":{"rendered":"https:\/\/projectcoalmine.wordpress.com\/?page_id=142"},"modified":"2019-01-22T15:55:48","modified_gmt":"2019-01-22T15:55:48","slug":"ciimar","status":"publish","type":"page","link":"https:\/\/www.fc.up.pt\/coalmine\/ciimar\/","title":{"rendered":"FCUP"},"content":{"rendered":"<p>Membro da Equipa de Trabalhos:<\/p>\n<p><a href=\"https:\/\/sigarra.up.pt\/fcup\/pt\/func_geral.formview?p_codigo=236853\">Doutor Jos\u00e9 Alberto \u00c1lvares Pereira Gon\u00e7alves<\/a><\/p>\n<p><img decoding=\"async\" loading=\"lazy\" class=\"alignnone size-full wp-image-297\" src=\"https:\/\/www.fc.up.pt\/coalmine\/wp-content\/uploads\/2019\/01\/Logos_Final.jpg\" alt=\"\" width=\"1871\" height=\"189\" srcset=\"https:\/\/www.fc.up.pt\/coalmine\/wp-content\/uploads\/2019\/01\/Logos_Final.jpg 1871w, https:\/\/www.fc.up.pt\/coalmine\/wp-content\/uploads\/2019\/01\/Logos_Final-300x30.jpg 300w, https:\/\/www.fc.up.pt\/coalmine\/wp-content\/uploads\/2019\/01\/Logos_Final-768x78.jpg 768w, https:\/\/www.fc.up.pt\/coalmine\/wp-content\/uploads\/2019\/01\/Logos_Final-1024x103.jpg 1024w, https:\/\/www.fc.up.pt\/coalmine\/wp-content\/uploads\/2019\/01\/Logos_Final-685x69.jpg 685w\" sizes=\"(max-width: 1871px) 100vw, 1871px\" \/><\/p>\n","protected":false},"excerpt":{"rendered":"<p>Membro da Equipa de Trabalhos: Doutor Jos\u00e9 Alberto \u00c1lvares Pereira Gon\u00e7alves<\/p>\n","protected":false},"author":1,"featured_media":0,"parent":0,"menu_order":0,"comment_status":"closed","ping_status":"closed","template":"","meta":{"spay_email":""},"_links":{"self":[{"href":"https:\/\/www.fc.up.pt\/coalmine\/wp-json\/wp\/v2\/pages\/142"}],"collection":[{"href":"https:\/\/www.fc.up.pt\/coalmine\/wp-json\/wp\/v2\/pages"}],"about":[{"href":"https:\/\/www.fc.up.pt\/coalmine\/wp-json\/wp\/v2\/types\/page"}],"author":[{"embeddable":true,"href":"https:\/\/www.fc.up.pt\/coalmine\/wp-json\/wp\/v2\/users\/1"}],"replies":[{"embeddable":true,"href":"https:\/\/www.fc.up.pt\/coalmine\/wp-json\/wp\/v2\/comments?post=142"}],"version-history":[{"count":1,"href":"https:\/\/www.fc.up.pt\/coalmine\/wp-json\/wp\/v2\/pages\/142\/revisions"}],"predecessor-version":[{"id":343,"href":"https:\/\/www.fc.up.pt\/coalmine\/wp-json\/wp\/v2\/pages\/142\/revisions\/343"}],"wp:attachment":[{"href":"https:\/\/www.fc.up.pt\/coalmine\/wp-json\/wp\/v2\/media?parent=142"}],"curies":[{"name":"wp","href":"https:\/\/api.w.org\/{rel}","templated":true}]}}