{"id":138,"date":"2018-12-07T15:05:51","date_gmt":"2018-12-07T15:05:51","guid":{"rendered":"https:\/\/projectcoalmine.wordpress.com\/?page_id=138"},"modified":"2019-01-22T15:52:23","modified_gmt":"2019-01-22T15:52:23","slug":"polo-porto","status":"publish","type":"page","link":"https:\/\/www.fc.up.pt\/coalmine\/polo-porto\/","title":{"rendered":"ICT Polo do Porto"},"content":{"rendered":"<p>Membros da Equipa de trabalho:<\/p>\n<p><a href=\"http:\/\/www.i-c-t.pt\/g3\/index.php\/deolindaflores\/\">Professora Doutora Deolinda Maria dos Santos Flores Marcelo da Fonseca<\/a><\/p>\n<p><a href=\"http:\/\/www.i-c-t.pt\/g3\/index.php\/joana-ribeiro\/\">Doutora Joana Paula Machado Ribeiro<\/a><\/p>\n<p><a href=\"http:\/\/www.i-c-t.pt\/g3\/index.php\/ana-teodoro\/\">Doutora Ana Cl\u00e1udia Moreira Teodoro<\/a><\/p>\n<p><a href=\"http:\/\/www.i-c-t.pt\/g3\/index.php\/liaduarte\/\">Doutora Lia B\u00e1rbara Cunha Barata Duarte<\/a><\/p>\n<p><a href=\"http:\/\/www.i-c-t.pt\/g5\/index.php\/jorge-marques\/\">Doutor Jorge Manuel Espinha Marques<\/a><\/p>\n<p>Doutora Patr\u00edcia Alexandra Moreira dos Santos<\/p>\n<p>Dr. Jo\u00e3o Pedro Ramalheira Rocha<\/p>\n<p><img decoding=\"async\" loading=\"lazy\" class=\"alignnone size-full wp-image-297\" src=\"https:\/\/www.fc.up.pt\/coalmine\/wp-content\/uploads\/2019\/01\/Logos_Final.jpg\" alt=\"\" width=\"1871\" height=\"189\" srcset=\"https:\/\/www.fc.up.pt\/coalmine\/wp-content\/uploads\/2019\/01\/Logos_Final.jpg 1871w, https:\/\/www.fc.up.pt\/coalmine\/wp-content\/uploads\/2019\/01\/Logos_Final-300x30.jpg 300w, https:\/\/www.fc.up.pt\/coalmine\/wp-content\/uploads\/2019\/01\/Logos_Final-768x78.jpg 768w, https:\/\/www.fc.up.pt\/coalmine\/wp-content\/uploads\/2019\/01\/Logos_Final-1024x103.jpg 1024w, https:\/\/www.fc.up.pt\/coalmine\/wp-content\/uploads\/2019\/01\/Logos_Final-685x69.jpg 685w\" sizes=\"(max-width: 1871px) 100vw, 1871px\" \/><\/p>\n","protected":false},"excerpt":{"rendered":"<p>Membros da Equipa de trabalho: Professora Doutora Deolinda Maria dos Santos Flores Marcelo da Fonseca Doutora Joana Paula Machado Ribeiro Doutora Ana Cl\u00e1udia Moreira Teodoro Doutora Lia B\u00e1rbara Cunha Barata Duarte Doutor Jorge Manuel Espinha Marques Doutora Patr\u00edcia Alexandra Moreira dos Santos Dr. Jo\u00e3o Pedro Ramalheira Rocha<\/p>\n","protected":false},"author":1,"featured_media":0,"parent":0,"menu_order":0,"comment_status":"closed","ping_status":"closed","template":"","meta":{"spay_email":""},"_links":{"self":[{"href":"https:\/\/www.fc.up.pt\/coalmine\/wp-json\/wp\/v2\/pages\/138"}],"collection":[{"href":"https:\/\/www.fc.up.pt\/coalmine\/wp-json\/wp\/v2\/pages"}],"about":[{"href":"https:\/\/www.fc.up.pt\/coalmine\/wp-json\/wp\/v2\/types\/page"}],"author":[{"embeddable":true,"href":"https:\/\/www.fc.up.pt\/coalmine\/wp-json\/wp\/v2\/users\/1"}],"replies":[{"embeddable":true,"href":"https:\/\/www.fc.up.pt\/coalmine\/wp-json\/wp\/v2\/comments?post=138"}],"version-history":[{"count":2,"href":"https:\/\/www.fc.up.pt\/coalmine\/wp-json\/wp\/v2\/pages\/138\/revisions"}],"predecessor-version":[{"id":337,"href":"https:\/\/www.fc.up.pt\/coalmine\/wp-json\/wp\/v2\/pages\/138\/revisions\/337"}],"wp:attachment":[{"href":"https:\/\/www.fc.up.pt\/coalmine\/wp-json\/wp\/v2\/media?parent=138"}],"curies":[{"name":"wp","href":"https:\/\/api.w.org\/{rel}","templated":true}]}}