{"id":90,"date":"2022-06-09T19:00:42","date_gmt":"2022-06-09T18:00:42","guid":{"rendered":"https:\/\/www.fc.up.pt\/Ilustracao_Cientifica\/?page_id=90"},"modified":"2025-04-06T18:06:27","modified_gmt":"2025-04-06T17:06:27","slug":"candidaturas","status":"publish","type":"page","link":"https:\/\/www.fc.up.pt\/Ilustracao_Cientifica\/candidaturas\/","title":{"rendered":"Candidaturas"},"content":{"rendered":"\n<figure class=\"wp-block-image\"><img decoding=\"async\" loading=\"lazy\" width=\"1024\" height=\"345\" src=\"https:\/\/www.fc.up.pt\/Ilustracao_Cientifica\/wp-content\/uploads\/2018\/06\/Candidaturas-2018.jpg\" alt=\"\" class=\"wp-image-373\" srcset=\"https:\/\/www.fc.up.pt\/Ilustracao_Cientifica\/wp-content\/uploads\/2018\/06\/Candidaturas-2018.jpg 1024w, https:\/\/www.fc.up.pt\/Ilustracao_Cientifica\/wp-content\/uploads\/2018\/06\/Candidaturas-2018-300x101.jpg 300w, https:\/\/www.fc.up.pt\/Ilustracao_Cientifica\/wp-content\/uploads\/2018\/06\/Candidaturas-2018-768x259.jpg 768w\" sizes=\"(max-width: 706px) 89vw, (max-width: 767px) 82vw, 740px\" \/><\/figure>\n\n\n\n<p><strong><span style=\"color: #ff0000;\">CANDIDATURAS 2025-2026 <\/span><\/strong><\/p>\n\n\n\n<p> <strong>1\u00aa FASE de 24\/03\/2025 at\u00e9 31\/03\/202<\/strong>5<\/p>\n\n\n\n<p><strong>2\u00aa FASE de <\/strong>11\/06\/2025 at\u00e9<strong> 14\/07\/2025<\/strong><\/p>\n\n\n\n<p><strong>3\u00aa FASE de <\/strong>04\/09\/2025 at\u00e9 15\/09\/20<strong>25<\/strong><\/p>\n\n\n\n<p>In\u00edcio do Curso: Outubro 2025<\/p>\n\n\n\n<p><\/p>\n\n\n\n<p><span style=\"color: #ff0000;\"><strong>DESTINAT\u00c1RIOS<\/strong><\/span><\/p>\n\n\n\n<p>O Curso tem como destinat\u00e1rios todos aqueles que se interessam pela Ilustra\u00e7\u00e3o Cient\u00edfica e desejam enveredar por uma carreira na \u00e1rea \u2014 seja na articula\u00e7\u00e3o com trabalhos de investiga\u00e7\u00e3o na \u00e1rea das Ci\u00eancias Naturais, divulga\u00e7\u00e3o da ci\u00eancia e aplica\u00e7\u00e3o editorial \u2014 ou simplesmente desenvolver as suas compet\u00eancias no tema, quer por necessidade profissional, quer por gosto pessoal.<\/p>\n\n\n\n<p><strong><span style=\"color: #ff0000;\">CONDI\u00c7\u00d5ES ESPEC\u00cdFICAS DE ACESSO<\/span><\/strong><\/p>\n\n\n\n<p>Detentores do grau de Licenciatura, Mestrado ou Doutoramento em qualquer \u00e1rea, e outros candidatos que demonstrem j\u00e1 m\u00e9rito na \u00e1rea da Ilustra\u00e7\u00e3o Cient\u00edfica.<\/p>\n\n\n<section class=\"parallax-section\"><div class=\"parallax-window\" data-z-index=\"1\" data-position-x=\"left\" data-parallax=\"scroll\" data-speed=\".2\" data-image-src=\"https:\/\/www.fc.up.pt\/Ilustracao_Cientifica\/wp-content\/uploads\/2022\/06\/Helena_HomoS.jpg\" style=\"align-items: flex-start;min-height: 500px;\"><div class=\"parallax-container parallax-content\">Helena Baptista<\/div><\/div><\/section>\n\n\n\n<p><strong><span style=\"color: #ff0000;\">SERIA\u00c7\u00c3O E SELE\u00c7\u00c3O DOS CANDIDATOS<\/span><\/strong><\/p>\n\n\n\n<p>Caso o n\u00famero de candidatos exceda o n\u00famero clausus (16), haver\u00e1 um processo de avalia\u00e7\u00e3o e seria\u00e7\u00e3o, a ser conduzido pelos membros da Comiss\u00e3o Cient\u00edfica. Este ser\u00e1 realizado em duas etapas &#8211; pr\u00e9-sele\u00e7\u00e3o e sele\u00e7\u00e3o final &#8211; e ter\u00e1 em considera\u00e7\u00e3o os seguintes aspetos:<\/p>\n\n\n\n<ul>\n<li><strong>Pr\u00e9-sele\u00e7\u00e3o<\/strong>:\n<ul>\n<li><strong>Disponibilidade e motiva\u00e7\u00e3o do candidato<\/strong> \u2013 a avaliar mediante a apresenta\u00e7\u00e3o de uma \u2018Carta de Motiva\u00e7\u00e3o\u2019 (1 p\u00e1gina A4) submetida em pdf (peso relativo na pondera\u00e7\u00e3o final: 25%);<\/li>\n\n\n\n<li><strong>M\u00e9rito do candidato<\/strong> \u2013 analisado com base no portfolio, com 4 a 8 ilustra\u00e7\u00f5es submetido (em Ficheiro Zip ou pdf, com ilustra\u00e7\u00f5es A4, digitalizadas a 200 dpis, e com o m\u00e1ximo de 10 Mb\/portof\u00f3lio (peso relativo na pondera\u00e7\u00e3o final: 50%);<\/li>\n\n\n\n<li><strong>Curriculum Vitae<\/strong> \u2013 ser\u00e1 valorizada a frequ\u00eancia anterior de Forma\u00e7\u00f5es em Ilustra\u00e7\u00e3o Cient\u00edfica e a participa\u00e7\u00e3o anterior em Projetos Expositivos de Ilustra\u00e7\u00e3o Cient\u00edfica e em outras iniciativas de alguma forma relacionadas com a Ilustra\u00e7\u00e3o Cient\u00edfica (peso relativo na pondera\u00e7\u00e3o final: 25%). <\/li>\n<\/ul>\n<\/li>\n<\/ul>\n\n\n\n<div>Da avalia\u00e7\u00e3o da pr\u00e9-sele\u00e7\u00e3o sair\u00e1 uma lista de resultados provis\u00f3rios.\n<p>&nbsp;<\/p>\n<\/div>\n\n\n\n<ul>\n<li><strong>Sele\u00e7\u00e3o final:<\/strong><br>Os candidatos pr\u00e9-selecionados realizar\u00e3o uma entrevista (Audi\u00eancia Pr\u00e9via) com membros da Comiss\u00e3o Cient\u00edfica, das quais sair\u00e1 a lista final de selecionados que poder\u00e3o frequentar o curso nesse ano letivo.  A entrevista pretende aferir, nos candidatos:<\/li>\n<\/ul>\n\n\n\n<ul>\n<li>A pr\u00e1tica da ilustra\u00e7\u00e3o (peso relativo na pondera\u00e7\u00e3o final: 25%);<\/li>\n\n\n\n<li>O grau de conhecimento sobre a ilustra\u00e7\u00e3o cient\u00edfica nas ci\u00eancias naturais (peso relativo na pondera\u00e7\u00e3o final: 25%);<\/li>\n\n\n\n<li>As capacidades comunicativas e de trabalho coletivo adequadas ao curso (peso relativo na pondera\u00e7\u00e3o final: 25%);<\/li>\n\n\n\n<li>A prepara\u00e7\u00e3o para colaborar, como ilustrador, em equipas pluridisciplinares no campo da investiga\u00e7\u00e3o e divulga\u00e7\u00e3o da ci\u00eancia (peso relativo na pondera\u00e7\u00e3o final: 25%)<\/li>\n<\/ul>\n\n\n<section class=\"parallax-section\"><div class=\"parallax-window\" data-z-index=\"1\" data-position-x=\"left\" data-parallax=\"scroll\" data-speed=\".2\" data-image-src=\"https:\/\/www.fc.up.pt\/Ilustracao_Cientifica\/wp-content\/uploads\/2022\/06\/Helena_AureliaS.jpg\" style=\"align-items: flex-start;min-height: 500px;\"><div class=\"parallax-container parallax-content\">Helena Baptista<\/div><\/div><\/section>\n\n\n\n<p><span style=\"color: #ff0000;\"><strong>PRAZOS DE CANDIDATURA E INSCRI\u00c7\u00c3O<\/strong><\/span><\/p>\n\n\n\n<ul>\n<li><a href=\"https:\/\/sigarra.up.pt\/fcup\/pt\/cur_geral.cur_view?pv_ano_lectivo=2018&amp;pv_origem=CUR&amp;pv_tipo_cur_sigla=E&amp;pv_curso_id=17101\">Ano letivo 2025\/2026\u00a0\u00a0<\/a><\/li>\n<\/ul>\n\n\n\n<p><\/p>\n\n\n\n<figure class=\"wp-block-table\"><table><tbody><tr><td>&nbsp;In\u00edcio da atividade letiva do Curso de Especializa\u00e7\u00e3o U.Porto <\/td><\/tr><tr><td>\u00a01\u00ba Semestre: 02\/10\/2025<\/td><\/tr><tr><td>\u00a02\u00ba Semestre: 12\/02\/2026<\/td><\/tr><\/tbody><\/table><\/figure>\n\n\n\n<p><\/p>\n\n\n\n<p><\/p>\n\n\n\n<p><strong><span style=\"color: #ff0000;\">INSCRI\u00c7\u00d5ES<\/span><\/strong><\/p>\n\n\n\n<p>A inscri\u00e7\u00e3o decorre nos servi\u00e7os de Forma\u00e7\u00e3o Cont\u00ednua da Faculdade de Ci\u00eancias da Universidade do Porto (p\u00e1gina web: <a href=\"https:\/\/sigarra.up.pt\/fcup\/pt\/cand_geral.concursos_cand_abertos_view?pv_curso_id=17101\">FCUP &#8211; Concursos de ingresso<\/a><\/p>\n\n\n\n<p> email: <a href=\"mailto:formacao.continua@fc.up.pt\">formacao.continua@fc.up.pt<\/a>).<\/p>\n\n\n\n<p><strong><span style=\"color: #ff0000;\">PROPINAS<\/span><\/strong><\/p>\n\n\n\n<p>O valor da inscri\u00e7\u00e3o no curso completo \u00e9 de 1.550\u20ac.<br>Inscri\u00e7\u00e3o em unidades curriculares singulares: 250\u20ac por unidade curricular.<\/p>\n\n\n\n<p><strong><span style=\"color: #ff0000;\">VAGAS<\/span><\/strong><\/p>\n\n\n\n<p>Em cada ano letivo o n\u00ba m\u00e1ximo de estudantes \u00e9 de 16, e o n\u00ba m\u00ednimo \u00e9 de 12.<\/p>\n","protected":false},"excerpt":{"rendered":"<p>CANDIDATURAS 2025-2026 1\u00aa FASE de 24\/03\/2025 at\u00e9 31\/03\/2025 2\u00aa FASE de 11\/06\/2025 at\u00e9 14\/07\/2025 3\u00aa FASE de 04\/09\/2025 at\u00e9 15\/09\/2025 In\u00edcio do Curso: Outubro 2025 DESTINAT\u00c1RIOS O Curso tem como destinat\u00e1rios todos aqueles que se interessam pela Ilustra\u00e7\u00e3o Cient\u00edfica e desejam enveredar por uma carreira na \u00e1rea \u2014 seja na articula\u00e7\u00e3o com trabalhos de investiga\u00e7\u00e3o &hellip; <\/p>\n<p class=\"link-more\"><a href=\"https:\/\/www.fc.up.pt\/Ilustracao_Cientifica\/candidaturas\/\" class=\"more-link\">Continue reading<span class=\"screen-reader-text\"> &#8220;Candidaturas&#8221;<\/span><\/a><\/p>\n","protected":false},"author":1,"featured_media":477,"parent":0,"menu_order":7,"comment_status":"closed","ping_status":"closed","template":"","meta":{"jetpack_post_was_ever_published":false},"jetpack_sharing_enabled":true,"jetpack_shortlink":"https:\/\/wp.me\/P9YWf3-1s","_links":{"self":[{"href":"https:\/\/www.fc.up.pt\/Ilustracao_Cientifica\/wp-json\/wp\/v2\/pages\/90"}],"collection":[{"href":"https:\/\/www.fc.up.pt\/Ilustracao_Cientifica\/wp-json\/wp\/v2\/pages"}],"about":[{"href":"https:\/\/www.fc.up.pt\/Ilustracao_Cientifica\/wp-json\/wp\/v2\/types\/page"}],"author":[{"embeddable":true,"href":"https:\/\/www.fc.up.pt\/Ilustracao_Cientifica\/wp-json\/wp\/v2\/users\/1"}],"replies":[{"embeddable":true,"href":"https:\/\/www.fc.up.pt\/Ilustracao_Cientifica\/wp-json\/wp\/v2\/comments?post=90"}],"version-history":[{"count":32,"href":"https:\/\/www.fc.up.pt\/Ilustracao_Cientifica\/wp-json\/wp\/v2\/pages\/90\/revisions"}],"predecessor-version":[{"id":644,"href":"https:\/\/www.fc.up.pt\/Ilustracao_Cientifica\/wp-json\/wp\/v2\/pages\/90\/revisions\/644"}],"wp:featuredmedia":[{"embeddable":true,"href":"https:\/\/www.fc.up.pt\/Ilustracao_Cientifica\/wp-json\/wp\/v2\/media\/477"}],"wp:attachment":[{"href":"https:\/\/www.fc.up.pt\/Ilustracao_Cientifica\/wp-json\/wp\/v2\/media?parent=90"}],"curies":[{"name":"wp","href":"https:\/\/api.w.org\/{rel}","templated":true}]}}