{"id":86,"date":"2022-06-09T19:00:58","date_gmt":"2022-06-09T18:00:58","guid":{"rendered":"https:\/\/www.fc.up.pt\/Ilustracao_Cientifica\/?page_id=86"},"modified":"2023-08-02T18:29:19","modified_gmt":"2023-08-02T17:29:19","slug":"plano-de-estudos","status":"publish","type":"page","link":"https:\/\/www.fc.up.pt\/Ilustracao_Cientifica\/plano-de-estudos\/","title":{"rendered":"Plano de Estudos"},"content":{"rendered":"\n<p><span style=\"color: #ff0000;\"><strong><span style=\"color: #333333;\">Curso de Especializa\u00e7\u00e3o &#8211; Programa Sum\u00e1rio<\/span><\/strong><\/span><\/p>\n\n\n<section class=\"parallax-section\"><div class=\"parallax-window\" data-z-index=\"1\" data-position-x=\"left\" data-parallax=\"scroll\" data-speed=\".3\" data-image-src=\"https:\/\/www.fc.up.pt\/Ilustracao_Cientifica\/wp-content\/uploads\/2022\/06\/Isabel_CardoS.jpg\" style=\"align-items: flex-start;min-height: 500px;\"><div class=\"parallax-container parallax-content\">Isabel Leal<\/div><\/div><\/section>\n\n\n\n<p><p style=\"margin-top:30px;\"><strong><span style=\"color: #ff0000;\">Fundamentos em Ci\u00eancias Naturais<\/span><\/strong><br><span style=\"color: #333333;\"><strong>Docente Respons\u00e1vel: Maria Jo\u00e3o Santos<\/strong><\/span><\/p><\/p>\n\n\n\n<p><span style=\"color: #000000;\">Conceitos b\u00e1sicos de Biologia e Geologia mais importantes usados na conce\u00e7\u00e3o de qualquer ilustra\u00e7\u00e3o em Ci\u00eancias Naturais. Os alunos conhecer\u00e3o os principais grupos taxon\u00f3micos de organismos (animais e vegetais), os seus principais registos f\u00f3sseis, e as principais caracter\u00edsticas utilizadas em qualquer registo de ilustra\u00e7\u00e3o cient\u00edfica.<\/span><\/p>\n\n\n<section class=\"parallax-section\"><div class=\"parallax-window\" data-z-index=\"1\" data-position-x=\"left\" data-parallax=\"scroll\" data-speed=\".3\" data-image-src=\"https:\/\/www.fc.up.pt\/Ilustracao_Cientifica\/wp-content\/uploads\/2022\/06\/Tania_PrunusS.jpg\" style=\"align-items: flex-start;min-height: 500px;\"><div class=\"parallax-container parallax-content\">T\u00e2nia Pinto<\/div><\/div><\/section>\n\n\n\n<p><strong><span style=\"color: #ff0000;\">Hist\u00f3ria da Ilustra\u00e7\u00e3o Cient\u00edfica<\/span><\/strong><br><span style=\"color: #333333;\"><strong>Docente Respons\u00e1vel: Helena Baptista<\/strong><\/span><\/p>\n\n\n\n<p><span style=\"color: #333333;\">Constitui o primeiro enquadramento ao dom\u00ednio da Ilustra\u00e7\u00e3o Cient\u00edfica, fazendo uma revisita\u00e7\u00e3o hist\u00f3rica da mesma, considerando diferentes per\u00edodos temporais\/taxa, e as diferentes t\u00e9cnicas de impress\u00e3o que foram sendo utilizadas ao longo do tempo.<\/span><\/p>\n\n\n<section class=\"parallax-section\"><div class=\"parallax-window\" data-z-index=\"1\" data-position-x=\"left\" data-parallax=\"scroll\" data-speed=\".3\" data-image-src=\"https:\/\/www.fc.up.pt\/Ilustracao_Cientifica\/wp-content\/uploads\/2022\/06\/MarciaVenancio_CobraS.jpg\" style=\"align-items: flex-start;min-height: 500px;\"><div class=\"parallax-container parallax-content\">M\u00e1rcia Ven\u00e2ncio<\/div><\/div><\/section>\n\n\n\n<p><p style=\"margin-top:30px;\"><span style=\"color: #ff0000;\"><strong>Introdu\u00e7\u00e3o \u00e0 Ilustra\u00e7\u00e3o Cient\u00edfica<\/strong><\/span><br><span style=\"color: #333333;\"><strong>Docente Respons\u00e1vel: Tatiana Moes<\/strong><\/span><\/p><\/p>\n\n\n\n<p><span style=\"color: #333333;\">Pretende introduzir os estudantes no campo alargado do Desenho como instrumento privilegiado de desenvolvimento de Ilustra\u00e7\u00e3o, adquirindo compet\u00eancias de perce\u00e7\u00e3o, observa\u00e7\u00e3o, representa\u00e7\u00e3o e comunica\u00e7\u00e3o, fundamentais para a pr\u00e1tica da ilustra\u00e7\u00e3o.<\/span><\/p>\n\n\n<section class=\"parallax-section\"><div class=\"parallax-window\" data-z-index=\"1\" data-position-x=\"left\" data-parallax=\"scroll\" data-speed=\".3\" data-image-src=\"https:\/\/www.fc.up.pt\/Ilustracao_Cientifica\/wp-content\/uploads\/2022\/06\/RicardoMoura_monsteraS.jpg\" style=\"align-items: flex-start;min-height: 500px;\"><div class=\"parallax-container parallax-content\">Ricardo Moura<\/div><\/div><\/section>\n\n\n\n<p><p style=\"margin-top:30px;\"><strong><span style=\"color: #ff0000;\"><\/span><span style=\"color: #ff0000;\">T\u00e9cnicas de Ilustra\u00e7\u00e3o Cient\u00edfica a Preto e Branco<\/span><\/strong><br><strong>Docente Respons\u00e1vel: <span style=\"color: #333333;\">Helena Baptista<\/span><\/strong><\/p><\/p>\n\n\n\n<p>Aquisi\u00e7\u00e3o de compet\u00eancias em t\u00e9cnicas de ilustra\u00e7\u00e3o em preto e branco, partindo da observa\u00e7\u00e3o cr\u00edtica de trabalhos de profissionais de refer\u00eancia, seguida de demonstra\u00e7\u00e3o pr\u00e1tica de cada t\u00e9cnica e conhecimento dos respectivos materiais e metodologias no desenvolvimento de todo o processo preliminar e artes finais em projetos de ilustra\u00e7\u00e3o cient\u00edfica.<\/p>\n\n\n<section class=\"parallax-section\"><div class=\"parallax-window\" data-z-index=\"1\" data-position-x=\"left\" data-parallax=\"scroll\" data-speed=\".3\" data-image-src=\"https:\/\/www.fc.up.pt\/Ilustracao_Cientifica\/wp-content\/uploads\/2022\/06\/InesRibeiro_S.jpg\" style=\"align-items: flex-start;min-height: 500px;\"><div class=\"parallax-container parallax-content\">In\u00eas Ribeiro<\/div><\/div><\/section>\n\n\n\n<p><p style=\"margin-top:30px;\"><strong><span style=\"color: #ff0000;\">Fotografia e Desenho Cient\u00edfico de Campo e de Laborat\u00f3rio<\/span><\/strong><br><strong>Docente Respons\u00e1vel: <span style=\"color: #333333;\">Isabel Leal<\/span><\/strong><\/p><\/p>\n\n\n\n<p>Estar\u00e1 organizada num conjunto de Semin\u00e1rios tem\u00e1ticos visando a aquisi\u00e7\u00e3o de conhecimentos b\u00e1sicos no \u00e2mbito da observa\u00e7\u00e3o da Vida em contexto de campo e de laborat\u00f3rio (em particular, no \u00e2mbito da manipula\u00e7\u00e3o de instrumenta\u00e7\u00e3o \u2013 m\u00e1quina fotogr\u00e1fica, bin\u00f3culos, telesc\u00f3pios e microsc\u00f3pio) e a pr\u00e1tica do desenho cient\u00edfico em forma de esbo\u00e7o em diferentes enquadramentos contextuais.<\/p>\n\n\n<section class=\"parallax-section\"><div class=\"parallax-window\" data-z-index=\"1\" data-position-x=\"left\" data-parallax=\"scroll\" data-speed=\".3\" data-image-src=\"https:\/\/www.fc.up.pt\/Ilustracao_Cientifica\/wp-content\/uploads\/2022\/06\/FatimaCoelho_CalappaS.jpg\" style=\"align-items: flex-start;min-height: 500px;\"><div class=\"parallax-container parallax-content\">Fatima Coelho<\/div><\/div><\/section>\n\n\n\n<p><strong><span style=\"color: #ff0000;\">T\u00e9cnicas de Ilustra\u00e7\u00e3o Cient\u00edfica a Cor<\/span><\/strong><br><strong>Docente Respons\u00e1vel: <span style=\"color: #333333;\">Isabel Leal<\/span><\/strong><\/p>\n\n\n\n<p>Aquisi\u00e7\u00e3o de compet\u00eancias em t\u00e9cnicas de ilustra\u00e7\u00e3o a cor, partindo da observa\u00e7\u00e3o cr\u00edtica de trabalhos de profissionais de refer\u00eancia, seguida de demonstra\u00e7\u00e3o pr\u00e1tica de cada t\u00e9cnica e conhecimento dos respectivos materiais e metodologias no desenvolvimento de todo o processo preliminar e artes finais em projetos de ilustra\u00e7\u00e3o cient\u00edfica.<\/p>\n\n\n<section class=\"parallax-section\"><div class=\"parallax-window\" data-z-index=\"1\" data-position-x=\"left\" data-parallax=\"scroll\" data-speed=\".3\" data-image-src=\"https:\/\/www.fc.up.pt\/Ilustracao_Cientifica\/wp-content\/uploads\/2022\/06\/CatarinaCaldeira_buzioS.png\" style=\"align-items: flex-start;min-height: 500px;\"><div class=\"parallax-container parallax-content\">Catarina Caldeira<\/div><\/div><\/section>\n\n\n\n<p><p style=\"margin-top:30px;\"><strong><span style=\"color: #ff0000;\">Ilustra\u00e7\u00e3o Cient\u00edfica Digital<\/span><\/strong><br><strong>Docente Respons\u00e1vel: Paulo Lu\u00eds Almeida<\/strong><br>Aquisi\u00e7\u00e3o de compet\u00eancias em t\u00e9cnicas de ilustra\u00e7\u00e3o digital, partindo da observa\u00e7\u00e3o cr\u00edtica de trabalhos de profissionais de refer\u00eancia, seguida de demonstra\u00e7\u00e3o pr\u00e1tica, e metodologias no desenvolvimento de todo o processo preliminar e artes finais em projetos de ilustra\u00e7\u00e3o cient\u00edfica digital.<\/p><\/p>\n\n\n\n<figure class=\"wp-block-image\"><a href=\"https:\/\/www.fc.up.pt\/Ilustracao_Cientifica\/wp-content\/uploads\/2018\/06\/Plano-de-Estudos.jpg\"><img decoding=\"async\" loading=\"lazy\" width=\"2000\" height=\"1307\" src=\"https:\/\/www.fc.up.pt\/Ilustracao_Cientifica\/wp-content\/uploads\/2018\/06\/Plano-de-Estudos.jpg\" alt=\"\" class=\"wp-image-214\" srcset=\"https:\/\/www.fc.up.pt\/Ilustracao_Cientifica\/wp-content\/uploads\/2018\/06\/Plano-de-Estudos.jpg 2000w, https:\/\/www.fc.up.pt\/Ilustracao_Cientifica\/wp-content\/uploads\/2018\/06\/Plano-de-Estudos-300x196.jpg 300w, https:\/\/www.fc.up.pt\/Ilustracao_Cientifica\/wp-content\/uploads\/2018\/06\/Plano-de-Estudos-768x502.jpg 768w, https:\/\/www.fc.up.pt\/Ilustracao_Cientifica\/wp-content\/uploads\/2018\/06\/Plano-de-Estudos-1024x669.jpg 1024w\" sizes=\"(max-width: 706px) 89vw, (max-width: 767px) 82vw, 740px\" \/><\/a><\/figure>\n","protected":false},"excerpt":{"rendered":"<p>Curso de Especializa\u00e7\u00e3o &#8211; Programa Sum\u00e1rio Fundamentos em Ci\u00eancias NaturaisDocente Respons\u00e1vel: Maria Jo\u00e3o Santos Conceitos b\u00e1sicos de Biologia e Geologia mais importantes usados na conce\u00e7\u00e3o de qualquer ilustra\u00e7\u00e3o em Ci\u00eancias Naturais. Os alunos conhecer\u00e3o os principais grupos taxon\u00f3micos de organismos (animais e vegetais), os seus principais registos f\u00f3sseis, e as principais caracter\u00edsticas utilizadas em qualquer &hellip; <\/p>\n<p class=\"link-more\"><a href=\"https:\/\/www.fc.up.pt\/Ilustracao_Cientifica\/plano-de-estudos\/\" class=\"more-link\">Continue reading<span class=\"screen-reader-text\"> &#8220;Plano de Estudos&#8221;<\/span><\/a><\/p>\n","protected":false},"author":1,"featured_media":477,"parent":0,"menu_order":5,"comment_status":"closed","ping_status":"closed","template":"","meta":{"jetpack_post_was_ever_published":false},"jetpack_sharing_enabled":false,"jetpack_shortlink":"https:\/\/wp.me\/P9YWf3-1o","_links":{"self":[{"href":"https:\/\/www.fc.up.pt\/Ilustracao_Cientifica\/wp-json\/wp\/v2\/pages\/86"}],"collection":[{"href":"https:\/\/www.fc.up.pt\/Ilustracao_Cientifica\/wp-json\/wp\/v2\/pages"}],"about":[{"href":"https:\/\/www.fc.up.pt\/Ilustracao_Cientifica\/wp-json\/wp\/v2\/types\/page"}],"author":[{"embeddable":true,"href":"https:\/\/www.fc.up.pt\/Ilustracao_Cientifica\/wp-json\/wp\/v2\/users\/1"}],"replies":[{"embeddable":true,"href":"https:\/\/www.fc.up.pt\/Ilustracao_Cientifica\/wp-json\/wp\/v2\/comments?post=86"}],"version-history":[{"count":49,"href":"https:\/\/www.fc.up.pt\/Ilustracao_Cientifica\/wp-json\/wp\/v2\/pages\/86\/revisions"}],"predecessor-version":[{"id":602,"href":"https:\/\/www.fc.up.pt\/Ilustracao_Cientifica\/wp-json\/wp\/v2\/pages\/86\/revisions\/602"}],"wp:featuredmedia":[{"embeddable":true,"href":"https:\/\/www.fc.up.pt\/Ilustracao_Cientifica\/wp-json\/wp\/v2\/media\/477"}],"wp:attachment":[{"href":"https:\/\/www.fc.up.pt\/Ilustracao_Cientifica\/wp-json\/wp\/v2\/media?parent=86"}],"curies":[{"name":"wp","href":"https:\/\/api.w.org\/{rel}","templated":true}]}}